{"id":3547,"date":"2023-04-13T11:00:10","date_gmt":"2023-04-13T11:00:10","guid":{"rendered":"https:\/\/wisetg.com\/ueber-uns"},"modified":"2024-03-15T11:09:02","modified_gmt":"2024-03-15T11:09:02","slug":"ueber-uns","status":"publish","type":"page","link":"https:\/\/wisetg.com\/de\/ueber-uns","title":{"rendered":"\u00dcber uns"},"content":{"rendered":"<section class=\"l-section wpb_row us_custom_b99d7e5b theme__row row__shape-divider height_custom color_alternate with_img with_shape\"><div class=\"l-section-img\" data-img-width=\"1920\" data-img-height=\"640\" style=\"background-image: url(https:\/\/wisetg.com\/wp-content\/uploads\/2023\/04\/about-us__hero__01__web.webp);background-repeat: no-repeat;\"><\/div><div class=\"l-section-overlay\" style=\"background:var(--color-alt-content-overlay)\"><\/div><div class=\"l-section-shape type_tilt pos_bottom\" style=\"height:;\"><svg xmlns=\"http:\/\/www.w3.org\/2000\/svg\" viewBox=\"0 0 64 8\" preserveAspectRatio=\"none\" width=\"100%\" height=\"100%\">\r\n\t<path fill=\"currentColor\" d=\"M64 7.9 L64 10 L0 10 L0 0 Z\"\/>\r\n<\/svg><\/div><div class=\"l-section-h i-cf\"><div class=\"g-cols vc_row via_flex valign_top type_default stacking_default\"><div class=\"vc_col-sm-12 wpb_column vc_column_container\"><div class=\"vc_column-inner\"><div class=\"wpb_wrapper\"><div class=\"g-cols wpb_row via_flex valign_top type_default stacking_default\"><div class=\"vc_col-sm-12 wpb_column vc_column_container\"><div class=\"vc_column-inner\"><div class=\"wpb_wrapper\"><h1 class=\"w-post-elm post_title theme__post-title post-title__h1 theme__stylized entry-title color_link_inherit\">\u00dcber uns<\/h1><\/div><\/div><\/div><\/div><\/div><\/div><\/div><\/div><\/div><\/section>\n<section class=\"l-section wpb_row us_custom_5c06237d height_custom\"><div class=\"l-section-h i-cf\"><div class=\"g-cols vc_row via_flex valign_top type_default stacking_default\"><div class=\"vc_col-sm-12 wpb_column vc_column_container\"><div class=\"vc_column-inner\"><div class=\"wpb_wrapper\"><div class=\"g-cols wpb_row via_flex valign_top type_default stacking_default\"><div class=\"vc_col-sm-6 wpb_column vc_column_container\"><div class=\"vc_column-inner\"><div class=\"wpb_wrapper\"><h2 class=\"w-text theme__text text__h2 theme__stylized\"><span class=\"w-text-h\"><span class=\"w-text-value\">Wer wir sind<\/span><\/span><\/h2><div class=\"wpb_text_column\"><div class=\"wpb_wrapper\"><p><b>WISE TRADING GROUP: Ihr internationaler Gro\u00dfh\u00e4ndler f\u00fcr FMCG-Produkte der Top-Marken<\/b><\/p>\n<p>Als vertrauensw\u00fcrdiger internationaler Gro\u00dfh\u00e4ndler liefert die WISE TRADING GROUP ein umfassendes Sortiment an Getr\u00e4nken, Lebensmitteln, Haushaltswaren, K\u00f6rperpflegeprodukten und Dienstleistungen von unseren Vertriebszentren in Litauen, der Ukraine und den Niederlanden. Wir bieten auch Eigenmarkenprodukte an \u2013 Mehl, Suppen, Trockenfr\u00fcchte und N\u00fcsse. Das Sortiment wird aufgrund der Marktnachfrage st\u00e4ndig mit der Einf\u00fchrung neuer Waren erweitert.<\/p>\n<p>Unser engagiertes mehrsprachiges Team gew\u00e4hrleistet schnelle und qualitativ hochwertige Handelsdienstleistungen von der Anfrage bis zur Lieferung. Mithilfe unserer eigenen IT-Plattform optimieren wir den gesamten Lieferkettenprozess f\u00fcr eine nahtlose Anpassung.<\/p>\n<p>Bei der WISE TRADING GROUP w\u00e4hlen wir Lieferanten sorgf\u00e4ltig aus, um eine globale Auswahl einzigartiger und erstklassiger Marken zusammenzustellen und wettbewerbsf\u00e4hige und flexible Preise anzubieten. Das geografische Netzwerk unserer Lieferanten ist breit gef\u00e4chert \u2013 wir f\u00fchren Getr\u00e4nke und Snacks nicht nur aus Europa, sondern auch aus den USA, Japan, Vietnam und Korea und es w\u00e4chst dank der kontinuierlichen Suche nach neuen Produkten. Wir priorisieren kundenorientierte L\u00f6sungen f\u00fcr nationale und internationale H\u00e4ndler, gro\u00dfe Einzelhandelsketten, Cash &amp; Carry-Filialen und Fachgesch\u00e4fte.<\/p>\n<p>Werden Sie Teil unseres schnell wachsenden internationalen Teams und kn\u00fcpfen Sie erfolgreiche Partnerschaften. Kontaktieren Sie uns noch heute f\u00fcr au\u00dfergew\u00f6hnliche Angebote und Service.<\/p>\n<\/div><\/div><div class=\"w-tabs us_custom_a97935af theme__accordion style_default switch_click accordion\"><div class=\"w-tabs-sections titles-align_none icon_chevron cpos_right\"><div class=\"w-tabs-section\" id=\"r931\"><button class=\"w-tabs-section-header\" aria-controls=\"content-r931\" aria-expanded=\"false\"><h2 class=\"w-tabs-section-title\">Mission<\/h2><div class=\"w-tabs-section-control\"><\/div><\/button><div  class=\"w-tabs-section-content\" id=\"content-r931\"><div class=\"w-tabs-section-content-h i-cf\"><div class=\"wpb_text_column\"><div class=\"wpb_wrapper\"><p>\u00dcbertreffen Sie die Erwartungen Ihrer Kunden stets, indem Sie eine vielf\u00e4ltige Produktauswahl zu wettbewerbsf\u00e4higen Preisen anbieten und gleichzeitig durch unser sachkundiges und freundliches Personal ein unvergleichliches Einkaufserlebnis bieten. Dar\u00fcber hinaus sind wir bestrebt, langfristige Beziehungen zu unseren Lieferanten, H\u00e4ndlern und Partnern aufzubauen, um die Nachhaltigkeit unseres Gesch\u00e4fts sicherzustellen.<\/p>\n<\/div><\/div><\/div><\/div><\/div><div class=\"w-tabs-section\" id=\"ra0f\"><button class=\"w-tabs-section-header\" aria-controls=\"content-ra0f\" aria-expanded=\"false\"><h2 class=\"w-tabs-section-title\">Vision<\/h2><div class=\"w-tabs-section-control\"><\/div><\/button><div  class=\"w-tabs-section-content\" id=\"content-ra0f\"><div class=\"w-tabs-section-content-h i-cf\"><div class=\"wpb_text_column\"><div class=\"wpb_wrapper\"><p>Bis 2033 wird die Wise Trading Group einen Umsatz von 100 Millionen Euro erzielen, was das Wachstum vorantreibt und M\u00f6glichkeiten f\u00fcr FMCG-Innovationen in Europa, Asien und Afrika er\u00f6ffnet.<\/p>\n<\/div><\/div><\/div><\/div><\/div><\/div><\/div><\/div><\/div><\/div><div class=\"vc_col-sm-6 wpb_column vc_column_container\"><div class=\"vc_column-inner\"><div class=\"wpb_wrapper\"><div class=\"w-video align_none ratio_16x9 has_iframe\"><div class=\"w-video-h\"><iframe title=\"Youtube video player\" src=\"\/\/www.youtube.com\/embed\/er5-xn6VpCE?origin=https:\/\/wisetg.com&controls=1\" allowfullscreen=\"1\" loading=\"lazy\"><\/iframe><\/div><div class=\"w-video-icon\" style=\"font-size:1.5rem;background:rgba(0,0,0,0.5);color:#fff\"><\/div><\/div><\/div><\/div><\/div><\/div><\/div><\/div><\/div><\/div><\/div><\/section><section class=\"l-section wpb_row us_custom_c5112300 theme__row row__shape-divider height_custom with_shape\"><div class=\"l-section-shape type_tilt pos_top hor_flip\" style=\"height:;\"><svg xmlns=\"http:\/\/www.w3.org\/2000\/svg\" viewBox=\"0 0 64 8\" preserveAspectRatio=\"none\" width=\"100%\" height=\"100%\">\r\n\t<path fill=\"currentColor\" d=\"M64 7.9 L64 10 L0 10 L0 0 Z\"\/>\r\n<\/svg><\/div><div class=\"l-section-shape type_tilt pos_bottom\" style=\"height:;color:var(--color-footer-bg)\"><svg xmlns=\"http:\/\/www.w3.org\/2000\/svg\" viewBox=\"0 0 64 8\" preserveAspectRatio=\"none\" width=\"100%\" height=\"100%\">\r\n\t<path fill=\"currentColor\" d=\"M64 7.9 L64 10 L0 10 L0 0 Z\"\/>\r\n<\/svg><\/div><div class=\"l-section-h i-cf\"><div class=\"g-cols vc_row via_flex valign_top type_default stacking_default\"><div class=\"vc_col-sm-12 wpb_column vc_column_container\"><div class=\"vc_column-inner\"><div class=\"wpb_wrapper\"><div class=\"g-cols wpb_row via_flex valign_top type_default stacking_default\"><div class=\"vc_col-sm-12 wpb_column vc_column_container\"><div class=\"vc_column-inner\"><div class=\"wpb_wrapper\"><h2 class=\"w-text theme__text text__h2 theme__stylized\"><span class=\"w-text-h\"><span class=\"w-text-value\">Unser Team<\/span><\/span><\/h2><\/div><\/div><\/div><\/div><div class=\"g-cols wpb_row us_custom_95fa5cc2 via_flex valign_top type_default stacking_default\"><div class=\"vc_col-sm-8 wpb_column vc_column_container\"><div class=\"vc_column-inner\"><div class=\"wpb_wrapper\"><div class=\"wpb_text_column\"><div class=\"wpb_wrapper\"><p>Mit einem dynamischen und mehrsprachigen Team, das \u00fcber ganz Europa verteilt ist, verf\u00fcgt unser Unternehmen \u00fcber das Fachwissen von mehr als 20 qualifizierten Spezialisten in den Bereichen Vertrieb, Einkauf und Logistik.<br \/>\nWir sind stolz darauf, ein umfangreiches Portfolio von \u00fcber 100 Top-Marken-FMCG-Produkten zu verwalten und Hunderte von Kunden in 35 L\u00e4ndern zu beliefern.<br \/>\nUnser tiefgreifendes Verst\u00e4ndnis der Lieferkettenprozesse, unser unerm\u00fcdlicher Fokus auf Kundenzufriedenheit und unsere hochmoderne webbasierte IT-Plattform machen uns zu einem vertrauensw\u00fcrdigen und zuverl\u00e4ssigen FMCG-Partner f\u00fcr alle Beteiligten.<\/p>\n<\/div><\/div><\/div><\/div><\/div><div class=\"vc_col-sm-4 vc_hidden-sm vc_hidden-xs wpb_column vc_column_container\"><div class=\"vc_column-inner\"><div class=\"wpb_wrapper\"><div class=\"w-image align_none\"><div class=\"w-image-h\"><img decoding=\"async\" src=\"https:\/\/wisetg.com\/wp-content\/uploads\/2023\/04\/logo__wise-trading-group.svg\" class=\"attachment-full size-full\" alt=\"\" \/><\/div><\/div><\/div><\/div><\/div><\/div><div class=\"g-cols wpb_row via_flex valign_top type_default stacking_default\"><div class=\"vc_col-sm-12 wpb_column vc_column_container\"><div class=\"vc_column-inner\"><div class=\"wpb_wrapper\"><div class=\"w-grid us_custom_a97935af type_grid layout_32 hidden cols_3\" id=\"us_grid_1\" data-filterable=\"true\"><style>#us_grid_1 .w-grid-item{padding:1.5rem}#us_grid_1 .w-grid-list{margin:-1.5rem}.w-grid + #us_grid_1 .w-grid-list,.w-grid-none + #us_grid_1 .w-grid-list{margin-top:1.5rem}@media (max-width:992px){#us_grid_1 .w-grid-item{width:50%}}@media (max-width:600px){#us_grid_1 .w-grid-list{margin:0}#us_grid_1 .w-grid-item{width:100%;padding:0;margin-bottom:1.5rem}}.layout_32 .w-grid-item-h{}.layout_32 .usg_post_image_1{padding-bottom:12px!important}.layout_32 .usg_hwrapper_2{margin-top:12px!important}.layout_32 .usg_text_1{font-size:22px!important}.layout_32 .usg_text_2{font-size:22px!important}.layout_32 .usg_text_3{font-size:22px!important}.layout_32 .usg_post_custom_field_3{color:#999999!important;font-size:14px!important;margin-top:12px!important}<\/style><div class=\"w-grid-list\"><\/div><div class=\"w-grid-preloader\"><div class=\"g-preloader type_1\">\r\n\t<div><\/div>\r\n<\/div>\r\n<\/div>\t<div class=\"w-grid-json hidden\" onclick='return {&quot;action&quot;:&quot;us_ajax_grid&quot;,&quot;ajax_url&quot;:&quot;https:\\\/\\\/wisetg.com\\\/wp-admin\\\/admin-ajax.php&quot;,&quot;infinite_scroll&quot;:0,&quot;max_num_pages&quot;:0,&quot;pagination&quot;:&quot;none&quot;,&quot;permalink_url&quot;:&quot;https:\\\/\\\/wisetg.com\\\/de\\\/wp-json\\\/wp\\\/v2\\\/pages\\\/3547&quot;,&quot;template_vars&quot;:{&quot;columns&quot;:&quot;3&quot;,&quot;exclude_items&quot;:&quot;none&quot;,&quot;img_size&quot;:&quot;full&quot;,&quot;ignore_items_size&quot;:0,&quot;items_layout&quot;:&quot;32&quot;,&quot;items_offset&quot;:&quot;1&quot;,&quot;load_animation&quot;:&quot;none&quot;,&quot;overriding_link&quot;:&quot;none&quot;,&quot;post_id&quot;:3784,&quot;query_args&quot;:{&quot;post_type&quot;:[&quot;our-team&quot;],&quot;post_status&quot;:[&quot;publish&quot;,&quot;acf-disabled&quot;],&quot;posts_per_page&quot;:999},&quot;orderby_query_args&quot;:{&quot;orderby&quot;:{&quot;post__in&quot;:&quot;ASC&quot;},&quot;order&quot;:&quot;ASC&quot;},&quot;type&quot;:&quot;grid&quot;,&quot;us_grid_ajax_index&quot;:1,&quot;us_grid_filter_params&quot;:null,&quot;us_grid_index&quot;:1,&quot;_us_grid_post_type&quot;:&quot;our-team&quot;,&quot;page_args&quot;:[],&quot;lang&quot;:&quot;de&quot;}}'><\/div>\r\n\t<\/div><div class=\"w-grid-none type_message\">Es wurden keine Ergebnisse gefunden.<\/div><\/div><\/div><\/div><\/div><\/div><\/div><\/div><\/div><\/div><\/section>\n\n","protected":false},"excerpt":{"rendered":"\u00dcber uns Wer wir sindWISE TRADING GROUP: Ihr internationaler Gro\u00dfh\u00e4ndler f\u00fcr FMCG-Produkte der Top-Marken Als vertrauensw\u00fcrdiger internationaler Gro\u00dfh\u00e4ndler liefert die WISE TRADING GROUP ein umfassendes Sortiment an Getr\u00e4nken, Lebensmitteln, Haushaltswaren, K\u00f6rperpflegeprodukten und Dienstleistungen von unseren Vertriebszentren in Litauen, der Ukraine und den Niederlanden. Wir bieten auch Eigenmarkenprodukte an \u2013 Mehl, Suppen, Trockenfr\u00fcchte und N\u00fcsse. Das...","protected":false},"author":2,"featured_media":2981,"parent":0,"menu_order":0,"comment_status":"closed","ping_status":"closed","template":"","meta":{"_acf_changed":false,"footnotes":""},"class_list":["post-3547","page","type-page","status-publish","has-post-thumbnail","hentry"],"acf":[],"_links":{"self":[{"href":"https:\/\/wisetg.com\/de\/wp-json\/wp\/v2\/pages\/3547","targetHints":{"allow":["GET"]}}],"collection":[{"href":"https:\/\/wisetg.com\/de\/wp-json\/wp\/v2\/pages"}],"about":[{"href":"https:\/\/wisetg.com\/de\/wp-json\/wp\/v2\/types\/page"}],"author":[{"embeddable":true,"href":"https:\/\/wisetg.com\/de\/wp-json\/wp\/v2\/users\/2"}],"replies":[{"embeddable":true,"href":"https:\/\/wisetg.com\/de\/wp-json\/wp\/v2\/comments?post=3547"}],"version-history":[{"count":5,"href":"https:\/\/wisetg.com\/de\/wp-json\/wp\/v2\/pages\/3547\/revisions"}],"predecessor-version":[{"id":3798,"href":"https:\/\/wisetg.com\/de\/wp-json\/wp\/v2\/pages\/3547\/revisions\/3798"}],"wp:featuredmedia":[{"embeddable":true,"href":"https:\/\/wisetg.com\/de\/wp-json\/wp\/v2\/media\/2981"}],"wp:attachment":[{"href":"https:\/\/wisetg.com\/de\/wp-json\/wp\/v2\/media?parent=3547"}],"curies":[{"name":"wp","href":"https:\/\/api.w.org\/{rel}","templated":true}]}}