{"id":3794,"date":"2023-04-14T07:16:11","date_gmt":"2023-04-14T07:16:11","guid":{"rendered":"https:\/\/wisetg.com\/cookie-policy"},"modified":"2024-03-15T11:08:13","modified_gmt":"2024-03-15T11:08:13","slug":"cookie-policy","status":"publish","type":"page","link":"https:\/\/wisetg.com\/de\/cookie-policy","title":{"rendered":"Cookie-Politik"},"content":{"rendered":"<ol>\n<li>Diese Cookie-Richtlinie gilt f\u00fcr die aktuelle Website <a href=\"https:\/\/wisetg.com\/\">www.wisetg.com<\/a>, die von der <strong>UAB WISE TRADING GROUP (auch WTG)<\/strong> betrieben wird. Wenn Sie auf dieser Website navigieren, erlauben Sie die Verwendung von Cookies in Ihrem Browser. Die WTG sammelt Informationen \u00fcber Besucher, wie IP-Adresse, Art des Webbrowsers, besuchte Seiten, verwendete Sprachen, Login und andere Informationen aus statistischen, Leistungs- und Sicherheitsgr\u00fcnden sowie zur Verbesserung der Funktionalit\u00e4t der Website.<\/li>\n<li>\n<div class=\"mb-3 fw-bold\"><strong>Was sind die Cookies<\/strong><\/div>\n<div class=\"mb-2\">Cookies sind kleine Textdateien mit bestimmten Informationen, die auf Ihrem Ger\u00e4t gespeichert werden, wenn Sie die Website besuchen. Sie werden verwendet, um die Navigation auf der Website zu verfolgen und die Nutzererfahrung zu verbessern.<\/div>\n<div class=\"mb-2\">Cookies sind Informationspakete, die von einem Webserver an den Browser des Nutzers gesendet und automatisch auf dem Computer gespeichert werden. Cookies werden an Ihren Computer gesendet, wenn Sie die Website zum ersten Mal besuchen. Sp\u00e4ter werden Cookies zur Identifizierung eines pers\u00f6nlichen Computers und zur Optimierung des Zugriffs auf die Website oder die darauf enthaltenen Informationen verwendet.<\/div>\n<div class=\"mb-2\">Cookies sind notwendig, um bestimmte Funktionen auf einer Website bereitzustellen, z. B. um die vom Nutzer getroffene Sprachauswahl beizubehalten. Cookies erm\u00f6glichen es dem Herausgeber zu erkennen, dass die Website zuvor von einem bestimmten Endger\u00e4t aufgerufen wurde, so dass wiederkehrende Besucher (bzw. deren Ger\u00e4te) identifiziert und Informationen \u00fcber ihre Nutzung der Website und ihre Pr\u00e4ferenzen gesammelt werden k\u00f6nnen. Die meisten Browser erm\u00f6glichen es den Nutzern, Cookies \u00fcber die Konfigurationseinstellungen eines Webbrowsers zu verwalten.<\/div>\n<\/li>\n<li>\n<div class=\"mb-3 fw-bold\"><strong>Arten von Cookies<\/strong><\/div>\n<ol>\n<li>\n<div class=\"mb-3 fw-bold\"><strong>Streng notwendig<\/strong><\/div>\n<ol>\n<li>\n<div class=\"mb-3 fw-bold\">Notwendige Cookies erm\u00f6glichen es, Ihre Navigation auf der Website zu verbessern und die ordnungsgem\u00e4\u00dfe Funktionalit\u00e4t und Sicherheit der Website zu gew\u00e4hrleisten. Es werden keine pers\u00f6nlichen Informationen gespeichert.<\/div>\n<\/li>\n<\/ol>\n<\/li>\n<li>\n<div class=\"mb-3 fw-bold\"><strong>Leistung und Funktionalit\u00e4t Cookies<\/strong><\/div>\n<ol>\n<li>\n<div class=\"mb-3 fw-bold\">Diese Cookies speichern Informationen \u00fcber die Navigation des Besuchers auf der Website, wie z. B. Seiten, Sprachen, Anzeigeoptionen, Anzahl der Besuche, Dauer, verwendeter Browser, Domain-Name der zuvor besuchten Website, E-Mail und Integration sozialer Medien usw.<\/div>\n<\/li>\n<li>\n<div class=\"mb-3 fw-bold\">Sie helfen uns, Ihre lokalen Pr\u00e4ferenzen beim Zugriff auf die Website zu erkennen und die Benutzerfreundlichkeit einer Website zu verbessern und die Erfahrung des Benutzers zu erh\u00f6hen.<\/div>\n<\/li>\n<\/ol>\n<\/li>\n<li>\n<div class=\"mb-3 fw-bold\"><strong>Marketing-Cookies<\/strong><\/div>\n<ol>\n<li>\n<div class=\"mb-3 fw-bold\">Marketing-Cookies (oder Targeting-\/Werbe-Cookies) werden verwendet, um relevante Werbung auf den Websites Dritter zu schalten und um einzelne Nutzer anzusprechen. Wir verwenden Google Analytics-Tools, um Ihr Verhalten auf der Website zu verstehen und zu ermitteln, wie wir die Website noch besser gestalten k\u00f6nnen. Die erworbenen<\/div>\n<\/li>\n<li>\n<div class=\"mb-3 fw-bold\">Diese Informationen helfen uns, die Inhalte der Website entsprechend Ihren Pr\u00e4ferenzen zu verbessern.<\/div>\n<\/li>\n<\/ol>\n<\/li>\n<li>\n<div class=\"mb-3 fw-bold\"><strong>Wie man Cookies verwaltet<\/strong><\/div>\n<div class=\"mb-3 fw-bold\">Bitte klicken Sie auf die nachstehenden Links, um zu erfahren, wie Sie Ihren Computer und Browser f\u00fcr die Verwaltung von Cookies einrichten k\u00f6nnen:<\/div>\n<ol>\n<li>\n<div class=\"mb-3 fw-bold\"><a href=\"https:\/\/support.google.com\/accounts\/answer\/61416?co=GENIE.Platform%3DDesktop&amp;hl=en\" target=\"_blank\" rel=\"noopener\">Google Chrome<\/a><\/div>\n<\/li>\n<li>\n<div class=\"mb-3 fw-bold\"><a href=\"https:\/\/support.microsoft.com\/ru-ru\/windows\/%D0%B1%D1%80%D0%B0%D1%83%D0%B7%D0%B5%D1%80-microsoft-edge-%D0%B4%D0%B0%D0%BD%D0%BD%D1%8B%D0%B5-%D0%B1%D1%80%D0%B0%D1%83%D0%B7%D0%B5%D1%80%D0%B0-%D0%B8-%D0%BA%D0%BE%D0%BD%D1%84%D0%B8%D0%B4%D0%B5%D0%BD%D1%86%D0%B8%D0%B0%D0%BB%D1%8C%D0%BD%D0%BE%D1%81%D1%82%D1%8C-bb8174ba-9d73-dcf2-9b4a-c582b4e640dd\" target=\"_blank\" rel=\"noopener\">Microsoft Edge<\/a><\/div>\n<\/li>\n<li>\n<div class=\"mb-3 fw-bold\"><a href=\"https:\/\/support.mozilla.org\/en-US\/kb\/enhanced-tracking-protection-firefox-desktop?redirectslug=enable-and-disable-cookies-website-preferences&amp;redirectlocale=en-US\" target=\"_blank\" rel=\"noopener\">Mozilla Firefox<\/a><\/div>\n<\/li>\n<li>\n<div class=\"mb-3 fw-bold\"><a href=\"https:\/\/help.opera.com\/ru\/latest\/web-preferences\/\" target=\"_blank\" rel=\"noopener\">Oper<\/a><\/div>\n<\/li>\n<li>\n<div class=\"mb-3 fw-bold\"><a href=\"https:\/\/help.apple.com\/safari\/mac\/8.0\/#\/sfri11471\" target=\"_blank\" rel=\"noopener\">Apple Safari<\/a><\/div>\n<\/li>\n<\/ol>\n<\/li>\n<\/ol>\n<\/li>\n<\/ol>\n<div class=\"mb-3 fw-bold\">Wie Sie Google Analytics-Cookies deaktivieren k\u00f6nnen, erfahren Sie <a href=\"https:\/\/tools.google.com\/dlpage\/gaoptout\" target=\"_blank\" rel=\"noopener\">hier<\/a>.<\/div>\n<div class=\"mb-3 fw-bold\">Diese Cookie-Richtlinie wird st\u00e4ndig aktualisiert. Alle Informationen \u00fcber die auf dieser Website verwendeten Cookies, die G\u00fcltigkeit und die verwendeten Daten k\u00f6nnen von der WTG jederzeit auf Ihre Anfrage hin zur Verf\u00fcgung gestellt werden.<\/div>\n","protected":false},"excerpt":{"rendered":"<p>Diese Cookie-Richtlinie gilt f\u00fcr die aktuelle Website www.wisetg.com, die von der UAB WISE TRADING GROUP (auch WTG) betrieben wird. Wenn Sie auf dieser Website navigieren, erlauben Sie die Verwendung von Cookies in Ihrem Browser. Die WTG sammelt Informationen \u00fcber Besucher, wie IP-Adresse, Art des Webbrowsers, besuchte Seiten, verwendete Sprachen, Login und andere Informationen aus statistischen,&#8230;<\/p>\n","protected":false},"author":2,"featured_media":0,"parent":0,"menu_order":0,"comment_status":"closed","ping_status":"open","template":"","meta":{"_acf_changed":false,"footnotes":""},"class_list":["post-3794","page","type-page","status-publish","hentry"],"acf":[],"_links":{"self":[{"href":"https:\/\/wisetg.com\/de\/wp-json\/wp\/v2\/pages\/3794","targetHints":{"allow":["GET"]}}],"collection":[{"href":"https:\/\/wisetg.com\/de\/wp-json\/wp\/v2\/pages"}],"about":[{"href":"https:\/\/wisetg.com\/de\/wp-json\/wp\/v2\/types\/page"}],"author":[{"embeddable":true,"href":"https:\/\/wisetg.com\/de\/wp-json\/wp\/v2\/users\/2"}],"replies":[{"embeddable":true,"href":"https:\/\/wisetg.com\/de\/wp-json\/wp\/v2\/comments?post=3794"}],"version-history":[{"count":1,"href":"https:\/\/wisetg.com\/de\/wp-json\/wp\/v2\/pages\/3794\/revisions"}],"predecessor-version":[{"id":3795,"href":"https:\/\/wisetg.com\/de\/wp-json\/wp\/v2\/pages\/3794\/revisions\/3795"}],"wp:attachment":[{"href":"https:\/\/wisetg.com\/de\/wp-json\/wp\/v2\/media?parent=3794"}],"curies":[{"name":"wp","href":"https:\/\/api.w.org\/{rel}","templated":true}]}}