{"id":3806,"date":"2023-04-13T06:35:46","date_gmt":"2023-04-13T06:35:46","guid":{"rendered":"https:\/\/wisetg.com\/privacy-policy"},"modified":"2024-03-15T11:11:31","modified_gmt":"2024-03-15T11:11:31","slug":"privacy-policy","status":"publish","type":"page","link":"https:\/\/wisetg.com\/de\/privacy-policy","title":{"rendered":"Datenschutzbestimmungen"},"content":{"rendered":"<ol>\n<li>Diese Datenschutzrichtlinie f\u00fcr personenbezogene Daten (im Folgenden als Datenschutzrichtlinie bezeichnet), die gem\u00e4\u00df der EU-Datenschutzgrundverordnung (GDPR) erstellt wurde, legt die Bedingungen f\u00fcr die Verarbeitung Ihrer auf dieser Website www.wisetg.com erhobenen personenbezogenen Daten durch den f\u00fcr die Datenverarbeitung Verantwortlichen UAB Wise Trading Group mit Sitz in J.Jasinskio g.16 01112 Vilnius, Litauen, E-Mail: <a href=\"mailto:hello@wisetg.com\">hello@wisetg.com.<\/a><\/li>\n<li>\n<div><strong>Erlaubnis<\/strong><\/div>\n<div>Mit der Nutzung unserer Website erkl\u00e4ren Sie sich mit den Bedingungen unserer Datenschutzrichtlinie einverstanden.<\/div>\n<div><strong>Wir sammeln Informationen<\/strong>:<\/div>\n<ul>\n<li>\n<div>Navigationsdaten des Website-Nutzers: die anonymen Navigationsdaten, um den technischen Betrieb und die Leistung der Website selbst zu untersuchen und zu gew\u00e4hrleisten.<\/div>\n<\/li>\n<li>\n<div>Vom Nutzer zur Verf\u00fcgung gestellte Daten: Die von Ihnen zur Verf\u00fcgung gestellten Daten dienen haupts\u00e4chlich der Identifizierung Ihrer Person und sind f\u00fcr die korrekte Verwaltung Ihrer Anfragen nach kommerziellen Informationen notwendig, wie z.B. Vorname, Nachname, Firmenname, Telefonnummer, E-Mail-Adresse.<\/div>\n<\/li>\n<\/ul>\n<\/li>\n<li>\n<div><strong>Vorratsspeicherung von Daten<\/strong><\/div>\n<div>In \u00dcbereinstimmung mit der geltenden Gesetzgebung und dieser Richtlinie werden Ihre Daten f\u00fcr einen zul\u00e4ssigen Zeitraum gespeichert, der nicht l\u00e4nger ist als f\u00fcr die Erf\u00fcllung der Zwecke, f\u00fcr die sie verarbeitet werden, und f\u00fcr die Zeit, die erforderlich ist, um den Dienst auszuf\u00fchren und Ihnen die gew\u00fcnschten Informationen zu liefern.<\/div>\n<div>Wenn Sie einen Kommentar hinterlassen, werden der Kommentar und seine Metadaten auf unbestimmte Zeit gespeichert. Auf diese Weise k\u00f6nnen wir Folgekommentare automatisch erkennen und genehmigen, anstatt sie in einer Moderationswarteschlange zu halten.<\/div>\n<div>Bei Nutzern, die sich auf unserer Website registrieren (falls vorhanden), speichern wir auch die pers\u00f6nlichen Daten, die sie in ihrem Nutzerprofil angeben. Alle Nutzer k\u00f6nnen ihre pers\u00f6nlichen Daten jederzeit einsehen, bearbeiten oder l\u00f6schen (nur ihren Benutzernamen k\u00f6nnen sie nicht \u00e4ndern). Auch Website-Administratoren k\u00f6nnen diese Informationen einsehen und bearbeiten.<\/div>\n<\/li>\n<li>\n<div><strong>Zwecke der Verarbeitung Ihrer personenbezogenen Daten<\/strong><\/div>\n<ul>\n<li>\n<div>Sammlung von Navigationsdaten der Website-Besucher: Als Benutzer der Website verarbeitet die WTG Ihre anonymen Navigationsdaten, um die technische Leistung der Website zu \u00fcberwachen. Diese Daten sind notwendig, um eine korrekte Navigation durch die Website und die erfolgreiche Verf\u00fcgbarkeit ihrer Funktionen zu gew\u00e4hrleisten, wie in unserer &#8222;Cookie-Richtlinie&#8220; beschrieben.<\/div>\n<\/li>\n<li>\n<div>Verwaltung der Kontaktformulare: Die WTG verarbeitet die von Ihnen zur Verf\u00fcgung gestellten Daten, um alle Anfragen nach kommerziellen Informationen \u00fcber unsere Produkte und Dienstleistungen zu verwalten, die Sie \u00fcber die verschiedenen Kontaktformulare auf der Website angefordert haben. Die WTG verarbeitet die von Ihnen freiwillig zur Verf\u00fcgung gestellten Daten auch, um alle anderen Anfragen zu bearbeiten, die \u00fcber die E-Mail-Adressen eingehen, die den Nutzern auf den verschiedenen Seiten der Website zur Verf\u00fcgung stehen, um spezifische Dienstleistungen und\/oder angeforderte Informationen zu liefern.<\/div>\n<\/li>\n<\/ul>\n<\/li>\n<li>\n<div><strong>Rechtsgrundlage der Datenverarbeitung<\/strong><\/div>\n<div>Alle Verarbeitungen erfolgen zu prim\u00e4ren Zwecken, f\u00fcr die nach den Datenschutzvorschriften keine spezifische Einwilligung eingeholt werden muss, wobei alternativ andere Rechtsgrundlagen angewandt werden, die die Verarbeitung bei fehlender Einwilligung rechtm\u00e4\u00dfig machen. Zu den oben genannten Zwecken ist die Verarbeitung Ihrer personenbezogenen Daten eine notwendige Voraussetzung f\u00fcr die Bearbeitung Ihrer Anfragen. Wir k\u00f6nnen Ihre personenbezogenen Daten auf der folgenden Rechtsgrundlage verarbeiten, zu der auch folgende geh\u00f6ren k\u00f6nnen:<\/div>\n<ul>\n<li>\n<div>Ihre Zustimmung zur Verarbeitung Ihrer personenbezogenen Daten aus einem bestimmten Grund;<\/div>\n<\/li>\n<li>\n<div>Die Datenverarbeitung ist erforderlich, um den Vertrag, an dem Sie beteiligt sind, zu erf\u00fcllen oder um auf Ihren Wunsch hin vor Vertragsabschluss Ma\u00dfnahmen zu ergreifen;<\/div>\n<\/li>\n<li>\n<div>die Datenverarbeitung zur Wahrung unserer rechtlichen Interessen oder der rechtlichen Interessen eines Dritten erforderlich ist.<\/div>\n<\/li>\n<\/ul>\n<\/li>\n<li>\n<div><strong>Wie wir Ihre Informationen verwenden<\/strong><\/div>\n<\/li>\n<li>\n<div>Wir verwenden die gesammelten Informationen auf verschiedene Weise, unter anderem um:<\/div>\n<ul>\n<li>\n<div>Sicherstellung der Verf\u00fcgbarkeit unserer Produkte und Dienstleistungen auf unserer Website<\/div>\n<\/li>\n<li>\n<div>Bereitstellung, Betrieb und Pflege unserer Website<\/div>\n<\/li>\n<li>\n<div>Verbesserung, Personalisierung und Erweiterung unserer Website<\/div>\n<\/li>\n<li>\n<div>Verstehen und analysieren, wie Sie unsere Website nutzen<\/div>\n<\/li>\n<li>\n<div>Verhinderung von betr\u00fcgerischen Aktionen und Spam-Weiterleitung<\/div>\n<\/li>\n<li>\n<div>Entwicklung neuer Produkte, Dienstleistungen, Merkmale und Funktionen<\/div>\n<\/li>\n<li>\n<div>den Vertrag, an dem Sie beteiligt sind, zu erf\u00fcllen oder auf Ihren Wunsch hin vor Vertragsabschluss Ma\u00dfnahmen zu ergreifen<\/div>\n<\/li>\n<li>\n<div>mit Ihnen zu kommunizieren, entweder direkt oder \u00fcber einen unserer Partner, z. B. f\u00fcr den Kundendienst, um Ihnen Aktualisierungen und andere Informationen \u00fcber die Website zukommen zu lassen, sowie f\u00fcr Marketing- und Werbezwecke. Wir k\u00f6nnen Ihren Namen, Nachnamen, Ihre Telefonnummer, Ihre E-Mail-Adresse und Ihre IP-Adresse f\u00fcr die Kommunikation mit Ihnen verwenden, um den Betrieb unseres Unternehmens und unserer Website einschlie\u00dflich Ihres Benutzerkontos zu unterst\u00fctzen, um die Einhaltung der von Ihnen angegebenen bevorzugten Kommunikationsmethoden zu gew\u00e4hrleisten und um Ihnen aktuelle Informationen \u00fcber unsere Dienstleistungen zukommen zu lassen (Schulungen, Seminare, Werbeaktionen, von uns oder unseren Partnern organisierte Veranstaltungen, Erneuerung der Produktpalette, Gl\u00fcckw\u00fcnsche zu Feiertagen\/Ereignissen).<\/div>\n<\/li>\n<li>\n<div>Ihnen direkte kommerzielle Mitteilungen per Werbepost, E-Mail, Newsletter, SMS\/Whatsapp, Anrufe zu senden<\/div>\n<\/li>\n<\/ul>\n<\/li>\n<li>\n<div><strong>Log-Dateien<\/strong><\/div>\n<div>Die WTG arbeitet standardm\u00e4\u00dfig mit Logdateien. Diese Dateien protokollieren den Besuch von Websites. Zu den in den Protokolldateien erfassten Informationen geh\u00f6ren Internetprotokolladressen (IP-Adressen), Browsertyp, Internetdienstanbieter (ISP), Datums- und Zeitstempel, verweisende und verlassende Seiten und m\u00f6glicherweise die Anzahl der Klicks. Diese sind nicht mit Informationen verkn\u00fcpft, die eine pers\u00f6nliche Identifizierung erm\u00f6glichen. Der Zweck dieser Daten ist die Analyse von Trends, die Verwaltung der Website, die Verfolgung der Bewegungen der Nutzer auf der Website und die Erfassung demografischer Daten.<\/div>\n<\/li>\n<li>\n<div><strong>Cookies<\/strong><\/div>\n<div>Wie jede andere Website verwendet auch die WTG &#8222;Cookies&#8220;. Diese Cookies werden verwendet, um Informationen zu speichern, einschlie\u00dflich der Pr\u00e4ferenzen der Besucher und der Seiten auf der Website, die der Besucher aufgerufen oder besucht hat. Die Informationen werden verwendet, um die Nutzererfahrung zu optimieren, indem wir den Inhalt unserer Webseiten auf der Grundlage des Browsertyps und\/oder anderer Informationen der Besucher anpassen.<\/div>\n<div>F\u00fcr weitere allgemeine Informationen \u00fcber Cookies konsultieren Sie bitte unsere Cookie-Richtlinie.<\/div>\n<\/li>\n<li>\n<div><strong>Unsere Werbepartner<\/strong><\/div>\n<div>Einige der Werbetreibenden auf unserer Website k\u00f6nnen Cookies verwenden. Jeder unserer unten aufgef\u00fchrten Werbepartner hat seine eigenen Datenschutzrichtlinien f\u00fcr den Umgang mit Nutzerdaten:<\/div>\n<p>Google &#8211; <a href=\"https:\/\/policies.google.com\/technologies\/ads\" target=\"_blank\" rel=\"noopener\">https:\/\/policies.google.com\/technologies\/ads<\/a><br \/>\nFacebook &#8211; <a href=\"https:\/\/facebook.com\/privacy\/explanation\" target=\"_blank\" rel=\"noopener\">https:\/\/facebook.com\/privacy\/explanation<\/a><br \/>\nLinkedin &#8211; <a href=\"https:\/\/www.linkedin.com\/legal\/sas-terms\">https:\/\/www.linkedin.com\/legal\/sas-terms<\/a><\/p>\n<div>Werbeserver oder Werbenetzwerke von Drittanbietern verwenden Technologien wie Cookies, JavaScript oder Web Beacons, die in ihren jeweiligen Werbeanzeigen und Links, die auf WTG erscheinen, verwendet werden und direkt an den Browser der Nutzer gesendet werden. In diesem Fall erhalten sie automatisch Ihre IP-Adresse. Diese Technologien werden verwendet, um die Wirksamkeit ihrer Werbekampagnen zu messen und\/oder die Werbeinhalte, die Sie auf den von Ihnen besuchten Websites sehen, zu personalisieren.<\/div>\n<div>Beachten Sie, dass die WTG keinen Zugang zu oder Kontrolle \u00fcber diese Cookies hat, die von Drittanbietern verwendet werden.<\/div>\n<\/li>\n<li>\n<div><strong>Schutzrechte der Nutzer<\/strong><\/div>\n<div>Sie haben jederzeit das Recht, Ihre Rechte geltend zu machen:<\/div>\n<ul>\n<li>\n<div>Kopien Ihrer personenbezogenen Daten anzufordern (Auskunftsrecht, Art. 15 GDPR);<\/div>\n<\/li>\n<li>\n<div>die Berichtigung von Daten zu beantragen &#8211; um Informationen zu korrigieren, die Sie f\u00fcr unrichtig halten; Sie haben auch das Recht, die Vervollst\u00e4ndigung von Informationen zu beantragen, die Sie f\u00fcr unvollst\u00e4ndig halten (Recht auf Berichtigung);<\/div>\n<\/li>\n<li>\n<div>die L\u00f6schung Ihrer personenbezogenen Daten zu beantragen (Recht auf Vergessenwerden, Art. 17 GDPR);<\/div>\n<\/li>\n<li>\n<div>die Einschr\u00e4nkung der Verarbeitung Ihrer personenbezogenen Daten zu verlangen (Recht auf Einschr\u00e4nkung, Art. 18 der DSGVO);<\/div>\n<\/li>\n<li>\n<div>die \u00dcbermittlung Ihrer Daten, die wir gesammelt haben, an eine andere Organisation oder direkt an Sie zu verlangen (Recht auf Daten\u00fcbertragbarkeit, Art. 20 GDPR);<\/div>\n<\/li>\n<li>Recht auf Einspruch gegen Ihre pers\u00f6nlichen Daten (Art. 22 GDPR);<\/li>\n<li>Ihre Einwilligung jederzeit zu widerrufen, ohne dass die G\u00fcltigkeit der vor dem Widerruf der Einwilligung erfolgten Verarbeitung ber\u00fchrt wird, wenn die Verarbeitung auf Ihrer ausdr\u00fccklichen Einwilligung zu dieser Verarbeitung beruht.\n<div>Wenn Sie eines dieser Rechte aus\u00fcben m\u00f6chten, senden Sie bitte eine E-Mail an <a href=\"mailto:hello@wisetg.com\">hello@wisetg.com<br \/>\n<\/a><\/div>\n<\/li>\n<\/ul>\n<\/li>\n<li>\n<div><strong>Schutz von personenbezogenen Daten<\/strong><\/div>\n<div>Gem\u00e4\u00df der EU GDPR speichert die <strong>Wise Trading Group<\/strong> Ihre pers\u00f6nlichen Daten auf gesicherten Servern mit eingeschr\u00e4nktem Zugang, und unsere Sicherheitsma\u00dfnahmen werden kontinuierlich \u00fcberpr\u00fcft, um festzustellen, ob die Daten der Nutzer unter Ber\u00fccksichtigung der Rechte der Nutzer ordnungsgem\u00e4\u00df behandelt werden.<\/div>\n<\/li>\n<li>\n<div><strong>\u00c4nderungsantr\u00e4ge<\/strong><\/div>\n<div>Die WTG beh\u00e4lt sich das Recht vor, diese Datenschutzerkl\u00e4rung zu \u00fcberarbeiten. Mitteilungen \u00fcber \u00c4nderungen und \u00dcberarbeitungen sowie die neueste Version der Datenschutzrichtlinie werden auf unserer Website mit einem besonderen Hinweis oder bei Ihrem n\u00e4chsten Besuch auf unserer Website ver\u00f6ffentlicht.<\/div>\n<\/li>\n<\/ol>\n","protected":false},"excerpt":{"rendered":"<p>Diese Datenschutzrichtlinie f\u00fcr personenbezogene Daten (im Folgenden als Datenschutzrichtlinie bezeichnet), die gem\u00e4\u00df der EU-Datenschutzgrundverordnung (GDPR) erstellt wurde, legt die Bedingungen f\u00fcr die Verarbeitung Ihrer auf dieser Website www.wisetg.com erhobenen personenbezogenen Daten durch den f\u00fcr die Datenverarbeitung Verantwortlichen UAB Wise Trading Group mit Sitz in J.Jasinskio g.16 01112 Vilnius, Litauen, E-Mail: hello@wisetg.com. Erlaubnis Mit der Nutzung&#8230;<\/p>\n","protected":false},"author":1,"featured_media":0,"parent":0,"menu_order":0,"comment_status":"closed","ping_status":"open","template":"","meta":{"_acf_changed":false,"footnotes":""},"class_list":["post-3806","page","type-page","status-publish","hentry"],"acf":[],"_links":{"self":[{"href":"https:\/\/wisetg.com\/de\/wp-json\/wp\/v2\/pages\/3806","targetHints":{"allow":["GET"]}}],"collection":[{"href":"https:\/\/wisetg.com\/de\/wp-json\/wp\/v2\/pages"}],"about":[{"href":"https:\/\/wisetg.com\/de\/wp-json\/wp\/v2\/types\/page"}],"author":[{"embeddable":true,"href":"https:\/\/wisetg.com\/de\/wp-json\/wp\/v2\/users\/1"}],"replies":[{"embeddable":true,"href":"https:\/\/wisetg.com\/de\/wp-json\/wp\/v2\/comments?post=3806"}],"version-history":[{"count":2,"href":"https:\/\/wisetg.com\/de\/wp-json\/wp\/v2\/pages\/3806\/revisions"}],"predecessor-version":[{"id":3808,"href":"https:\/\/wisetg.com\/de\/wp-json\/wp\/v2\/pages\/3806\/revisions\/3808"}],"wp:attachment":[{"href":"https:\/\/wisetg.com\/de\/wp-json\/wp\/v2\/media?parent=3806"}],"curies":[{"name":"wp","href":"https:\/\/api.w.org\/{rel}","templated":true}]}}