{"id":2372,"date":"2023-04-13T06:35:46","date_gmt":"2023-04-13T06:35:46","guid":{"rendered":"https:\/\/wisetg.com\/politica-de-privacidad"},"modified":"2023-04-13T06:35:46","modified_gmt":"2023-04-13T06:35:46","slug":"politica-de-privacidad","status":"publish","type":"page","link":"https:\/\/wisetg.com\/es\/politica-de-privacidad","title":{"rendered":"Pol\u00edtica de privacidad"},"content":{"rendered":"<ol>\n<li>La presente Pol\u00edtica de Privacidad de datos personales (en adelante, Pol\u00edtica de Privacidad), elaborada de conformidad con el Reglamento General de Protecci\u00f3n de Datos de la UE (RGPD), establece las condiciones para el tratamiento de sus datos personales recogidos en este sitio web www.wisetg.com por el responsable del tratamiento UAB Wise Trading Group, con domicilio social en J.Jasinskio g.16 01112 Vilnius, Lituania, correo electr\u00f3nico: <a href=\"mailto:hello@wisetg.com\">hello@wisetg.com.<\/a><\/li>\n<li>\n<div><strong>Permiso<\/strong><\/div>\n<div>Al utilizar nuestro sitio web, usted autoriza y acepta los t\u00e9rminos de nuestra Pol\u00edtica de privacidad.<\/div>\n<div><strong>Informaci\u00f3n que recopilamos<\/strong>:<\/div>\n<ul>\n<li>\n<div>Datos de navegaci\u00f3n del usuario del sitio web: los datos de navegaci\u00f3n an\u00f3nimos para examinar y garantizar el funcionamiento t\u00e9cnico y el rendimiento del propio sitio.<\/div>\n<\/li>\n<li>\n<div>Datos facilitados por el usuario: los datos facilitados por usted son principalmente funcionales a la identificaci\u00f3n de su persona y necesarios para la correcta gesti\u00f3n de sus solicitudes de informaci\u00f3n comercial, como, por ejemplo, nombre, apellidos, raz\u00f3n social, n\u00famero de tel\u00e9fono, direcci\u00f3n de correo electr\u00f3nico.<\/div>\n<\/li>\n<\/ul>\n<\/li>\n<li>\n<div><strong>Conservaci\u00f3n de datos<\/strong><\/div>\n<div>De conformidad con la legislaci\u00f3n aplicable y con la presente pol\u00edtica, sus datos se conservar\u00e1n durante un plazo de tiempo permitido y no superior al necesario para cumplir los fines para los que se tratan y durante el tiempo necesario para llevar a cabo el servicio y proporcionarle la informaci\u00f3n solicitada.<\/div>\n<div>Si deja un comentario, el comentario y sus metadatos se conservan indefinidamente. Esto es para que podamos reconocer y aprobar cualquier comentario de seguimiento autom\u00e1ticamente en lugar de mantenerlos en una cola de moderaci\u00f3n.<\/div>\n<div>En el caso de los usuarios que se registran en nuestro sitio web (si los hay), tambi\u00e9n almacenamos la informaci\u00f3n personal que proporcionan en su perfil de usuario. Todos los usuarios pueden ver, editar o eliminar su informaci\u00f3n personal en cualquier momento (excepto que no pueden cambiar su nombre de usuario). Los administradores del sitio web tambi\u00e9n pueden ver y editar esa informaci\u00f3n.<\/div>\n<\/li>\n<li>\n<div><strong>Fines del tratamiento de sus datos personales<\/strong><\/div>\n<ul>\n<li>\n<div>Recogida de datos de navegaci\u00f3n de los visitantes del sitio: como usuario del sitio web, WTG procesa sus datos de navegaci\u00f3n an\u00f3nimos para supervisar el rendimiento t\u00e9cnico del sitio web. Estos datos son necesarios para garantizar la correcta navegaci\u00f3n por el sitio y la disponibilidad satisfactoria de sus funciones, tal y como se describe en nuestra \u00abPol\u00edtica de cookies\u00bb.<\/div>\n<\/li>\n<li>\n<div>Gesti\u00f3n de formularios de contacto: WTG trata sus datos proporcionados para gestionar todas las demandas de informaci\u00f3n comercial sobre nuestros productos y servicios que haya solicitado cumplimentando los diferentes formularios de contacto del sitio web. WTG tambi\u00e9n tratar\u00e1 sus datos, facilitados voluntariamente, con el fin de gestionar todas las dem\u00e1s solicitudes recibidas a trav\u00e9s de las direcciones de correo electr\u00f3nico puestas a disposici\u00f3n de los usuarios en las diferentes p\u00e1ginas del sitio, con el fin de prestar servicios espec\u00edficos y\/o facilitar la informaci\u00f3n solicitada.<\/div>\n<\/li>\n<\/ul>\n<\/li>\n<li>\n<div><strong>Base jur\u00eddica del tratamiento de datos<\/strong><\/div>\n<div>Todas las operaciones de tratamiento se llevan a cabo con fines primarios para los que la legislaci\u00f3n sobre protecci\u00f3n de datos excluye la necesidad de obtener un consentimiento espec\u00edfico, aplicando alternativamente distintas bases jur\u00eddicas que hacen que el tratamiento sea l\u00edcito en ausencia de consentimiento. Para los fines indicados anteriormente, el tratamiento de sus datos personales es una condici\u00f3n necesaria para gestionar sus solicitudes. Podr\u00edamos tratar sus datos personales sobre la base de los siguientes fundamentos jur\u00eddicos, que pueden incluir:<\/div>\n<ul>\n<li>\n<div>su consentimiento para el tratamiento de sus datos personales por un motivo concreto;<\/div>\n<\/li>\n<li>\n<div>el tratamiento de datos es necesario para cumplir el contrato en el que usted es una de las partes, o para adoptar medidas a petici\u00f3n suya antes de la celebraci\u00f3n del contrato;<\/div>\n<\/li>\n<li>\n<div>el tratamiento de datos es necesario para garantizar nuestros intereses legales o los intereses legales de un tercero.<\/div>\n<\/li>\n<\/ul>\n<\/li>\n<li>\n<div><strong>C\u00f3mo utilizamos su informaci\u00f3n<\/strong><\/div>\n<\/li>\n<li>\n<div>Utilizamos la informaci\u00f3n recopilada de varias formas, entre ellas para:<\/div>\n<ul>\n<li>\n<div>Garantizar la disponibilidad de nuestros productos y servicios en nuestro sitio web<\/div>\n<\/li>\n<li>\n<div>Proporcionar, operar y mantener nuestro sitio web<\/div>\n<\/li>\n<li>\n<div>Mejorar, personalizar y ampliar nuestro sitio web<\/div>\n<\/li>\n<li>\n<div>Comprender y analizar c\u00f3mo utiliza nuestro sitio web<\/div>\n<\/li>\n<li>\n<div>Prevenir acciones fraudulentas y el reenv\u00edo de spam<\/div>\n<\/li>\n<li>\n<div>Desarrollar nuevos productos, servicios, caracter\u00edsticas y funcionalidades<\/div>\n<\/li>\n<li>\n<div>Cumplir el contrato en el que usted es una de las partes, o tomar medidas a petici\u00f3n suya antes de la celebraci\u00f3n del contrato.<\/div>\n<\/li>\n<li>\n<div>Comunicarnos con usted, ya sea directamente o a trav\u00e9s de uno de nuestros socios, por ejemplo para el servicio de atenci\u00f3n al cliente, para proporcionarle actualizaciones y otra informaci\u00f3n relacionada con el sitio web, y con fines promocionales y de marketing. Podemos utilizar su nombre, apellidos, n\u00famero de tel\u00e9fono, correo electr\u00f3nico, direcci\u00f3n IP para comunicarnos con usted con el fin de apoyar el funcionamiento de nuestra empresa y del sitio, incluida su cuenta de usuario, para garantizar el cumplimiento de los m\u00e9todos preferidos de comunicaci\u00f3n que usted haya especificado, y tambi\u00e9n para proporcionarle informaci\u00f3n actualizada sobre nuestros servicios (formaciones, seminarios, promociones, eventos organizados por nosotros o nuestros socios, renovaci\u00f3n de la gama de productos, felicitarle por vacaciones \/ eventos).<\/div>\n<\/li>\n<li>\n<div>Enviarle comunicaciones comerciales directas por correo publicitario, correo electr\u00f3nico, bolet\u00edn de noticias, SMS\/Whatsapp, llamadas<\/div>\n<\/li>\n<\/ul>\n<\/li>\n<li>\n<div><strong>Archivos de registro<\/strong><\/div>\n<div>WTG sigue un procedimiento est\u00e1ndar de uso de archivos de registro. Estos archivos registran a los visitantes cuando visitan los sitios web. La informaci\u00f3n recogida por los archivos de registro incluye direcciones de protocolo de Internet (IP), tipo de navegador, proveedor de servicios de Internet (ISP), sello de fecha y hora, p\u00e1ginas de referencia\/salida y, posiblemente, el n\u00famero de clics. Estos no est\u00e1n vinculados a ninguna informaci\u00f3n que sea personalmente identificable. La finalidad de la informaci\u00f3n es analizar tendencias, administrar el sitio, seguir los movimientos de los usuarios en el sitio web y recopilar informaci\u00f3n demogr\u00e1fica.<\/div>\n<\/li>\n<li>\n<div><strong>Galletas<\/strong><\/div>\n<div>Como cualquier otro sitio web, WTG utiliza \u00abcookies\u00bb. Estas cookies se utilizan para almacenar informaci\u00f3n, incluidas las preferencias de los visitantes y las p\u00e1ginas del sitio web a las que el visitante accedi\u00f3 o visit\u00f3. La informaci\u00f3n se utiliza para optimizar la experiencia de los usuarios personalizando el contenido de nuestra p\u00e1gina web en funci\u00f3n del tipo de navegador de los visitantes y\/u otra informaci\u00f3n.<\/div>\n<div>Para obtener m\u00e1s informaci\u00f3n general sobre las cookies, consulte nuestra Pol\u00edtica de cookies.<\/div>\n<\/li>\n<li>\n<div><strong>Nuestros socios publicitarios<\/strong><\/div>\n<div>Algunos de los anunciantes de nuestro sitio web pueden utilizar cookies. Cada uno de nuestros socios publicitarios, enumerados a continuaci\u00f3n, tiene su propia Pol\u00edtica de Privacidad para sus pol\u00edticas sobre los datos de los usuarios:<\/div>\n<p>Google &#8211; <a href=\"https:\/\/policies.google.com\/technologies\/ads\" target=\"_blank\" rel=\"noopener\">https:\/\/policies.google.com\/technologies\/ads<\/a><br \/>\nFacebook &#8211; <a href=\"https:\/\/facebook.com\/privacy\/explanation\" target=\"_blank\" rel=\"noopener\">https:\/\/facebook.com\/privacy\/explanation<\/a><br \/>\nLinkedin &#8211; <a href=\"https:\/\/www.linkedin.com\/legal\/sas-terms\">https:\/\/www.linkedin.com\/legal\/sas-terms<\/a><\/p>\n<div>Los servidores de anuncios de terceros o redes publicitarias utilizan tecnolog\u00edas como cookies, JavaScript o Web Beacons que se utilizan en sus respectivos anuncios y enlaces que aparecen en WTG, que se env\u00edan directamente al navegador de los usuarios. Cuando esto ocurre, reciben autom\u00e1ticamente su direcci\u00f3n IP. Estas tecnolog\u00edas se utilizan para medir la eficacia de sus campa\u00f1as publicitarias y\/o para personalizar el contenido publicitario que usted ve en los sitios web que visita.<\/div>\n<div>Tenga en cuenta que WTG no tiene acceso ni control sobre estas cookies que son utilizadas por terceros anunciantes.<\/div>\n<\/li>\n<li>\n<div><strong>Derechos de protecci\u00f3n del usuario<\/strong><\/div>\n<div>En cualquier momento, tiene derecho a:<\/div>\n<ul>\n<li>\n<div>solicitar copias de sus datos personales (derecho de acceso, art\u00edculo 15 del RGPD);<\/div>\n<\/li>\n<li>\n<div>solicitar la rectificaci\u00f3n de datos: para corregir cualquier informaci\u00f3n que considere inexacta; tambi\u00e9n tiene derecho a solicitar que se complete la informaci\u00f3n que considere incompleta (Derecho de rectificaci\u00f3n);<\/div>\n<\/li>\n<li>\n<div>solicitar la supresi\u00f3n de sus datos personales (derecho al olvido, art\u00edculo 17 del RGPD);<\/div>\n<\/li>\n<li>\n<div>solicitar la limitaci\u00f3n del tratamiento de sus datos personales (derecho de limitaci\u00f3n, art. 18 del RGPD);<\/div>\n<\/li>\n<li>\n<div>solicitar la transferencia de los datos que hemos recopilado a otra organizaci\u00f3n, o directamente a usted (Derecho a la portabilidad de datos, art.20 del GDPR);<\/div>\n<\/li>\n<li>derecho de oposici\u00f3n a sus datos personales (art.22 del GDPR);<\/li>\n<li>retirar su consentimiento en cualquier momento sin que ello afecte a la validez del tratamiento realizado antes de dicha revocaci\u00f3n del consentimiento si el tratamiento se basa en su consentimiento expreso a dicho tratamiento.\n<div>Si desea ejercer alguno de estos derechos, env\u00ede un correo electr\u00f3nico a <a href=\"mailto:hello@wisetg.com\">hello@wisetg.com<\/a>. <a href=\"mailto:hello@wisetg.com\"><br \/>\n<\/a><\/div>\n<\/li>\n<\/ul>\n<\/li>\n<li>\n<div><strong>Protecci\u00f3n de datos personales<\/strong><\/div>\n<div>De acuerdo con el GDPR de la UE, <strong>Wise Trading Group<\/strong> almacena su informaci\u00f3n personal en servidores seguros con acceso restringido y nuestras medidas de seguridad se verifican continuamente para determinar si la informaci\u00f3n de los usuarios se maneja adecuadamente teniendo en cuenta los derechos del usuario.<\/div>\n<\/li>\n<li>\n<div><strong>Enmiendas<\/strong><\/div>\n<div>WTG se reserva el derecho de revisar esta Pol\u00edtica de Privacidad. Las notificaciones de cualquier modificaci\u00f3n y revisi\u00f3n, as\u00ed como la \u00faltima versi\u00f3n de la Pol\u00edtica de Privacidad, se publicar\u00e1n en nuestro sitio web con un aviso especial o durante su pr\u00f3xima visita a nuestro sitio web.<\/div>\n<\/li>\n<\/ol>\n","protected":false},"excerpt":{"rendered":"<p>La presente Pol\u00edtica de Privacidad de datos personales (en adelante, Pol\u00edtica de Privacidad), elaborada de conformidad con el Reglamento General de Protecci\u00f3n de Datos de la UE (RGPD), establece las condiciones para el tratamiento de sus datos personales recogidos en este sitio web www.wisetg.com por el responsable del tratamiento UAB Wise Trading Group, con domicilio&#8230;<\/p>\n","protected":false},"author":1,"featured_media":0,"parent":0,"menu_order":0,"comment_status":"closed","ping_status":"open","template":"","meta":{"_acf_changed":false,"footnotes":""},"class_list":["post-2372","page","type-page","status-publish","hentry"],"acf":[],"_links":{"self":[{"href":"https:\/\/wisetg.com\/es\/wp-json\/wp\/v2\/pages\/2372","targetHints":{"allow":["GET"]}}],"collection":[{"href":"https:\/\/wisetg.com\/es\/wp-json\/wp\/v2\/pages"}],"about":[{"href":"https:\/\/wisetg.com\/es\/wp-json\/wp\/v2\/types\/page"}],"author":[{"embeddable":true,"href":"https:\/\/wisetg.com\/es\/wp-json\/wp\/v2\/users\/1"}],"replies":[{"embeddable":true,"href":"https:\/\/wisetg.com\/es\/wp-json\/wp\/v2\/comments?post=2372"}],"version-history":[{"count":0,"href":"https:\/\/wisetg.com\/es\/wp-json\/wp\/v2\/pages\/2372\/revisions"}],"wp:attachment":[{"href":"https:\/\/wisetg.com\/es\/wp-json\/wp\/v2\/media?parent=2372"}],"curies":[{"name":"wp","href":"https:\/\/api.w.org\/{rel}","templated":true}]}}