{"id":2377,"date":"2023-04-14T07:16:11","date_gmt":"2023-04-14T07:16:11","guid":{"rendered":"https:\/\/wisetg.com\/politica-de-cookies"},"modified":"2023-04-14T07:16:11","modified_gmt":"2023-04-14T07:16:11","slug":"politica-de-cookies","status":"publish","type":"page","link":"https:\/\/wisetg.com\/es\/politica-de-cookies","title":{"rendered":"Pol\u00edtica de cookies"},"content":{"rendered":"<ol>\n<li>La presente Pol\u00edtica de Cookies se aplica al presente sitio web <a href=\"https:\/\/wisetg.com\/es\">www.wisetg.com<\/a> operado por <strong>UAB WISE TRADING GROUP (tambi\u00e9n WTG)<\/strong>. Al navegar por este sitio web usted permite el uso de cookies en su navegador. WTG recopila informaci\u00f3n sobre los visitantes, como la direcci\u00f3n IP, el tipo de navegador, las p\u00e1ginas visitadas, los idiomas utilizados, el inicio de sesi\u00f3n y otra informaci\u00f3n por motivos estad\u00edsticos, de rendimiento y de seguridad, as\u00ed como para mejorar la funcionalidad del sitio web.<\/li>\n<li>\n<div class=\"mb-3 fw-bold\"><strong>Qu\u00e9 son las galletas<\/strong><\/div>\n<div class=\"mb-2\">Las cookies son peque\u00f1os archivos de texto que contienen determinada informaci\u00f3n y que se almacenan en su dispositivo cuando visita el sitio web. Se utilizan para hacer un seguimiento de la navegaci\u00f3n por el sitio web y mejorar la experiencia del usuario.<\/div>\n<div class=\"mb-2\">Las cookies son paquetes de informaci\u00f3n enviados por un servidor web al navegador del usuario y almacenados autom\u00e1ticamente en el ordenador. Las cookies se env\u00edan a su ordenador personal cuando visita el sitio web por primera vez. Posteriormente, las cookies se utilizan para identificar un ordenador personal y optimizar el acceso al sitio web o a la informaci\u00f3n contenida en \u00e9l.<\/div>\n<div class=\"mb-2\">Las cookies son necesarias para proporcionar determinadas funcionalidades en un sitio web, por ejemplo, para mantener la elecci\u00f3n de idioma realizada por un usuario. Las cookies permiten al emisor reconocer que el sitio web fue visitado anteriormente por un determinado dispositivo final, lo que permite identificar a los visitantes que vuelven (o sus dispositivos) y recopilar informaci\u00f3n sobre su uso del sitio web y sus preferencias. La mayor\u00eda de los navegadores permiten a los usuarios gestionar las cookies mediante los par\u00e1metros de configuraci\u00f3n de un navegador web.<\/div>\n<\/li>\n<li>\n<div class=\"mb-3 fw-bold\"><strong>Tipos de cookies<\/strong><\/div>\n<ol>\n<li>\n<div class=\"mb-3 fw-bold\"><strong>Estrictamente necesario<\/strong><\/div>\n<ol>\n<li>\n<div class=\"mb-3 fw-bold\">Las cookies necesarias permiten ofrecerle una mejor experiencia durante su navegaci\u00f3n por el sitio web y garantizar el correcto funcionamiento del sitio web y sus caracter\u00edsticas de seguridad. No se almacena ninguna informaci\u00f3n personal.<\/div>\n<\/li>\n<\/ol>\n<\/li>\n<li>\n<div class=\"mb-3 fw-bold\"><strong>Cookies de rendimiento y funcionalidad<\/strong><\/div>\n<ol>\n<li>\n<div class=\"mb-3 fw-bold\">Estas cookies almacenan informaci\u00f3n sobre la navegaci\u00f3n del visitante por el sitio web, como p\u00e1ginas, idiomas, opciones de visualizaci\u00f3n, n\u00famero de visitas, duraci\u00f3n, navegador utilizado, nombre de dominio del sitio web visitado anteriormente, correo electr\u00f3nico e integraci\u00f3n en redes sociales, etc.<\/div>\n<\/li>\n<li>\n<div class=\"mb-3 fw-bold\">Nos ayudan a identificar sus preferencias locales al acceder al sitio web y a mejorar la facilidad de uso de un sitio web y la experiencia del usuario.<\/div>\n<\/li>\n<\/ol>\n<\/li>\n<li>\n<div class=\"mb-3 fw-bold\"><strong>Cookies de marketing<\/strong><\/div>\n<ol>\n<li>\n<div class=\"mb-3 fw-bold\">Las cookies de marketing (o cookies de segmentaci\u00f3n\/publicidad) se utilizan para ofrecer anuncios relevantes en sitios web de terceros y para atraer a usuarios individuales. Utilizamos las herramientas de Google Analytics para conocer su comportamiento en el sitio web y saber c\u00f3mo podemos ofrecerle una mejor experiencia. Los adquiridos<\/div>\n<\/li>\n<li>\n<div class=\"mb-3 fw-bold\">La informaci\u00f3n nos ayuda a mejorar los contenidos del sitio web de acuerdo con sus preferencias.<\/div>\n<\/li>\n<\/ol>\n<\/li>\n<li>\n<div class=\"mb-3 fw-bold\"><strong>C\u00f3mo gestionar las cookies<\/strong><\/div>\n<div class=\"mb-3 fw-bold\">Haga clic en los enlaces siguientes para saber c\u00f3mo configurar su ordenador y su navegador para gestionar las cookies:<\/div>\n<ol>\n<li>\n<div class=\"mb-3 fw-bold\"><a href=\"https:\/\/support.google.com\/accounts\/answer\/61416?co=GENIE.Platform%3DDesktop&amp;hl=en\" target=\"_blank\" rel=\"noopener\">Google Chrome<\/a><\/div>\n<\/li>\n<li>\n<div class=\"mb-3 fw-bold\"><a href=\"https:\/\/support.microsoft.com\/ru-ru\/windows\/%D0%B1%D1%80%D0%B0%D1%83%D0%B7%D0%B5%D1%80-microsoft-edge-%D0%B4%D0%B0%D0%BD%D0%BD%D1%8B%D0%B5-%D0%B1%D1%80%D0%B0%D1%83%D0%B7%D0%B5%D1%80%D0%B0-%D0%B8-%D0%BA%D0%BE%D0%BD%D1%84%D0%B8%D0%B4%D0%B5%D0%BD%D1%86%D0%B8%D0%B0%D0%BB%D1%8C%D0%BD%D0%BE%D1%81%D1%82%D1%8C-bb8174ba-9d73-dcf2-9b4a-c582b4e640dd\" target=\"_blank\" rel=\"noopener\">Microsoft Edge<\/a><\/div>\n<\/li>\n<li>\n<div class=\"mb-3 fw-bold\"><a href=\"https:\/\/support.mozilla.org\/en-US\/kb\/enhanced-tracking-protection-firefox-desktop?redirectslug=enable-and-disable-cookies-website-preferences&amp;redirectlocale=en-US\" target=\"_blank\" rel=\"noopener\">Mozilla Firefox<\/a><\/div>\n<\/li>\n<li>\n<div class=\"mb-3 fw-bold\"><a href=\"https:\/\/help.opera.com\/ru\/latest\/web-preferences\/\" target=\"_blank\" rel=\"noopener\">\u00d3pera<\/a><\/div>\n<\/li>\n<li>\n<div class=\"mb-3 fw-bold\"><a href=\"https:\/\/help.apple.com\/safari\/mac\/8.0\/#\/sfri11471\" target=\"_blank\" rel=\"noopener\">Safari de Apple<\/a><\/div>\n<\/li>\n<\/ol>\n<\/li>\n<\/ol>\n<\/li>\n<\/ol>\n<div class=\"mb-3 fw-bold\">C\u00f3mo inhabilitar las cookies de Google Analytics haga clic <a href=\"https:\/\/tools.google.com\/dlpage\/gaoptout\" target=\"_blank\" rel=\"noopener\">aqu\u00ed<\/a>.<\/div>\n<div class=\"mb-3 fw-bold\">Esta Pol\u00edtica de Cookies se actualiza continuamente. Toda la informaci\u00f3n sobre las cookies utilizadas en este sitio web, la validez y los datos utilizados pueden ser proporcionados por WTG en cualquier momento por su solicitud.<\/div>\n","protected":false},"excerpt":{"rendered":"<p>La presente Pol\u00edtica de Cookies se aplica al presente sitio web www.wisetg.com operado por UAB WISE TRADING GROUP (tambi\u00e9n WTG). Al navegar por este sitio web usted permite el uso de cookies en su navegador. WTG recopila informaci\u00f3n sobre los visitantes, como la direcci\u00f3n IP, el tipo de navegador, las p\u00e1ginas visitadas, los idiomas utilizados,&#8230;<\/p>\n","protected":false},"author":2,"featured_media":0,"parent":0,"menu_order":0,"comment_status":"closed","ping_status":"open","template":"","meta":{"_acf_changed":false,"footnotes":""},"class_list":["post-2377","page","type-page","status-publish","hentry"],"acf":[],"_links":{"self":[{"href":"https:\/\/wisetg.com\/es\/wp-json\/wp\/v2\/pages\/2377","targetHints":{"allow":["GET"]}}],"collection":[{"href":"https:\/\/wisetg.com\/es\/wp-json\/wp\/v2\/pages"}],"about":[{"href":"https:\/\/wisetg.com\/es\/wp-json\/wp\/v2\/types\/page"}],"author":[{"embeddable":true,"href":"https:\/\/wisetg.com\/es\/wp-json\/wp\/v2\/users\/2"}],"replies":[{"embeddable":true,"href":"https:\/\/wisetg.com\/es\/wp-json\/wp\/v2\/comments?post=2377"}],"version-history":[{"count":0,"href":"https:\/\/wisetg.com\/es\/wp-json\/wp\/v2\/pages\/2377\/revisions"}],"wp:attachment":[{"href":"https:\/\/wisetg.com\/es\/wp-json\/wp\/v2\/media?parent=2377"}],"curies":[{"name":"wp","href":"https:\/\/api.w.org\/{rel}","templated":true}]}}