{"id":2379,"date":"2023-04-13T11:00:10","date_gmt":"2023-04-13T11:00:10","guid":{"rendered":"https:\/\/wisetg.com\/quienes-somos"},"modified":"2023-07-28T06:38:00","modified_gmt":"2023-07-28T06:38:00","slug":"quienes-somos","status":"publish","type":"page","link":"https:\/\/wisetg.com\/es\/quienes-somos","title":{"rendered":"QUIENES SOMOS"},"content":{"rendered":"<section class=\"l-section wpb_row us_custom_b99d7e5b theme__row row__shape-divider height_custom color_alternate with_img with_shape\"><div class=\"l-section-img\" data-img-width=\"1920\" data-img-height=\"640\" style=\"background-image: url(https:\/\/wisetg.com\/wp-content\/uploads\/2023\/04\/about-us__hero__01__web.webp);background-repeat: no-repeat;\"><\/div><div class=\"l-section-overlay\" style=\"background:var(--color-alt-content-overlay)\"><\/div><div class=\"l-section-shape type_tilt pos_bottom\" style=\"height:;\"><svg xmlns=\"http:\/\/www.w3.org\/2000\/svg\" viewBox=\"0 0 64 8\" preserveAspectRatio=\"none\" width=\"100%\" height=\"100%\">\r\n\t<path fill=\"currentColor\" d=\"M64 7.9 L64 10 L0 10 L0 0 Z\"\/>\r\n<\/svg><\/div><div class=\"l-section-h i-cf\"><div class=\"g-cols vc_row via_flex valign_top type_default stacking_default\"><div class=\"vc_col-sm-12 wpb_column vc_column_container\"><div class=\"vc_column-inner\"><div class=\"wpb_wrapper\"><div class=\"g-cols wpb_row via_flex valign_top type_default stacking_default\"><div class=\"vc_col-sm-12 wpb_column vc_column_container\"><div class=\"vc_column-inner\"><div class=\"wpb_wrapper\"><h1 class=\"w-post-elm post_title theme__post-title post-title__h1 theme__stylized entry-title color_link_inherit\">QUIENES SOMOS<\/h1><\/div><\/div><\/div><\/div><\/div><\/div><\/div><\/div><\/div><\/section>\n<section class=\"l-section wpb_row us_custom_5c06237d height_custom\"><div class=\"l-section-h i-cf\"><div class=\"g-cols vc_row via_flex valign_top type_default stacking_default\"><div class=\"vc_col-sm-12 wpb_column vc_column_container\"><div class=\"vc_column-inner\"><div class=\"wpb_wrapper\"><div class=\"g-cols wpb_row via_flex valign_top type_default stacking_default\"><div class=\"vc_col-sm-6 wpb_column vc_column_container\"><div class=\"vc_column-inner\"><div class=\"wpb_wrapper\"><h2 class=\"w-text theme__text text__h2 theme__stylized\"><span class=\"w-text-h\"><span class=\"w-text-value\">QUIENES SOMOS<\/span><\/span><\/h2><div class=\"wpb_text_column\"><div class=\"wpb_wrapper\"><p><b>WISE TRADING GROUP es un mayorista internacional de productos FMCG de primeras marcas.<\/b><\/p>\n<p>Suministramos una gama completa de productos y servicios desde centros de distribuci\u00f3n propios y asociados en Lituania, Ucrania e los Pa\u00edses Bajos a cientos de clientes en 35 pa\u00edses. Nuestro joven equipo que habla 28 idiomas se compromete a proporcionar servicios comerciales r\u00e1pidos y de la mejor calidad, desde la consulta hasta la adquisici\u00f3n, las ventas, el almac\u00e9n, y entrega. La plataforma inform\u00e1tica propia permite la automatizaci\u00f3n y optimizaci\u00f3n de todo el proceso de la cadena de suministro, permitiendo una personalizaci\u00f3n comercial completa a trav\u00e9s de un \u00fanico punto de referencia.  <\/p>\n<p>WISE TRADING GROUP selecciona con precisi\u00f3n a los proveedores para delinear una oferta global de las mejores y \u00fanicas marcas para todos los mercados con precios competitivos y flexibles. El foco de la compa\u00f1\u00eda es ofrecer soluciones orientadas a una nueva cultura de cliente a distribuidores nacionales e internacionales, grandes cadenas de retail, cash&amp;carry, tiendas especializadas y multi\u00e9tnicas.Nuestro equipo internacional y de r\u00e1pido crecimiento est\u00e1 listo para nuevas asociaciones y consultas para concluir los acuerdos de la mejor manera.<\/p>\n<\/div><\/div><div class=\"w-tabs us_custom_a97935af theme__accordion style_default switch_click accordion\"><div class=\"w-tabs-sections titles-align_none icon_chevron cpos_right\"><div class=\"w-tabs-section\" id=\"t76d\"><button class=\"w-tabs-section-header\" aria-controls=\"content-t76d\" aria-expanded=\"false\"><h2 class=\"w-tabs-section-title\">MISI\u00d3N<\/h2><div class=\"w-tabs-section-control\"><\/div><\/button><div  class=\"w-tabs-section-content\" id=\"content-t76d\"><div class=\"w-tabs-section-content-h i-cf\"><div class=\"wpb_text_column\"><div class=\"wpb_wrapper\"><p>Superar constantemente las expectativas de nuestros clientes al ofrecer una selecci\u00f3n diversa de productos a precios competitivos, al tiempo que brindamos una experiencia de compra inigualable a trav\u00e9s de nuestro personal amable y experto. Adem\u00e1s, nos esforzamos por construir relaciones a largo plazo con nuestros proveedores y socios para garantizar la sostenibilidad de nuestro negocio.<\/p>\n<\/div><\/div><\/div><\/div><\/div><div class=\"w-tabs-section\" id=\"k86f\"><button class=\"w-tabs-section-header\" aria-controls=\"content-k86f\" aria-expanded=\"false\"><h2 class=\"w-tabs-section-title\">VISI\u00d3N<\/h2><div class=\"w-tabs-section-control\"><\/div><\/button><div  class=\"w-tabs-section-content\" id=\"content-k86f\"><div class=\"w-tabs-section-content-h i-cf\"><div class=\"wpb_text_column\"><div class=\"wpb_wrapper\"><p>Ser el proveedor de m\u00e1s r\u00e1pido crecimiento y m\u00e1s flexible, ofreciendo una amplia gama de productos y un servicio al cliente excepcional.struir relaciones a largo plazo con nuestros proveedores y socios para garantizar la sostenibilidad de nuestro negocio.<\/p>\n<\/div><\/div><\/div><\/div><\/div><\/div><\/div><\/div><\/div><\/div><div class=\"vc_col-sm-6 wpb_column vc_column_container\"><div class=\"vc_column-inner\"><div class=\"wpb_wrapper\"><div class=\"w-video align_none ratio_16x9 has_iframe\"><div class=\"w-video-h\"><iframe title=\"Youtube video player\" src=\"\/\/www.youtube.com\/embed\/er5-xn6VpCE?origin=https:\/\/wisetg.com&controls=1\" allowfullscreen=\"1\" loading=\"lazy\"><\/iframe><\/div><div class=\"w-video-icon\" style=\"font-size:1.5rem;background:rgba(0,0,0,0.5);color:#fff\"><\/div><\/div><\/div><\/div><\/div><\/div><\/div><\/div><\/div><\/div><\/div><\/section><section class=\"l-section wpb_row us_custom_c5112300 theme__row row__shape-divider height_custom with_shape\"><div class=\"l-section-shape type_tilt pos_top hor_flip\" style=\"height:;\"><svg xmlns=\"http:\/\/www.w3.org\/2000\/svg\" viewBox=\"0 0 64 8\" preserveAspectRatio=\"none\" width=\"100%\" height=\"100%\">\r\n\t<path fill=\"currentColor\" d=\"M64 7.9 L64 10 L0 10 L0 0 Z\"\/>\r\n<\/svg><\/div><div class=\"l-section-shape type_tilt pos_bottom\" style=\"height:;color:var(--color-footer-bg)\"><svg xmlns=\"http:\/\/www.w3.org\/2000\/svg\" viewBox=\"0 0 64 8\" preserveAspectRatio=\"none\" width=\"100%\" height=\"100%\">\r\n\t<path fill=\"currentColor\" d=\"M64 7.9 L64 10 L0 10 L0 0 Z\"\/>\r\n<\/svg><\/div><div class=\"l-section-h i-cf\"><div class=\"g-cols vc_row via_flex valign_top type_default stacking_default\"><div class=\"vc_col-sm-12 wpb_column vc_column_container\"><div class=\"vc_column-inner\"><div class=\"wpb_wrapper\"><div class=\"g-cols wpb_row via_flex valign_top type_default stacking_default\"><div class=\"vc_col-sm-12 wpb_column vc_column_container\"><div class=\"vc_column-inner\"><div class=\"wpb_wrapper\"><h2 class=\"w-text theme__text text__h2 theme__stylized\"><span class=\"w-text-h\"><span class=\"w-text-value\">NUESTRO EQUIPO<\/span><\/span><\/h2><\/div><\/div><\/div><\/div><div class=\"g-cols wpb_row us_custom_95fa5cc2 via_flex valign_top type_default stacking_default\"><div class=\"vc_col-sm-8 wpb_column vc_column_container\"><div class=\"vc_column-inner\"><div class=\"wpb_wrapper\"><div class=\"wpb_text_column\"><div class=\"wpb_wrapper\"><p>Nuestro joven equipo se extiende por toda Europa y aprovecha la experiencia de m\u00e1s de 20 especialistas multiling\u00fces en ventas, compras y log\u00edstica que gestionan la amplia gama de m\u00e1s de 100 productos de primeras marcas FMCG y trabajan con cientos de clientes en 35 pa\u00edses. El pleno conocimiento de los procesos de la cadena de suministro, la atenci\u00f3n constante a la satisfacci\u00f3n del cliente y la innovadora plataforma de TI basada en la web hacen de nuestra empresa un socio confiable de FMCG para todas las partes interesadas..<\/p>\n<\/div><\/div><\/div><\/div><\/div><div class=\"vc_col-sm-4 vc_hidden-sm vc_hidden-xs wpb_column vc_column_container\"><div class=\"vc_column-inner\"><div class=\"wpb_wrapper\"><div class=\"w-image align_none\"><div class=\"w-image-h\"><img decoding=\"async\" src=\"https:\/\/wisetg.com\/wp-content\/uploads\/2023\/04\/logo__wise-trading-group.svg\" class=\"attachment-full size-full\" alt=\"Wise TG\" \/><\/div><\/div><\/div><\/div><\/div><\/div><div class=\"g-cols wpb_row via_flex valign_top type_default stacking_default\"><div class=\"vc_col-sm-12 wpb_column vc_column_container\"><div class=\"vc_column-inner\"><div class=\"wpb_wrapper\"><div class=\"w-grid us_custom_a97935af type_grid layout_32 hidden cols_3\" id=\"us_grid_1\" data-filterable=\"true\"><style>#us_grid_1 .w-grid-item{padding:1.5rem}#us_grid_1 .w-grid-list{margin:-1.5rem}.w-grid + #us_grid_1 .w-grid-list,.w-grid-none + #us_grid_1 .w-grid-list{margin-top:1.5rem}@media (max-width:992px){#us_grid_1 .w-grid-item{width:50%}}@media (max-width:600px){#us_grid_1 .w-grid-list{margin:0}#us_grid_1 .w-grid-item{width:100%;padding:0;margin-bottom:1.5rem}}.layout_32 .w-grid-item-h{}.layout_32 .usg_post_image_1{padding-bottom:12px!important}.layout_32 .usg_hwrapper_2{margin-top:12px!important}.layout_32 .usg_text_1{font-size:22px!important}.layout_32 .usg_text_2{font-size:22px!important}.layout_32 .usg_text_3{font-size:22px!important}.layout_32 .usg_post_custom_field_3{color:#999999!important;font-size:14px!important;margin-top:12px!important}<\/style><div class=\"w-grid-list\"><\/div><div class=\"w-grid-preloader\"><div class=\"g-preloader type_1\">\r\n\t<div><\/div>\r\n<\/div>\r\n<\/div>\t<div class=\"w-grid-json hidden\" onclick='return {&quot;action&quot;:&quot;us_ajax_grid&quot;,&quot;ajax_url&quot;:&quot;https:\\\/\\\/wisetg.com\\\/wp-admin\\\/admin-ajax.php&quot;,&quot;infinite_scroll&quot;:0,&quot;max_num_pages&quot;:0,&quot;pagination&quot;:&quot;none&quot;,&quot;permalink_url&quot;:&quot;https:\\\/\\\/wisetg.com\\\/es\\\/wp-json\\\/wp\\\/v2\\\/pages\\\/2379&quot;,&quot;template_vars&quot;:{&quot;columns&quot;:&quot;3&quot;,&quot;exclude_items&quot;:&quot;none&quot;,&quot;img_size&quot;:&quot;full&quot;,&quot;ignore_items_size&quot;:0,&quot;items_layout&quot;:&quot;32&quot;,&quot;items_offset&quot;:&quot;1&quot;,&quot;load_animation&quot;:&quot;none&quot;,&quot;overriding_link&quot;:&quot;none&quot;,&quot;post_id&quot;:2382,&quot;query_args&quot;:{&quot;post_type&quot;:[&quot;our-team&quot;],&quot;post_status&quot;:[&quot;publish&quot;,&quot;acf-disabled&quot;],&quot;posts_per_page&quot;:999},&quot;orderby_query_args&quot;:{&quot;orderby&quot;:{&quot;post__in&quot;:&quot;ASC&quot;},&quot;order&quot;:&quot;ASC&quot;},&quot;type&quot;:&quot;grid&quot;,&quot;us_grid_ajax_index&quot;:1,&quot;us_grid_filter_params&quot;:null,&quot;us_grid_index&quot;:1,&quot;_us_grid_post_type&quot;:&quot;our-team&quot;,&quot;page_args&quot;:[],&quot;lang&quot;:&quot;es&quot;}}'><\/div>\r\n\t<\/div><div class=\"w-grid-none type_message\">No se han encontrado resultados.<\/div><\/div><\/div><\/div><\/div><\/div><\/div><\/div><\/div><\/div><\/section>\n\n","protected":false},"excerpt":{"rendered":"QUIENES SOMOS QUIENES SOMOSWISE TRADING GROUP es un mayorista internacional de productos FMCG de primeras marcas. Suministramos una gama completa de productos y servicios desde centros de distribuci\u00f3n propios y asociados en Lituania, Ucrania e los Pa\u00edses Bajos a cientos de clientes en 35 pa\u00edses. Nuestro joven equipo que habla 28 idiomas se compromete a...","protected":false},"author":2,"featured_media":1485,"parent":0,"menu_order":0,"comment_status":"closed","ping_status":"closed","template":"","meta":{"_acf_changed":false,"footnotes":""},"class_list":["post-2379","page","type-page","status-publish","has-post-thumbnail","hentry"],"acf":[],"_links":{"self":[{"href":"https:\/\/wisetg.com\/es\/wp-json\/wp\/v2\/pages\/2379","targetHints":{"allow":["GET"]}}],"collection":[{"href":"https:\/\/wisetg.com\/es\/wp-json\/wp\/v2\/pages"}],"about":[{"href":"https:\/\/wisetg.com\/es\/wp-json\/wp\/v2\/types\/page"}],"author":[{"embeddable":true,"href":"https:\/\/wisetg.com\/es\/wp-json\/wp\/v2\/users\/2"}],"replies":[{"embeddable":true,"href":"https:\/\/wisetg.com\/es\/wp-json\/wp\/v2\/comments?post=2379"}],"version-history":[{"count":2,"href":"https:\/\/wisetg.com\/es\/wp-json\/wp\/v2\/pages\/2379\/revisions"}],"predecessor-version":[{"id":2381,"href":"https:\/\/wisetg.com\/es\/wp-json\/wp\/v2\/pages\/2379\/revisions\/2381"}],"wp:featuredmedia":[{"embeddable":true,"href":"https:\/\/wisetg.com\/es\/wp-json\/wp\/v2\/media\/1485"}],"wp:attachment":[{"href":"https:\/\/wisetg.com\/es\/wp-json\/wp\/v2\/media?parent=2379"}],"curies":[{"name":"wp","href":"https:\/\/api.w.org\/{rel}","templated":true}]}}