{"id":2347,"date":"2023-04-13T11:00:10","date_gmt":"2023-04-13T11:00:10","guid":{"rendered":"https:\/\/wisetg.com\/a-propos-de-nous"},"modified":"2023-08-22T12:10:47","modified_gmt":"2023-08-22T12:10:47","slug":"a-propos-de-nous","status":"publish","type":"page","link":"https:\/\/wisetg.com\/fr\/a-propos-de-nous","title":{"rendered":"A propos de nous"},"content":{"rendered":"<section class=\"l-section wpb_row us_custom_b99d7e5b theme__row row__shape-divider height_custom color_alternate with_img with_shape\"><div class=\"l-section-img\" data-img-width=\"1920\" data-img-height=\"640\" style=\"background-image: url(https:\/\/wisetg.com\/wp-content\/uploads\/2023\/04\/about-us__hero__01__web.webp);background-repeat: no-repeat;\"><\/div><div class=\"l-section-overlay\" style=\"background:var(--color-alt-content-overlay)\"><\/div><div class=\"l-section-shape type_tilt pos_bottom\" style=\"height:;\"><svg xmlns=\"http:\/\/www.w3.org\/2000\/svg\" viewBox=\"0 0 64 8\" preserveAspectRatio=\"none\" width=\"100%\" height=\"100%\">\r\n\t<path fill=\"currentColor\" d=\"M64 7.9 L64 10 L0 10 L0 0 Z\"\/>\r\n<\/svg><\/div><div class=\"l-section-h i-cf\"><div class=\"g-cols vc_row via_flex valign_top type_default stacking_default\"><div class=\"vc_col-sm-12 wpb_column vc_column_container\"><div class=\"vc_column-inner\"><div class=\"wpb_wrapper\"><div class=\"g-cols wpb_row via_flex valign_top type_default stacking_default\"><div class=\"vc_col-sm-12 wpb_column vc_column_container\"><div class=\"vc_column-inner\"><div class=\"wpb_wrapper\"><h1 class=\"w-post-elm post_title theme__post-title post-title__h1 theme__stylized entry-title color_link_inherit\">A propos de nous<\/h1><\/div><\/div><\/div><\/div><\/div><\/div><\/div><\/div><\/div><\/section>\n<section class=\"l-section wpb_row us_custom_5c06237d height_custom\"><div class=\"l-section-h i-cf\"><div class=\"g-cols vc_row via_flex valign_top type_default stacking_default\"><div class=\"vc_col-sm-12 wpb_column vc_column_container\"><div class=\"vc_column-inner\"><div class=\"wpb_wrapper\"><div class=\"g-cols wpb_row via_flex valign_top type_default stacking_default\"><div class=\"vc_col-sm-6 wpb_column vc_column_container\"><div class=\"vc_column-inner\"><div class=\"wpb_wrapper\"><h2 class=\"w-text theme__text text__h2 theme__stylized\"><span class=\"w-text-h\"><span class=\"w-text-value\">Qui sommes nous<\/span><\/span><\/h2><div class=\"wpb_text_column\"><div class=\"wpb_wrapper\"><p><b>WISE TRADING GROUP est un grossiste international de produits FMCG de grandes marques.<\/b><\/p>\n<p>Nous fournissons toute une gamme compl\u00e8te de produits et de services depuis nos propres centres de distribution et nos partenaires en Lituanie, en Ukraine et Pays-Bas \u00e0 des centaines de clients dans 35 pays. Notre jeune \u00e9quipe parlant 28 langues s&rsquo;engage \u00e0 fournir des services commerciaux rapides et de la meilleure qualit\u00e9, de l&rsquo;enqu\u00eate \u00e0 l&rsquo;approvisionnement en passant par la vente, l&rsquo;entrep\u00f4t et la livraison. La propre plateforme informatique permet l&rsquo;automatisation et l&rsquo;optimisation de l&rsquo;ensemble du processus de la cha\u00eene d&rsquo;approvisionnement, permettant une personnalisation compl\u00e8te du commerce via un point de r\u00e9f\u00e9rence unique.  <\/p>\n<p>Notre \u00e9quipe internationale et en pleine croissance est pr\u00eate pour de nouveaux partenariats et demandes de renseignements pour conclure les affaires de la meilleure fa\u00e7on.<\/p>\n<\/div><\/div><div class=\"w-tabs us_custom_a97935af theme__accordion style_default switch_click accordion\"><div class=\"w-tabs-sections titles-align_none icon_chevron cpos_right\"><div class=\"w-tabs-section\" id=\"rf89\"><button class=\"w-tabs-section-header\" aria-controls=\"content-rf89\" aria-expanded=\"false\"><h2 class=\"w-tabs-section-title\">Mission<\/h2><div class=\"w-tabs-section-control\"><\/div><\/button><div  class=\"w-tabs-section-content\" id=\"content-rf89\"><div class=\"w-tabs-section-content-h i-cf\"><div class=\"wpb_text_column\"><div class=\"wpb_wrapper\"><p>D\u00e9passer constamment les attentes des clients en proposant une s\u00e9lection diversifi\u00e9e de produits \u00e0 des prix comp\u00e9titifs, tout en offrant une exp\u00e9rience de magasinage in\u00e9gal\u00e9e gr\u00e2ce \u00e0 notre personnel comp\u00e9tent et amical. De plus, nous nous effor\u00e7ons de construire des relations \u00e0 long terme avec nos fournisseurs, distributeurs et partenaires pour assurer la durabilit\u00e9 de notre entreprise<\/p>\n<\/div><\/div><\/div><\/div><\/div><div class=\"w-tabs-section\" id=\"i0a6\"><button class=\"w-tabs-section-header\" aria-controls=\"content-i0a6\" aria-expanded=\"false\"><h2 class=\"w-tabs-section-title\">Vision<\/h2><div class=\"w-tabs-section-control\"><\/div><\/button><div  class=\"w-tabs-section-content\" id=\"content-i0a6\"><div class=\"w-tabs-section-content-h i-cf\"><div class=\"wpb_text_column\"><div class=\"wpb_wrapper\"><p>\u00catre le fournisseur \u00e0 la croissance la plus rapide et le plus flexible, proposant une large gamme de produits et un service client exceptionnel.<\/p>\n<\/div><\/div><\/div><\/div><\/div><\/div><\/div><\/div><\/div><\/div><div class=\"vc_col-sm-6 wpb_column vc_column_container\"><div class=\"vc_column-inner\"><div class=\"wpb_wrapper\"><div class=\"w-video align_none ratio_16x9 has_iframe\"><div class=\"w-video-h\"><iframe title=\"Youtube video player\" src=\"\/\/www.youtube.com\/embed\/er5-xn6VpCE?origin=https:\/\/wisetg.com&controls=1\" allowfullscreen=\"1\" loading=\"lazy\"><\/iframe><\/div><div class=\"w-video-icon\" style=\"font-size:1.5rem;background:rgba(0,0,0,0.5);color:#fff\"><\/div><\/div><\/div><\/div><\/div><\/div><\/div><\/div><\/div><\/div><\/div><\/section><section class=\"l-section wpb_row us_custom_c5112300 theme__row row__shape-divider height_custom with_shape\"><div class=\"l-section-shape type_tilt pos_top hor_flip\" style=\"height:;\"><svg xmlns=\"http:\/\/www.w3.org\/2000\/svg\" viewBox=\"0 0 64 8\" preserveAspectRatio=\"none\" width=\"100%\" height=\"100%\">\r\n\t<path fill=\"currentColor\" d=\"M64 7.9 L64 10 L0 10 L0 0 Z\"\/>\r\n<\/svg><\/div><div class=\"l-section-shape type_tilt pos_bottom\" style=\"height:;color:var(--color-footer-bg)\"><svg xmlns=\"http:\/\/www.w3.org\/2000\/svg\" viewBox=\"0 0 64 8\" preserveAspectRatio=\"none\" width=\"100%\" height=\"100%\">\r\n\t<path fill=\"currentColor\" d=\"M64 7.9 L64 10 L0 10 L0 0 Z\"\/>\r\n<\/svg><\/div><div class=\"l-section-h i-cf\"><div class=\"g-cols vc_row via_flex valign_top type_default stacking_default\"><div class=\"vc_col-sm-12 wpb_column vc_column_container\"><div class=\"vc_column-inner\"><div class=\"wpb_wrapper\"><div class=\"g-cols wpb_row via_flex valign_top type_default stacking_default\"><div class=\"vc_col-sm-12 wpb_column vc_column_container\"><div class=\"vc_column-inner\"><div class=\"wpb_wrapper\"><h2 class=\"w-text theme__text text__h2 theme__stylized\"><span class=\"w-text-h\"><span class=\"w-text-value\">Notre \u00e9quipe<\/span><\/span><\/h2><\/div><\/div><\/div><\/div><div class=\"g-cols wpb_row us_custom_95fa5cc2 via_flex valign_top type_default stacking_default\"><div class=\"vc_col-sm-8 wpb_column vc_column_container\"><div class=\"vc_column-inner\"><div class=\"wpb_wrapper\"><div class=\"wpb_text_column\"><div class=\"wpb_wrapper\"><p>Notre jeune \u00e9quipe couvre toute l&rsquo;Europe, tout en tirant parti de l&rsquo;exp\u00e9rience de plus de 20 sp\u00e9cialistes multilingues qualifi\u00e9s en vente, achats et logistique qui g\u00e8rent la vaste gamme de plus de 100 produits de grande marque et travaillant avec des centaines de clients dans 35 pays. Une connaissance compl\u00e8te des processus de la cha\u00eene d&rsquo;approvisionnement, l&rsquo;attention constante \u00e0 la satisfaction du client et la plateforme informatique innovante bas\u00e9e sur l&rsquo;Internet font de notre entreprise un partenaire FMCG fiable pour toutes les parties prenantes.<\/p>\n<\/div><\/div><\/div><\/div><\/div><div class=\"vc_col-sm-4 vc_hidden-sm vc_hidden-xs wpb_column vc_column_container\"><div class=\"vc_column-inner\"><div class=\"wpb_wrapper\"><div class=\"w-image align_none\"><div class=\"w-image-h\"><img decoding=\"async\" src=\"https:\/\/wisetg.com\/wp-content\/uploads\/2023\/04\/logo__wise-trading-group.svg\" class=\"attachment-full size-full\" alt=\"Wise TG\" \/><\/div><\/div><\/div><\/div><\/div><\/div><div class=\"g-cols wpb_row via_flex valign_top type_default stacking_default\"><div class=\"vc_col-sm-12 wpb_column vc_column_container\"><div class=\"vc_column-inner\"><div class=\"wpb_wrapper\"><div class=\"w-grid us_custom_a97935af type_grid layout_32 hidden cols_3\" id=\"us_grid_1\" data-filterable=\"true\"><style>#us_grid_1 .w-grid-item{padding:1.5rem}#us_grid_1 .w-grid-list{margin:-1.5rem}.w-grid + #us_grid_1 .w-grid-list,.w-grid-none + #us_grid_1 .w-grid-list{margin-top:1.5rem}@media (max-width:992px){#us_grid_1 .w-grid-item{width:50%}}@media (max-width:600px){#us_grid_1 .w-grid-list{margin:0}#us_grid_1 .w-grid-item{width:100%;padding:0;margin-bottom:1.5rem}}.layout_32 .w-grid-item-h{}.layout_32 .usg_post_image_1{padding-bottom:12px!important}.layout_32 .usg_hwrapper_2{margin-top:12px!important}.layout_32 .usg_text_1{font-size:22px!important}.layout_32 .usg_text_2{font-size:22px!important}.layout_32 .usg_text_3{font-size:22px!important}.layout_32 .usg_post_custom_field_3{color:#999999!important;font-size:14px!important;margin-top:12px!important}<\/style><div class=\"w-grid-list\"><\/div><div class=\"w-grid-preloader\"><div class=\"g-preloader type_1\">\r\n\t<div><\/div>\r\n<\/div>\r\n<\/div>\t<div class=\"w-grid-json hidden\" onclick='return {&quot;action&quot;:&quot;us_ajax_grid&quot;,&quot;ajax_url&quot;:&quot;https:\\\/\\\/wisetg.com\\\/wp-admin\\\/admin-ajax.php&quot;,&quot;infinite_scroll&quot;:0,&quot;max_num_pages&quot;:0,&quot;pagination&quot;:&quot;none&quot;,&quot;permalink_url&quot;:&quot;https:\\\/\\\/wisetg.com\\\/fr\\\/wp-json\\\/wp\\\/v2\\\/pages\\\/2347&quot;,&quot;template_vars&quot;:{&quot;columns&quot;:&quot;3&quot;,&quot;exclude_items&quot;:&quot;none&quot;,&quot;img_size&quot;:&quot;full&quot;,&quot;ignore_items_size&quot;:0,&quot;items_layout&quot;:&quot;32&quot;,&quot;items_offset&quot;:&quot;1&quot;,&quot;load_animation&quot;:&quot;none&quot;,&quot;overriding_link&quot;:&quot;none&quot;,&quot;post_id&quot;:2353,&quot;query_args&quot;:{&quot;post_type&quot;:[&quot;our-team&quot;],&quot;post_status&quot;:[&quot;publish&quot;,&quot;acf-disabled&quot;],&quot;posts_per_page&quot;:999},&quot;orderby_query_args&quot;:{&quot;orderby&quot;:{&quot;post__in&quot;:&quot;ASC&quot;},&quot;order&quot;:&quot;ASC&quot;},&quot;type&quot;:&quot;grid&quot;,&quot;us_grid_ajax_index&quot;:1,&quot;us_grid_filter_params&quot;:null,&quot;us_grid_index&quot;:1,&quot;_us_grid_post_type&quot;:&quot;our-team&quot;,&quot;page_args&quot;:[],&quot;lang&quot;:&quot;fr&quot;}}'><\/div>\r\n\t<\/div><div class=\"w-grid-none type_message\">Aucun r\u00e9sultat.<\/div><\/div><\/div><\/div><\/div><\/div><\/div><\/div><\/div><\/div><\/section>\n\n","protected":false},"excerpt":{"rendered":"A propos de nous Qui sommes nousWISE TRADING GROUP est un grossiste international de produits FMCG de grandes marques. Nous fournissons toute une gamme compl\u00e8te de produits et de services depuis nos propres centres de distribution et nos partenaires en Lituanie, en Ukraine et Pays-Bas \u00e0 des centaines de clients dans 35 pays. Notre jeune...","protected":false},"author":2,"featured_media":1484,"parent":0,"menu_order":0,"comment_status":"closed","ping_status":"closed","template":"","meta":{"_acf_changed":false,"footnotes":""},"class_list":["post-2347","page","type-page","status-publish","has-post-thumbnail","hentry"],"acf":[],"_links":{"self":[{"href":"https:\/\/wisetg.com\/fr\/wp-json\/wp\/v2\/pages\/2347","targetHints":{"allow":["GET"]}}],"collection":[{"href":"https:\/\/wisetg.com\/fr\/wp-json\/wp\/v2\/pages"}],"about":[{"href":"https:\/\/wisetg.com\/fr\/wp-json\/wp\/v2\/types\/page"}],"author":[{"embeddable":true,"href":"https:\/\/wisetg.com\/fr\/wp-json\/wp\/v2\/users\/2"}],"replies":[{"embeddable":true,"href":"https:\/\/wisetg.com\/fr\/wp-json\/wp\/v2\/comments?post=2347"}],"version-history":[{"count":11,"href":"https:\/\/wisetg.com\/fr\/wp-json\/wp\/v2\/pages\/2347\/revisions"}],"predecessor-version":[{"id":2535,"href":"https:\/\/wisetg.com\/fr\/wp-json\/wp\/v2\/pages\/2347\/revisions\/2535"}],"wp:featuredmedia":[{"embeddable":true,"href":"https:\/\/wisetg.com\/fr\/wp-json\/wp\/v2\/media\/1484"}],"wp:attachment":[{"href":"https:\/\/wisetg.com\/fr\/wp-json\/wp\/v2\/media?parent=2347"}],"curies":[{"name":"wp","href":"https:\/\/api.w.org\/{rel}","templated":true}]}}