{"id":2358,"date":"2023-04-13T06:35:46","date_gmt":"2023-04-13T06:35:46","guid":{"rendered":"https:\/\/wisetg.com\/politique-de-confidentialite"},"modified":"2023-04-13T06:35:46","modified_gmt":"2023-04-13T06:35:46","slug":"politique-de-confidentialite","status":"publish","type":"page","link":"https:\/\/wisetg.com\/fr\/politique-de-confidentialite","title":{"rendered":"Politique de confidentialit\u00e9"},"content":{"rendered":"<ol>\n<li>La pr\u00e9sente politique de confidentialit\u00e9 des donn\u00e9es personnelles (ci-apr\u00e8s d\u00e9nomm\u00e9e la politique de confidentialit\u00e9), pr\u00e9par\u00e9e conform\u00e9ment au r\u00e8glement g\u00e9n\u00e9ral sur la protection des donn\u00e9es de l&rsquo;UE (GDPR), \u00e9tablit les conditions de traitement de vos donn\u00e9es personnelles collect\u00e9es sur ce site web www.wisetg.com par le contr\u00f4leur de donn\u00e9es UAB Wise Trading Group, dont le si\u00e8ge social est situ\u00e9 \u00e0 J.Jasinskio g.16 01112. Vilnius, Lituanie, courriel : <a href=\"mailto:hello@wisetg.com\">hello@wisetg.com.<\/a><\/li>\n<li>\n<div><strong>Autorisation<\/strong><\/div>\n<div>En utilisant notre site web, vous donnez votre accord et acceptez les termes de notre politique de confidentialit\u00e9.<\/div>\n<div>Les <strong>informations que nous recueillons<\/strong>:<\/div>\n<ul>\n<li>\n<div>Donn\u00e9es de navigation de l&rsquo;utilisateur du site web : les donn\u00e9es de navigation anonymes permettent d&rsquo;examiner et d&rsquo;assurer le fonctionnement technique et les performances du site lui-m\u00eame.<\/div>\n<\/li>\n<li>\n<div>Donn\u00e9es fournies par l&rsquo;utilisateur : les donn\u00e9es fournies par vous sont principalement fonctionnelles \u00e0 l&rsquo;identification de votre personne et n\u00e9cessaires \u00e0 la bonne gestion de vos demandes d&rsquo;informations commerciales, telles que, par exemple, le nom, le pr\u00e9nom, le nom de la soci\u00e9t\u00e9, le num\u00e9ro de t\u00e9l\u00e9phone, l&rsquo;adresse \u00e9lectronique.<\/div>\n<\/li>\n<\/ul>\n<\/li>\n<li>\n<div><strong>Conservation des donn\u00e9es<\/strong><\/div>\n<div>Conform\u00e9ment \u00e0 la l\u00e9gislation applicable et \u00e0 la pr\u00e9sente politique, vos donn\u00e9es seront stock\u00e9es pendant une p\u00e9riode autoris\u00e9e et pas plus longue que celle requise pour atteindre les objectifs pour lesquels elles sont trait\u00e9es et pendant le temps n\u00e9cessaire pour ex\u00e9cuter le service et vous fournir les informations demand\u00e9es.<\/div>\n<div>Si vous laissez un commentaire, celui-ci et ses m\u00e9tadonn\u00e9es sont conserv\u00e9s ind\u00e9finiment. Cela nous permet de reconna\u00eetre et d&rsquo;approuver automatiquement les commentaires de suivi au lieu de les garder dans une file d&rsquo;attente de mod\u00e9ration.<\/div>\n<div>Pour les utilisateurs qui s&rsquo;inscrivent sur notre site web (le cas \u00e9ch\u00e9ant), nous stockons \u00e9galement les informations personnelles qu&rsquo;ils fournissent dans leur profil d&rsquo;utilisateur. Tous les utilisateurs peuvent voir, modifier ou supprimer leurs informations personnelles \u00e0 tout moment (sauf qu&rsquo;ils ne peuvent pas changer leur nom d&rsquo;utilisateur). Les administrateurs du site web peuvent \u00e9galement voir et modifier ces informations.<\/div>\n<\/li>\n<li>\n<div><strong>Finalit\u00e9s du traitement des donn\u00e9es \u00e0 caract\u00e8re personnel<\/strong><\/div>\n<ul>\n<li>\n<div>Collecte des donn\u00e9es de navigation des visiteurs du site : en tant qu&rsquo;utilisateur du site web, WTG traite vos donn\u00e9es de navigation anonymes afin de contr\u00f4ler les performances techniques du site web. Ces donn\u00e9es sont n\u00e9cessaires pour assurer une bonne navigation sur le site et la disponibilit\u00e9 de ses fonctionnalit\u00e9s, comme d\u00e9crit dans notre \u00ab\u00a0Politique en mati\u00e8re de cookies\u00a0\u00bb.<\/div>\n<\/li>\n<li>\n<div>Gestion des formulaires de contact : WTG traite les donn\u00e9es que vous avez fournies pour g\u00e9rer toutes les demandes d&rsquo;informations commerciales sur nos produits et services que vous avez demand\u00e9es en remplissant les diff\u00e9rents formulaires de contact du site web. WTG traitera \u00e9galement vos donn\u00e9es, fournies volontairement, afin de traiter toutes les autres demandes re\u00e7ues par le biais des adresses \u00e9lectroniques mises \u00e0 la disposition des utilisateurs sur les diff\u00e9rentes pages du site, afin de fournir les services sp\u00e9cifiques et\/ou les informations demand\u00e9es.<\/div>\n<\/li>\n<\/ul>\n<\/li>\n<li>\n<div><strong>Base juridique du traitement des donn\u00e9es<\/strong><\/div>\n<div>Tous les traitements sont effectu\u00e9s pour des finalit\u00e9s premi\u00e8res pour lesquelles la l\u00e9gislation sur la protection des donn\u00e9es exclut la n\u00e9cessit\u00e9 d&rsquo;obtenir un consentement sp\u00e9cifique, en appliquant alternativement diff\u00e9rentes bases juridiques qui rendent le traitement licite en l&rsquo;absence de consentement. Aux fins indiqu\u00e9es ci-dessus, le traitement de vos donn\u00e9es personnelles est une condition n\u00e9cessaire pour g\u00e9rer vos demandes. Nous pouvons traiter vos donn\u00e9es \u00e0 caract\u00e8re personnel sur la base des fondements juridiques suivants, qui peuvent inclure :<\/div>\n<ul>\n<li>\n<div>votre consentement au traitement de vos donn\u00e9es \u00e0 caract\u00e8re personnel pour une raison particuli\u00e8re ;<\/div>\n<\/li>\n<li>\n<div>le traitement des donn\u00e9es est n\u00e9cessaire pour ex\u00e9cuter le contrat auquel vous \u00eates l&rsquo;une des parties, ou pour prendre des mesures \u00e0 votre demande avant la conclusion du contrat ;<\/div>\n<\/li>\n<li>\n<div>le traitement des donn\u00e9es est n\u00e9cessaire pour garantir nos int\u00e9r\u00eats l\u00e9gaux ou les int\u00e9r\u00eats l\u00e9gaux d&rsquo;un tiers.<\/div>\n<\/li>\n<\/ul>\n<\/li>\n<li>\n<div><strong>Comment nous utilisons vos informations<\/strong><\/div>\n<\/li>\n<li>\n<div>Nous utilisons les informations collect\u00e9es de diff\u00e9rentes mani\u00e8res, notamment pour :<\/div>\n<ul>\n<li>\n<div>Assurer la disponibilit\u00e9 de nos produits et services sur notre site web<\/div>\n<\/li>\n<li>\n<div>Fournir, exploiter et maintenir notre site web<\/div>\n<\/li>\n<li>\n<div>Am\u00e9liorer, personnaliser et d\u00e9velopper notre site web<\/div>\n<\/li>\n<li>\n<div>Comprendre et analyser la fa\u00e7on dont vous utilisez notre site web<\/div>\n<\/li>\n<li>\n<div>Pr\u00e9venir les actions frauduleuses et le transfert de spam<\/div>\n<\/li>\n<li>\n<div>D\u00e9velopper de nouveaux produits, services, caract\u00e9ristiques et fonctionnalit\u00e9s<\/div>\n<\/li>\n<li>\n<div>ex\u00e9cuter le contrat auquel vous \u00eates partie, ou prendre des mesures \u00e0 votre demande avant la conclusion du contrat<\/div>\n<\/li>\n<li>\n<div>communiquer avec vous, soit directement, soit par l&rsquo;interm\u00e9diaire de l&rsquo;un de nos partenaires, notamment pour le service \u00e0 la client\u00e8le, pour vous fournir des mises \u00e0 jour et d&rsquo;autres informations relatives au site web, ainsi qu&rsquo;\u00e0 des fins de marketing et de promotion. Nous pouvons utiliser vos nom, pr\u00e9nom, num\u00e9ro de t\u00e9l\u00e9phone, e-mail, adresse IP pour communiquer avec vous afin de soutenir notre entreprise et le fonctionnement du site, y compris votre compte utilisateur, pour assurer le respect des m\u00e9thodes de communication pr\u00e9f\u00e9r\u00e9es que vous avez sp\u00e9cifi\u00e9es, et \u00e9galement pour vous fournir des informations actualis\u00e9es sur nos services (formations, s\u00e9minaires, promotions, \u00e9v\u00e9nements organis\u00e9s par nous ou nos partenaires, renouvellement de la gamme de produits, vous f\u00e9liciter \u00e0 l&rsquo;occasion de f\u00eates\/\u00e9v\u00e9nements).<\/div>\n<\/li>\n<li>\n<div>vous envoyer des communications commerciales directes par courrier publicitaire, e-mail, lettre d&rsquo;information, SMS\/Whatsapp, appels t\u00e9l\u00e9phoniques<\/div>\n<\/li>\n<\/ul>\n<\/li>\n<li>\n<div><strong>Fichiers journaux<\/strong><\/div>\n<div>WTG suit une proc\u00e9dure standard d&rsquo;utilisation des fichiers journaux. Ces fichiers enregistrent les visiteurs lorsqu&rsquo;ils visitent des sites web. Les informations collect\u00e9es par les fichiers journaux comprennent les adresses de protocole Internet (IP), le type de navigateur, le fournisseur d&rsquo;acc\u00e8s Internet (FAI), la date et l&rsquo;heure, les pages de renvoi et de sortie, et \u00e9ventuellement le nombre de clics. Elles ne sont pas li\u00e9es \u00e0 des informations personnellement identifiables. L&rsquo;objectif de ces informations est d&rsquo;analyser les tendances, d&rsquo;administrer le site, de suivre les mouvements des utilisateurs sur le site et de recueillir des informations d\u00e9mographiques.<\/div>\n<\/li>\n<li>\n<div><strong>Cookies<\/strong><\/div>\n<div>Comme tout autre site web, WTG utilise des \u00ab\u00a0cookies\u00a0\u00bb. Ces cookies sont utilis\u00e9s pour stocker des informations telles que les pr\u00e9f\u00e9rences des visiteurs et les pages du site Web auxquelles le visiteur a acc\u00e9d\u00e9 ou qu&rsquo;il a visit\u00e9es. Ces informations sont utilis\u00e9es pour optimiser l&rsquo;exp\u00e9rience des utilisateurs en personnalisant le contenu de nos pages web en fonction du type de navigateur des visiteurs et\/ou d&rsquo;autres informations.<\/div>\n<div>Pour des informations plus g\u00e9n\u00e9rales sur les cookies, veuillez consulter notre Politique en mati\u00e8re de cookies.<\/div>\n<\/li>\n<li>\n<div><strong>Nos partenaires publicitaires<\/strong><\/div>\n<div>Certains annonceurs sur notre site web peuvent utiliser des cookies. Chacun de nos partenaires publicitaires, \u00e9num\u00e9r\u00e9s ci-dessous, dispose de sa propre politique de confidentialit\u00e9 en ce qui concerne les donn\u00e9es des utilisateurs :<\/div>\n<p>Google &#8211; <a href=\"https:\/\/policies.google.com\/technologies\/ads\" target=\"_blank\" rel=\"noopener\">https:\/\/policies.google.com\/technologies\/ads<\/a><br \/>\nFacebook &#8211; <a href=\"https:\/\/facebook.com\/privacy\/explanation\" target=\"_blank\" rel=\"noopener\">https:\/\/facebook.com\/privacy\/explanation<\/a><br \/>\nLinkedin &#8211; <a href=\"https:\/\/www.linkedin.com\/legal\/sas-terms\">https:\/\/www.linkedin.com\/legal\/sas-terms<\/a><\/p>\n<div>Les serveurs publicitaires tiers ou les r\u00e9seaux publicitaires utilisent des technologies telles que les cookies, le JavaScript ou les pixels invisibles qui sont utilis\u00e9s dans leurs publicit\u00e9s et liens respectifs qui apparaissent sur WTG et qui sont envoy\u00e9s directement au navigateur de l&rsquo;utilisateur. Ils re\u00e7oivent automatiquement votre adresse IP lorsque cela se produit. Ces technologies sont utilis\u00e9es pour mesurer l&rsquo;efficacit\u00e9 de leurs campagnes publicitaires et\/ou pour personnaliser le contenu publicitaire que vous voyez sur les sites web que vous visitez.<\/div>\n<div>Il est \u00e0 noter que WTG n&rsquo;a aucun acc\u00e8s ou contr\u00f4le sur ces cookies utilis\u00e9s par des annonceurs tiers.<\/div>\n<\/li>\n<li>\n<div><strong>Droits de protection de l&rsquo;utilisateur<\/strong><\/div>\n<div>\u00c0 tout moment, vous avez le droit de :<\/div>\n<ul>\n<li>\n<div>demander des copies de vos donn\u00e9es personnelles (droit d&rsquo;acc\u00e8s, article 15 du GDPR) ;<\/div>\n<\/li>\n<li>\n<div>demander la rectification des donn\u00e9es &#8211; pour corriger toute information que vous estimez inexacte ; vous avez \u00e9galement le droit de demander \u00e0 compl\u00e9ter les informations que vous estimez incompl\u00e8tes (droit de rectification) ;<\/div>\n<\/li>\n<li>\n<div>demander l&rsquo;effacement de vos donn\u00e9es personnelles (droit \u00e0 l&rsquo;oubli, article 17 du GDPR) ;<\/div>\n<\/li>\n<li>\n<div>demander la limitation du traitement de vos donn\u00e9es \u00e0 caract\u00e8re personnel (droit de limitation, article 18 du GDPR) ;<\/div>\n<\/li>\n<li>\n<div>demander le transfert des donn\u00e9es que nous avons collect\u00e9es \u00e0 une autre organisation, ou directement \u00e0 vous (droit \u00e0 la portabilit\u00e9 des donn\u00e9es, art.20 du GDPR) ;<\/div>\n<\/li>\n<li>droit d&rsquo;opposition \u00e0 vos donn\u00e9es personnelles (art.22 du GDPR) ;<\/li>\n<li>retirer votre consentement \u00e0 tout moment sans affecter la validit\u00e9 du traitement effectu\u00e9 avant cette r\u00e9vocation du consentement si le traitement est bas\u00e9 sur votre consentement explicite \u00e0 un tel traitement.\n<div>Si vous souhaitez exercer l&rsquo;un de ces droits, veuillez envoyer un courriel \u00e0 <a href=\"mailto:hello@wisetg.com\">hello@wisetg.com<\/a>. <a href=\"mailto:hello@wisetg.com\"><br \/>\n<\/a><\/div>\n<\/li>\n<\/ul>\n<\/li>\n<li>\n<div><strong>Protection des donn\u00e9es personnelles<\/strong><\/div>\n<div>Conform\u00e9ment au GDPR de l&rsquo;UE, <strong>Wise Trading Group<\/strong> stocke vos informations personnelles sur des serveurs s\u00e9curis\u00e9s avec un acc\u00e8s limit\u00e9 et nos mesures de s\u00e9curit\u00e9 sont continuellement v\u00e9rifi\u00e9es pour d\u00e9terminer si les informations des utilisateurs sont trait\u00e9es correctement en tenant compte des droits de l&rsquo;utilisateur.<\/div>\n<\/li>\n<li>\n<div><strong>Amendements<\/strong><\/div>\n<div>WTG se r\u00e9serve le droit de r\u00e9viser la pr\u00e9sente politique de confidentialit\u00e9. Les notifications de tout amendement et de toute r\u00e9vision, ainsi que la derni\u00e8re version de la politique de confidentialit\u00e9, seront publi\u00e9es sur notre site web au moyen d&rsquo;un avis sp\u00e9cial ou lors de votre prochaine visite sur notre site web.<\/div>\n<\/li>\n<\/ol>\n","protected":false},"excerpt":{"rendered":"<p>La pr\u00e9sente politique de confidentialit\u00e9 des donn\u00e9es personnelles (ci-apr\u00e8s d\u00e9nomm\u00e9e la politique de confidentialit\u00e9), pr\u00e9par\u00e9e conform\u00e9ment au r\u00e8glement g\u00e9n\u00e9ral sur la protection des donn\u00e9es de l&rsquo;UE (GDPR), \u00e9tablit les conditions de traitement de vos donn\u00e9es personnelles collect\u00e9es sur ce site web www.wisetg.com par le contr\u00f4leur de donn\u00e9es UAB Wise Trading Group, dont le si\u00e8ge social&#8230;<\/p>\n","protected":false},"author":1,"featured_media":0,"parent":0,"menu_order":0,"comment_status":"closed","ping_status":"open","template":"","meta":{"_acf_changed":false,"footnotes":""},"class_list":["post-2358","page","type-page","status-publish","hentry"],"acf":[],"_links":{"self":[{"href":"https:\/\/wisetg.com\/fr\/wp-json\/wp\/v2\/pages\/2358","targetHints":{"allow":["GET"]}}],"collection":[{"href":"https:\/\/wisetg.com\/fr\/wp-json\/wp\/v2\/pages"}],"about":[{"href":"https:\/\/wisetg.com\/fr\/wp-json\/wp\/v2\/types\/page"}],"author":[{"embeddable":true,"href":"https:\/\/wisetg.com\/fr\/wp-json\/wp\/v2\/users\/1"}],"replies":[{"embeddable":true,"href":"https:\/\/wisetg.com\/fr\/wp-json\/wp\/v2\/comments?post=2358"}],"version-history":[{"count":0,"href":"https:\/\/wisetg.com\/fr\/wp-json\/wp\/v2\/pages\/2358\/revisions"}],"wp:attachment":[{"href":"https:\/\/wisetg.com\/fr\/wp-json\/wp\/v2\/media?parent=2358"}],"curies":[{"name":"wp","href":"https:\/\/api.w.org\/{rel}","templated":true}]}}