{"id":2359,"date":"2023-04-14T07:16:11","date_gmt":"2023-04-14T07:16:11","guid":{"rendered":"https:\/\/wisetg.com\/politique-en-matiere-de-cookies"},"modified":"2023-04-14T07:16:11","modified_gmt":"2023-04-14T07:16:11","slug":"politique-en-matiere-de-cookies","status":"publish","type":"page","link":"https:\/\/wisetg.com\/fr\/politique-en-matiere-de-cookies","title":{"rendered":"Politique en mati\u00e8re de cookies"},"content":{"rendered":"<ol>\n<li>Cette politique en mati\u00e8re de cookies s&rsquo;applique au site web <a href=\"https:\/\/wisetg.com\/fr\">www.wisetg.com<\/a> exploit\u00e9 par <strong>UAB WISE TRADING GROUP (\u00e9galement WTG<\/strong>). En naviguant sur ce site web, vous autorisez l&rsquo;utilisation de cookies dans votre navigateur. WTG recueille des informations sur les visiteurs, telles que l&rsquo;adresse IP, le type de navigateur web, les pages visit\u00e9es, les langues utilis\u00e9es, le login et d&rsquo;autres informations pour des raisons statistiques, de performance et de s\u00e9curit\u00e9, ainsi que pour am\u00e9liorer la fonctionnalit\u00e9 du site web.<\/li>\n<li>\n<div class=\"mb-3 fw-bold\"><strong>Quels sont les biscuits ?<\/strong><\/div>\n<div class=\"mb-2\">Les cookies sont de petits fichiers texte contenant certaines informations qui sont stock\u00e9es sur votre appareil lorsque vous visitez le site web. Ils sont utilis\u00e9s pour suivre la navigation sur le site web et pour am\u00e9liorer l&rsquo;exp\u00e9rience de l&rsquo;utilisateur.<\/div>\n<div class=\"mb-2\">Les cookies sont des paquets d&rsquo;informations envoy\u00e9s par un serveur web au navigateur de l&rsquo;utilisateur et automatiquement stock\u00e9s sur l&rsquo;ordinateur. Les cookies sont envoy\u00e9s \u00e0 votre ordinateur personnel lors de votre premi\u00e8re visite sur le site web. Par la suite, les cookies sont utilis\u00e9s pour l&rsquo;identification d&rsquo;un ordinateur personnel et pour optimiser l&rsquo;acc\u00e8s au site web ou aux informations qu&rsquo;il contient.<\/div>\n<div class=\"mb-2\">Les cookies sont n\u00e9cessaires pour fournir certaines fonctionnalit\u00e9s sur un site web, par exemple pour conserver un choix de langue effectu\u00e9 par un utilisateur. Les cookies permettent \u00e0 l&rsquo;\u00e9metteur de reconna\u00eetre que le site web a \u00e9t\u00e9 appel\u00e9 pr\u00e9c\u00e9demment par un certain appareil, ce qui permet d&rsquo;identifier les visiteurs qui reviennent (ou leurs appareils) et de recueillir des informations sur leur utilisation du site web et leurs pr\u00e9f\u00e9rences. La plupart des navigateurs permettent aux utilisateurs de g\u00e9rer les cookies en utilisant les param\u00e8tres de configuration d&rsquo;un navigateur web.<\/div>\n<\/li>\n<li>\n<div class=\"mb-3 fw-bold\"><strong>Types de cookies<\/strong><\/div>\n<ol>\n<li>\n<div class=\"mb-3 fw-bold\"><strong>Strictement n\u00e9cessaire<\/strong><\/div>\n<ol>\n<li>\n<div class=\"mb-3 fw-bold\">Les cookies n\u00e9cessaires permettent d&rsquo;offrir une meilleure exp\u00e9rience lors de votre navigation sur le site web et de garantir des fonctionnalit\u00e9s et des dispositifs de s\u00e9curit\u00e9 ad\u00e9quats. Aucune information personnelle n&rsquo;est stock\u00e9e.<\/div>\n<\/li>\n<\/ol>\n<\/li>\n<li>\n<div class=\"mb-3 fw-bold\"><strong>Cookies de performance et de fonctionnalit\u00e9<\/strong><\/div>\n<ol>\n<li>\n<div class=\"mb-3 fw-bold\">Ces cookies stockent des informations sur la navigation des visiteurs sur le site web, telles que les pages, les langues, les options d&rsquo;affichage, le nombre de visites, la dur\u00e9e, le navigateur utilis\u00e9, le nom de domaine du site web visit\u00e9 pr\u00e9c\u00e9demment, l&rsquo;int\u00e9gration de l&rsquo;e-mail et des m\u00e9dias sociaux, etc.<\/div>\n<\/li>\n<li>\n<div class=\"mb-3 fw-bold\">Ils nous aident \u00e0 identifier vos pr\u00e9f\u00e9rences locales lors de l&rsquo;acc\u00e8s au site web et \u00e0 am\u00e9liorer la convivialit\u00e9 d&rsquo;un site web et l&rsquo;exp\u00e9rience de l&rsquo;utilisateur.<\/div>\n<\/li>\n<\/ol>\n<\/li>\n<li>\n<div class=\"mb-3 fw-bold\"><strong>Cookies de marketing<\/strong><\/div>\n<ol>\n<li>\n<div class=\"mb-3 fw-bold\">Les cookies de marketing (ou cookies de ciblage\/publicit\u00e9) sont utilis\u00e9s pour diffuser des annonces pertinentes sur des sites web de tiers et pour impliquer les utilisateurs individuels. Nous utilisons les outils Google Analytics pour comprendre votre comportement sur le site web et comment nous pouvons vous offrir une meilleure exp\u00e9rience. Les produits acquis<\/div>\n<\/li>\n<li>\n<div class=\"mb-3 fw-bold\">Ces informations nous aident \u00e0 am\u00e9liorer le contenu du site web en fonction de vos pr\u00e9f\u00e9rences.<\/div>\n<\/li>\n<\/ol>\n<\/li>\n<li>\n<div class=\"mb-3 fw-bold\"><strong>Comment g\u00e9rer les cookies<\/strong><\/div>\n<div class=\"mb-3 fw-bold\">Cliquez sur les liens ci-dessous pour savoir comment configurer votre ordinateur et votre navigateur pour g\u00e9rer les cookies :<\/div>\n<ol>\n<li>\n<div class=\"mb-3 fw-bold\"><a href=\"https:\/\/support.google.com\/accounts\/answer\/61416?co=GENIE.Platform%3DDesktop&amp;hl=en\" target=\"_blank\" rel=\"noopener\">Google Chrome<\/a><\/div>\n<\/li>\n<li>\n<div class=\"mb-3 fw-bold\"><a href=\"https:\/\/support.microsoft.com\/ru-ru\/windows\/%D0%B1%D1%80%D0%B0%D1%83%D0%B7%D0%B5%D1%80-microsoft-edge-%D0%B4%D0%B0%D0%BD%D0%BD%D1%8B%D0%B5-%D0%B1%D1%80%D0%B0%D1%83%D0%B7%D0%B5%D1%80%D0%B0-%D0%B8-%D0%BA%D0%BE%D0%BD%D1%84%D0%B8%D0%B4%D0%B5%D0%BD%D1%86%D0%B8%D0%B0%D0%BB%D1%8C%D0%BD%D0%BE%D1%81%D1%82%D1%8C-bb8174ba-9d73-dcf2-9b4a-c582b4e640dd\" target=\"_blank\" rel=\"noopener\">Microsoft Edge<\/a><\/div>\n<\/li>\n<li>\n<div class=\"mb-3 fw-bold\"><a href=\"https:\/\/support.mozilla.org\/en-US\/kb\/enhanced-tracking-protection-firefox-desktop?redirectslug=enable-and-disable-cookies-website-preferences&amp;redirectlocale=en-US\" target=\"_blank\" rel=\"noopener\">Mozilla Firefox<\/a><\/div>\n<\/li>\n<li>\n<div class=\"mb-3 fw-bold\"><a href=\"https:\/\/help.opera.com\/ru\/latest\/web-preferences\/\" target=\"_blank\" rel=\"noopener\">Op\u00e9ra<\/a><\/div>\n<\/li>\n<li>\n<div class=\"mb-3 fw-bold\"><a href=\"https:\/\/help.apple.com\/safari\/mac\/8.0\/#\/sfri11471\" target=\"_blank\" rel=\"noopener\">Apple Safari<\/a><\/div>\n<\/li>\n<\/ol>\n<\/li>\n<\/ol>\n<\/li>\n<\/ol>\n<div class=\"mb-3 fw-bold\">Pour d\u00e9sactiver les cookies de Google Analytics, cliquez <a href=\"https:\/\/tools.google.com\/dlpage\/gaoptout\" target=\"_blank\" rel=\"noopener\">ici<\/a>.<\/div>\n<div class=\"mb-3 fw-bold\">La pr\u00e9sente politique en mati\u00e8re de cookies est mise \u00e0 jour en permanence. Toutes les informations sur les cookies utilis\u00e9s sur ce site, leur validit\u00e9 et les donn\u00e9es utilis\u00e9es peuvent \u00eatre fournies par WTG \u00e0 tout moment, \u00e0 votre demande.<\/div>\n","protected":false},"excerpt":{"rendered":"<p>Cette politique en mati\u00e8re de cookies s&rsquo;applique au site web www.wisetg.com exploit\u00e9 par UAB WISE TRADING GROUP (\u00e9galement WTG). En naviguant sur ce site web, vous autorisez l&rsquo;utilisation de cookies dans votre navigateur. WTG recueille des informations sur les visiteurs, telles que l&rsquo;adresse IP, le type de navigateur web, les pages visit\u00e9es, les langues utilis\u00e9es,&#8230;<\/p>\n","protected":false},"author":2,"featured_media":0,"parent":0,"menu_order":0,"comment_status":"closed","ping_status":"open","template":"","meta":{"_acf_changed":false,"footnotes":""},"class_list":["post-2359","page","type-page","status-publish","hentry"],"acf":[],"_links":{"self":[{"href":"https:\/\/wisetg.com\/fr\/wp-json\/wp\/v2\/pages\/2359","targetHints":{"allow":["GET"]}}],"collection":[{"href":"https:\/\/wisetg.com\/fr\/wp-json\/wp\/v2\/pages"}],"about":[{"href":"https:\/\/wisetg.com\/fr\/wp-json\/wp\/v2\/types\/page"}],"author":[{"embeddable":true,"href":"https:\/\/wisetg.com\/fr\/wp-json\/wp\/v2\/users\/2"}],"replies":[{"embeddable":true,"href":"https:\/\/wisetg.com\/fr\/wp-json\/wp\/v2\/comments?post=2359"}],"version-history":[{"count":0,"href":"https:\/\/wisetg.com\/fr\/wp-json\/wp\/v2\/pages\/2359\/revisions"}],"wp:attachment":[{"href":"https:\/\/wisetg.com\/fr\/wp-json\/wp\/v2\/media?parent=2359"}],"curies":[{"name":"wp","href":"https:\/\/api.w.org\/{rel}","templated":true}]}}