{"id":12901,"date":"2023-04-13T11:00:10","date_gmt":"2023-04-13T11:00:10","guid":{"rendered":"https:\/\/wisetg.com\/apie-mus"},"modified":"2025-05-16T10:50:02","modified_gmt":"2025-05-16T10:50:02","slug":"apie-mus","status":"publish","type":"page","link":"https:\/\/wisetg.com\/lt\/apie-mus","title":{"rendered":"Apie mus"},"content":{"rendered":"<section class=\"l-section wpb_row us_custom_b99d7e5b theme__row row__shape-divider height_custom color_alternate with_img with_shape\"><div class=\"l-section-img\" data-img-width=\"1920\" data-img-height=\"640\" style=\"background-image: url(https:\/\/wisetg.com\/wp-content\/uploads\/2023\/04\/about-us__hero__01__web.webp);background-repeat: no-repeat;\"><\/div><div class=\"l-section-overlay\" style=\"background:var(--color-alt-content-overlay)\"><\/div><div class=\"l-section-shape type_tilt pos_bottom\" style=\"height:;\"><svg xmlns=\"http:\/\/www.w3.org\/2000\/svg\" viewBox=\"0 0 64 8\" preserveAspectRatio=\"none\" width=\"100%\" height=\"100%\">\r\n\t<path fill=\"currentColor\" d=\"M64 7.9 L64 10 L0 10 L0 0 Z\"\/>\r\n<\/svg><\/div><div class=\"l-section-h i-cf\"><div class=\"g-cols vc_row via_flex valign_top type_default stacking_default\"><div class=\"vc_col-sm-12 wpb_column vc_column_container\"><div class=\"vc_column-inner\"><div class=\"wpb_wrapper\"><div class=\"g-cols wpb_row via_flex valign_top type_default stacking_default\"><div class=\"vc_col-sm-12 wpb_column vc_column_container\"><div class=\"vc_column-inner\"><div class=\"wpb_wrapper\"><h1 class=\"w-post-elm post_title theme__post-title post-title__h1 theme__stylized entry-title color_link_inherit\">Apie mus<\/h1><\/div><\/div><\/div><\/div><\/div><\/div><\/div><\/div><\/div><\/section>\n<section class=\"l-section wpb_row us_custom_5c06237d height_custom\"><div class=\"l-section-h i-cf\"><div class=\"g-cols vc_row via_flex valign_top type_default stacking_default\"><div class=\"vc_col-sm-12 wpb_column vc_column_container\"><div class=\"vc_column-inner\"><div class=\"wpb_wrapper\"><div class=\"g-cols wpb_row via_flex valign_top type_default stacking_default\"><div class=\"vc_col-sm-6 wpb_column vc_column_container\"><div class=\"vc_column-inner\"><div class=\"wpb_wrapper\"><h2 class=\"w-text theme__text text__h2 theme__stylized\"><span class=\"w-text-h\"><span class=\"w-text-value\">Kas mes esame<\/span><\/span><\/h2><div class=\"wpb_text_column\"><div class=\"wpb_wrapper\"><p><b>WISE TRADING GROUP \u2013 J\u016bs\u0173 tarptautinis didmenin\u0117s prekybos partneris<\/b><\/p>\n<p>WISE TRADING GROUP \u2013 tarptautinis didmenin\u0117s prekybos partneris, si\u016blantis plat\u0173 garsi\u0173 preki\u0173 \u017eenkl\u0173, toki\u0173 kaip \u201eCoca-Cola\u201c, \u201eSprite\u201c, \u201eRed Bull\u201c, \u201eMondelez\u201c, \u201eNestle\u201c ir kt., g\u0117rim\u0173, maisto, buities ir asmenin\u0117s prie\u017ei\u016bros preki\u0173 asortiment\u0105. M\u016bs\u0173 preki\u0173 paskirstymo centras yra \u012fsik\u016br\u0119s Lietuvoje. U\u017etikriname greit\u0105 ir efektyv\u0173 preki\u0173 tiekim\u0105 savo klientams visame pasaulyje. <\/p>\n<p>M\u016bs\u0173 komandoje dirba patirt\u012f sukaup\u0119 specialistai, kurie u\u017etikrina skland\u0173 prekybos proces\u0105 \u2013 nuo u\u017esakymo gavimo iki preki\u0173 pristatymo. Naudodami savo IT platform\u0105, optimizuojame tiekimo grandin\u0119 bei suteikiame klientams lankst\u0173 ir greit\u0105 aptarnavim\u0105. M\u016bs\u0173 prioritetas \u2013 individual\u016bs, \u012f klient\u0105 orientuoti sprendimai, kurie padeda verslui augti.<\/p>\n<p>Bendradarbiaujame su:<br \/>Preki\u0173 tiek\u0117jais Lietuvoje ir u\u017esienyje<br \/>Didel\u0117mis ma\u017emenin\u0117s prekybos tinkl\u0173 \u012fmon\u0117mis<br \/>Didmenininkais<br \/>Specializuotomis parduotuv\u0117mis <\/p>\n<p>Atsi\u017evelgdami \u012f rinkos tendencijas ir klient\u0173 poreikius, nuolat ple\u010diame savo produkt\u0173 asortiment\u0105. Bendradarbiaujame su patikimais tiek\u0117jais i\u0161 viso pasaulio, tod\u0117l si\u016blome ne tik europieti\u0161k\u0173 preki\u0173 \u017eenkl\u0173 gaminius, bet taip pat produktus i\u0161 JAV, Japonijos, Vietnamo, Piet\u0173 Kor\u0117jos ir kit\u0173 \u0161ali\u0173.  <\/p>\n<p>Prisijunkite prie m\u016bs\u0173 spar\u010diai augan\u010dios tarptautin\u0117s komandos ir kurkite s\u0117kmingas partnerystes. Susisiekite su mumis dar \u0161iandien, kad gautum\u0117te i\u0161skirtini\u0173 pasi\u016blym\u0173 ir paslaug\u0173.<\/p>\n<\/div><\/div><div class=\"w-tabs us_custom_a97935af theme__accordion style_default switch_click accordion\"><div class=\"w-tabs-sections titles-align_none icon_chevron cpos_right\"><div class=\"w-tabs-section\" id=\"daab\"><button class=\"w-tabs-section-header\" aria-controls=\"content-daab\" aria-expanded=\"false\"><h2 class=\"w-tabs-section-title\">M\u016bs\u0173 misija<\/h2><div class=\"w-tabs-section-control\"><\/div><\/button><div  class=\"w-tabs-section-content\" id=\"content-daab\"><div class=\"w-tabs-section-content-h i-cf\"><div class=\"wpb_text_column\"><div class=\"wpb_wrapper\"><p>Nuolat vir\u0161yti klient\u0173 l\u016bkes\u010dius, si\u016blant plat\u0173 preki\u0173 didmena asortiment\u0105 konkurencingomis kainomis bei u\u017etikrinant auk\u0161\u010diausios kokyb\u0117s aptarnavim\u0105. Mums labai svarbu kurti ilgalaikius santykius su preki\u0173 tiek\u0117jais, m\u016bs\u0173 partneriais ir klientais, kad u\u017etikrintume tvar\u0173 verslo augim\u0105.<\/p>\n<\/div><\/div><\/div><\/div><\/div><div class=\"w-tabs-section\" id=\"tb67\"><button class=\"w-tabs-section-header\" aria-controls=\"content-tb67\" aria-expanded=\"false\"><h2 class=\"w-tabs-section-title\">M\u016bs\u0173 vizija<\/h2><div class=\"w-tabs-section-control\"><\/div><\/button><div  class=\"w-tabs-section-content\" id=\"content-tb67\"><div class=\"w-tabs-section-content-h i-cf\"><div class=\"wpb_text_column\"><div class=\"wpb_wrapper\"><p>Iki 2033 met\u0173 siekiame pasiekti 100 mln. Eur apyvart\u0105, skatinant augim\u0105 ir FMCG inovacijas Europoje, Azijoje ir Afrikoje.<\/p>\n<\/div><\/div><\/div><\/div><\/div><\/div><\/div><\/div><\/div><\/div><div class=\"vc_col-sm-6 wpb_column vc_column_container\"><div class=\"vc_column-inner\"><div class=\"wpb_wrapper\"><div class=\"w-video align_none ratio_16x9 has_iframe\"><div class=\"w-video-h\"><iframe title=\"Youtube video player\" src=\"\/\/www.youtube.com\/embed\/er5-xn6VpCE?origin=https:\/\/wisetg.com&controls=1\" allowfullscreen=\"1\" loading=\"lazy\"><\/iframe><\/div><div class=\"w-video-icon\" style=\"font-size:1.5rem;background:rgba(0,0,0,0.5);color:#fff\"><\/div><\/div><\/div><\/div><\/div><\/div><\/div><\/div><\/div><\/div><\/div><\/section><section class=\"l-section wpb_row us_custom_c5112300 theme__row row__shape-divider height_custom with_shape\"><div class=\"l-section-shape type_tilt pos_top hor_flip\" style=\"height:;\"><svg xmlns=\"http:\/\/www.w3.org\/2000\/svg\" viewBox=\"0 0 64 8\" preserveAspectRatio=\"none\" width=\"100%\" height=\"100%\">\r\n\t<path fill=\"currentColor\" d=\"M64 7.9 L64 10 L0 10 L0 0 Z\"\/>\r\n<\/svg><\/div><div class=\"l-section-shape type_tilt pos_bottom\" style=\"height:;color:var(--color-footer-bg)\"><svg xmlns=\"http:\/\/www.w3.org\/2000\/svg\" viewBox=\"0 0 64 8\" preserveAspectRatio=\"none\" width=\"100%\" height=\"100%\">\r\n\t<path fill=\"currentColor\" d=\"M64 7.9 L64 10 L0 10 L0 0 Z\"\/>\r\n<\/svg><\/div><div class=\"l-section-h i-cf\"><div class=\"g-cols vc_row via_flex valign_top type_default stacking_default\"><div class=\"vc_col-sm-12 wpb_column vc_column_container\"><div class=\"vc_column-inner\"><div class=\"wpb_wrapper\"><div class=\"g-cols wpb_row via_flex valign_top type_default stacking_default\"><div class=\"vc_col-sm-12 wpb_column vc_column_container\"><div class=\"vc_column-inner\"><div class=\"wpb_wrapper\"><h2 class=\"w-text theme__text text__h2 theme__stylized\"><span class=\"w-text-h\"><span class=\"w-text-value\">M\u016bs\u0173 komanda<\/span><\/span><\/h2><\/div><\/div><\/div><\/div><div class=\"g-cols wpb_row us_custom_95fa5cc2 via_flex valign_top type_default stacking_default\"><div class=\"vc_col-sm-8 wpb_column vc_column_container\"><div class=\"vc_column-inner\"><div class=\"wpb_wrapper\"><div class=\"wpb_text_column\"><div class=\"wpb_wrapper\"><p>Tur\u0117dami dinami\u0161k\u0105 ir daugiakalb\u0119 komand\u0105, i\u0161sibars\u010diusi\u0105 po vis\u0105 Europ\u0105, m\u016bs\u0173 \u012fmon\u0117je dirba daugiau nei 20 kvalifikuot\u0173 pardavim\u0173, pirkim\u0173 ir logistikos specialist\u0173. Did\u017eiuojam\u0117s gal\u0117dami valdyti plat\u0173 daugiau nei 100 \u017einom\u0173 plataus vartojimo preki\u0173 (FMCG) portfel\u012f, aptarnaujant\u012f \u0161imtus klient\u0173 35 \u0161alyse. I\u0161samus tiekimo grandin\u0117s proces\u0173 i\u0161manymas, nepalenkiamas d\u0117mesys klient\u0173 pasitenkinimui ir pa\u017eangiausia internetin\u0117 IT platforma leid\u017eia mums b\u016bti patikimu ir patikimu FMCG partneriu visoms suinteresuotosioms \u0161alims.<\/p>\n<\/div><\/div><\/div><\/div><\/div><div class=\"vc_col-sm-4 vc_hidden-sm vc_hidden-xs wpb_column vc_column_container\"><div class=\"vc_column-inner\"><div class=\"wpb_wrapper\"><div class=\"w-image align_none\"><div class=\"w-image-h\"><img decoding=\"async\" src=\"https:\/\/wisetg.com\/wp-content\/uploads\/2023\/04\/logo__wise-trading-group.svg\" class=\"attachment-full size-full\" alt=\"\" \/><\/div><\/div><\/div><\/div><\/div><\/div><div class=\"g-cols wpb_row hide_on_default hide_on_laptops hide_on_tablets hide_on_mobiles via_flex valign_top type_default stacking_default\"><div class=\"vc_col-sm-12 wpb_column vc_column_container\"><div class=\"vc_column-inner\"><div class=\"wpb_wrapper\"><div class=\"w-grid us_custom_a97935af type_grid layout_32 hidden cols_3\" id=\"us_grid_1\" data-filterable=\"true\"><style>#us_grid_1 .w-grid-item{padding:1.5rem}#us_grid_1 .w-grid-list{margin:-1.5rem}.w-grid + #us_grid_1 .w-grid-list,.w-grid-none + #us_grid_1 .w-grid-list{margin-top:1.5rem}@media (max-width:992px){#us_grid_1 .w-grid-item{width:50%}}@media (max-width:600px){#us_grid_1 .w-grid-list{margin:0}#us_grid_1 .w-grid-item{width:100%;padding:0;margin-bottom:1.5rem}}.layout_32 .w-grid-item-h{}.layout_32 .usg_post_image_1{padding-bottom:12px!important}.layout_32 .usg_hwrapper_2{margin-top:12px!important}.layout_32 .usg_text_1{font-size:22px!important}.layout_32 .usg_text_2{font-size:22px!important}.layout_32 .usg_text_3{font-size:22px!important}.layout_32 .usg_post_custom_field_3{color:#999999!important;font-size:14px!important;margin-top:12px!important}<\/style><div class=\"w-grid-list\"><\/div><div class=\"w-grid-preloader\"><div class=\"g-preloader type_1\">\r\n\t<div><\/div>\r\n<\/div>\r\n<\/div>\t<div class=\"w-grid-json hidden\" onclick='return {&quot;action&quot;:&quot;us_ajax_grid&quot;,&quot;ajax_url&quot;:&quot;https:\\\/\\\/wisetg.com\\\/wp-admin\\\/admin-ajax.php&quot;,&quot;infinite_scroll&quot;:0,&quot;max_num_pages&quot;:0,&quot;pagination&quot;:&quot;none&quot;,&quot;permalink_url&quot;:&quot;https:\\\/\\\/wisetg.com\\\/lt\\\/wp-json\\\/wp\\\/v2\\\/pages\\\/12901&quot;,&quot;template_vars&quot;:{&quot;columns&quot;:&quot;3&quot;,&quot;exclude_items&quot;:&quot;none&quot;,&quot;img_size&quot;:&quot;full&quot;,&quot;ignore_items_size&quot;:0,&quot;items_layout&quot;:&quot;32&quot;,&quot;items_offset&quot;:&quot;1&quot;,&quot;load_animation&quot;:&quot;none&quot;,&quot;overriding_link&quot;:&quot;none&quot;,&quot;post_id&quot;:16064,&quot;query_args&quot;:{&quot;post_type&quot;:[&quot;our-team&quot;],&quot;post_status&quot;:[&quot;publish&quot;,&quot;acf-disabled&quot;],&quot;posts_per_page&quot;:999},&quot;orderby_query_args&quot;:{&quot;orderby&quot;:{&quot;post__in&quot;:&quot;ASC&quot;},&quot;order&quot;:&quot;ASC&quot;},&quot;type&quot;:&quot;grid&quot;,&quot;us_grid_ajax_index&quot;:1,&quot;us_grid_filter_params&quot;:null,&quot;us_grid_index&quot;:1,&quot;_us_grid_post_type&quot;:&quot;our-team&quot;,&quot;page_args&quot;:[],&quot;lang&quot;:&quot;lt&quot;}}'><\/div>\r\n\t<\/div><div class=\"w-grid-none type_message\">Nepavyko rasti.<\/div><\/div><\/div><\/div><\/div><\/div><\/div><\/div><\/div><\/div><\/section>\n\n","protected":false},"excerpt":{"rendered":"Apie mus Kas mes esameWISE TRADING GROUP \u2013 J\u016bs\u0173 tarptautinis didmenin\u0117s prekybos partneris WISE TRADING GROUP \u2013 tarptautinis didmenin\u0117s prekybos partneris, si\u016blantis plat\u0173 garsi\u0173 preki\u0173 \u017eenkl\u0173, toki\u0173 kaip \u201eCoca-Cola\u201c, \u201eSprite\u201c, \u201eRed Bull\u201c, \u201eMondelez\u201c, \u201eNestle\u201c ir kt., g\u0117rim\u0173, maisto, buities ir asmenin\u0117s prie\u017ei\u016bros preki\u0173 asortiment\u0105. M\u016bs\u0173 preki\u0173 paskirstymo centras yra \u012fsik\u016br\u0119s Lietuvoje. U\u017etikriname greit\u0105 ir efektyv\u0173...","protected":false},"author":2,"featured_media":8799,"parent":0,"menu_order":0,"comment_status":"closed","ping_status":"closed","template":"","meta":{"_acf_changed":false,"footnotes":""},"class_list":["post-12901","page","type-page","status-publish","has-post-thumbnail","hentry"],"acf":[],"_links":{"self":[{"href":"https:\/\/wisetg.com\/lt\/wp-json\/wp\/v2\/pages\/12901","targetHints":{"allow":["GET"]}}],"collection":[{"href":"https:\/\/wisetg.com\/lt\/wp-json\/wp\/v2\/pages"}],"about":[{"href":"https:\/\/wisetg.com\/lt\/wp-json\/wp\/v2\/types\/page"}],"author":[{"embeddable":true,"href":"https:\/\/wisetg.com\/lt\/wp-json\/wp\/v2\/users\/2"}],"replies":[{"embeddable":true,"href":"https:\/\/wisetg.com\/lt\/wp-json\/wp\/v2\/comments?post=12901"}],"version-history":[{"count":5,"href":"https:\/\/wisetg.com\/lt\/wp-json\/wp\/v2\/pages\/12901\/revisions"}],"predecessor-version":[{"id":13610,"href":"https:\/\/wisetg.com\/lt\/wp-json\/wp\/v2\/pages\/12901\/revisions\/13610"}],"wp:featuredmedia":[{"embeddable":true,"href":"https:\/\/wisetg.com\/lt\/wp-json\/wp\/v2\/media\/8799"}],"wp:attachment":[{"href":"https:\/\/wisetg.com\/lt\/wp-json\/wp\/v2\/media?parent=12901"}],"curies":[{"name":"wp","href":"https:\/\/api.w.org\/{rel}","templated":true}]}}