{"id":12904,"date":"2023-04-13T07:23:12","date_gmt":"2023-04-13T07:23:12","guid":{"rendered":"https:\/\/wisetg.com\/kontaktai"},"modified":"2025-05-16T10:48:34","modified_gmt":"2025-05-16T10:48:34","slug":"kontaktai","status":"publish","type":"page","link":"https:\/\/wisetg.com\/lt\/kontaktai","title":{"rendered":"Kontaktai"},"content":{"rendered":"<section class=\"l-section wpb_row us_custom_b99d7e5b theme__row row__shape-divider height_custom color_alternate with_img with_shape\"><div class=\"l-section-img\" data-img-width=\"1920\" data-img-height=\"640\" style=\"background-image: url(https:\/\/wisetg.com\/wp-content\/uploads\/2023\/04\/contacts__hero__01__web.webp);background-repeat: no-repeat;\"><\/div><div class=\"l-section-overlay\" style=\"background:var(--color-alt-content-overlay)\"><\/div><div class=\"l-section-shape type_tilt pos_bottom\" style=\"height:;\"><svg xmlns=\"http:\/\/www.w3.org\/2000\/svg\" viewBox=\"0 0 64 8\" preserveAspectRatio=\"none\" width=\"100%\" height=\"100%\">\r\n\t<path fill=\"currentColor\" d=\"M64 7.9 L64 10 L0 10 L0 0 Z\"\/>\r\n<\/svg><\/div><div class=\"l-section-h i-cf\"><div class=\"g-cols vc_row via_flex valign_top type_default stacking_default\"><div class=\"vc_col-sm-12 wpb_column vc_column_container\"><div class=\"vc_column-inner\"><div class=\"wpb_wrapper\"><div class=\"g-cols wpb_row via_flex valign_top type_default stacking_default\"><div class=\"vc_col-sm-12 wpb_column vc_column_container\"><div class=\"vc_column-inner\"><div class=\"wpb_wrapper\"><h1 class=\"w-post-elm post_title theme__post-title post-title__h1 theme__stylized entry-title color_link_inherit\">Kontaktai<\/h1><\/div><\/div><\/div><\/div><\/div><\/div><\/div><\/div><\/div><\/section>\n<section class=\"l-section wpb_row us_custom_5c06237d height_custom\"><div class=\"l-section-h i-cf\"><div class=\"g-cols vc_row via_flex valign_top type_default stacking_default\"><div class=\"vc_col-sm-12 wpb_column vc_column_container\"><div class=\"vc_column-inner\"><div class=\"wpb_wrapper\"><div class=\"g-cols wpb_row via_flex valign_top type_default stacking_default\"><div class=\"vc_col-sm-6 wpb_column vc_column_container\"><div class=\"vc_column-inner\"><div class=\"wpb_wrapper\">\n<div class=\"wpcf7 no-js\" id=\"wpcf7-f15918-o1\" lang=\"lt-LT\" dir=\"ltr\" data-wpcf7-id=\"15918\">\n<div class=\"screen-reader-response\"><p role=\"status\" aria-live=\"polite\" aria-atomic=\"true\"><\/p> <ul><\/ul><\/div>\n<form action=\"\/lt\/wp-json\/wp\/v2\/pages\/12904#wpcf7-f15918-o1\" method=\"post\" class=\"wpcf7-form init\" aria-label=\"Kontakt\u0173 forma\" novalidate=\"novalidate\" data-status=\"init\">\n<fieldset class=\"hidden-fields-container\"><input type=\"hidden\" name=\"_wpcf7\" value=\"15918\" \/><input type=\"hidden\" name=\"_wpcf7_version\" value=\"6.1.5\" \/><input type=\"hidden\" name=\"_wpcf7_locale\" value=\"lt_LT\" \/><input type=\"hidden\" name=\"_wpcf7_unit_tag\" value=\"wpcf7-f15918-o1\" \/><input type=\"hidden\" name=\"_wpcf7_container_post\" value=\"0\" \/><input type=\"hidden\" name=\"_wpcf7_posted_data_hash\" value=\"\" \/>\n<\/fieldset>\n<div class=\"wpcf7-turnstile cf-turnstile\" data-sitekey=\"0x4AAAAAAB-rKaY1tDDf5hQ_\" data-response-field-name=\"_wpcf7_turnstile_response\"><\/div>\n\n<div class=\"theme__contact-form\">\n\t<div class=\"contact-form__row\">\n\t\t<div class=\"contact-form__form-field\">\n\t\t\t<p>M\u016bs\u0173 profesionali komanda pasiruo\u0161usi jums pad\u0117ti su bet kokiu klausimu, tiesiog u\u017epildykite form\u0105, kad prane\u0161tum\u0117te mums savo poreikius.\n\t\t\t<\/p>\n\t\t<\/div>\n\t<\/div>\n\t<div class=\"contact-form__row\">\n\t\t<div class=\"contact-form__form-field\">\n\t\t\t<p><label>Vardas<\/label><br \/>\n<span class=\"wpcf7-form-control-wrap\" data-name=\"client__name\"><input size=\"40\" maxlength=\"400\" class=\"wpcf7-form-control wpcf7-text wpcf7-validates-as-required\" aria-required=\"true\" aria-invalid=\"false\" value=\"\" type=\"text\" name=\"client__name\" \/><\/span>\n\t\t\t<\/p>\n\t\t<\/div>\n\t<\/div>\n\t<div class=\"contact-form__row\">\n\t\t<div class=\"contact-form__form-field\">\n\t\t\t<p><label>Telefono nr.<\/label>\n\t\t\t<\/p>\n\t\t<\/div>\n\t<\/div>\n\t<div class=\"contact-form__row row__two-columns\">\n\t\t<div class=\"contact-form__form-field\">\n\t\t\t<div>\n\t\t\t\t<p><select name=\"phone-prefix\" class=\"wpcf7-form-control wpcf7-phone_prefix wpcf7-validates-as-required cf7-phone-prefix-select\" aria-required=\"true\" aria-invalid=\"false\"><option value=\"+1\" data-country=\"US\" selected=\"selected\">\ud83c\uddfa\ud83c\uddf8 +1 United States<\/option><option value=\"+44\" data-country=\"GB\">\ud83c\uddec\ud83c\udde7 +44 United Kingdom<\/option><option value=\"+1\" data-country=\"CA\" selected=\"selected\">\ud83c\udde8\ud83c\udde6 +1 Canada<\/option><option value=\"+61\" data-country=\"AU\">\ud83c\udde6\ud83c\uddfa +61 Australia<\/option><option value=\"+49\" data-country=\"DE\">\ud83c\udde9\ud83c\uddea +49 Germany<\/option><option value=\"+33\" data-country=\"FR\">\ud83c\uddeb\ud83c\uddf7 +33 France<\/option><option value=\"+39\" data-country=\"IT\">\ud83c\uddee\ud83c\uddf9 +39 Italy<\/option><option value=\"+34\" data-country=\"ES\">\ud83c\uddea\ud83c\uddf8 +34 Spain<\/option><option value=\"+31\" data-country=\"NL\">\ud83c\uddf3\ud83c\uddf1 +31 Netherlands<\/option><option value=\"+32\" data-country=\"BE\">\ud83c\udde7\ud83c\uddea +32 Belgium<\/option><option value=\"+41\" data-country=\"CH\">\ud83c\udde8\ud83c\udded +41 Switzerland<\/option><option value=\"+43\" data-country=\"AT\">\ud83c\udde6\ud83c\uddf9 +43 Austria<\/option><option value=\"+46\" data-country=\"SE\">\ud83c\uddf8\ud83c\uddea +46 Sweden<\/option><option value=\"+47\" data-country=\"NO\">\ud83c\uddf3\ud83c\uddf4 +47 Norway<\/option><option value=\"+45\" data-country=\"DK\">\ud83c\udde9\ud83c\uddf0 +45 Denmark<\/option><option value=\"+358\" data-country=\"FI\">\ud83c\uddeb\ud83c\uddee +358 Finland<\/option><option value=\"+48\" data-country=\"PL\">\ud83c\uddf5\ud83c\uddf1 +48 Poland<\/option><option value=\"+7\" data-country=\"RU\">\ud83c\uddf7\ud83c\uddfa +7 Russia<\/option><option value=\"+380\" data-country=\"UA\">\ud83c\uddfa\ud83c\udde6 +380 Ukraine<\/option><option value=\"+370\" data-country=\"LT\">\ud83c\uddf1\ud83c\uddf9 +370 Lithuania<\/option><option value=\"+371\" data-country=\"LV\">\ud83c\uddf1\ud83c\uddfb +371 Latvia<\/option><option value=\"+372\" data-country=\"EE\">\ud83c\uddea\ud83c\uddea +372 Estonia<\/option><option value=\"+353\" data-country=\"IE\">\ud83c\uddee\ud83c\uddea +353 Ireland<\/option><option value=\"+351\" data-country=\"PT\">\ud83c\uddf5\ud83c\uddf9 +351 Portugal<\/option><option value=\"+30\" data-country=\"GR\">\ud83c\uddec\ud83c\uddf7 +30 Greece<\/option><option value=\"+420\" data-country=\"CZ\">\ud83c\udde8\ud83c\uddff +420 Czech Republic<\/option><option value=\"+40\" data-country=\"RO\">\ud83c\uddf7\ud83c\uddf4 +40 Romania<\/option><option value=\"+36\" data-country=\"HU\">\ud83c\udded\ud83c\uddfa +36 Hungary<\/option><option value=\"+81\" data-country=\"JP\">\ud83c\uddef\ud83c\uddf5 +81 Japan<\/option><option value=\"+86\" data-country=\"CN\">\ud83c\udde8\ud83c\uddf3 +86 China<\/option><option value=\"+91\" data-country=\"IN\">\ud83c\uddee\ud83c\uddf3 +91 India<\/option><option value=\"+82\" data-country=\"KR\">\ud83c\uddf0\ud83c\uddf7 +82 South Korea<\/option><option value=\"+65\" data-country=\"SG\">\ud83c\uddf8\ud83c\uddec +65 Singapore<\/option><option value=\"+60\" data-country=\"MY\">\ud83c\uddf2\ud83c\uddfe +60 Malaysia<\/option><option value=\"+66\" data-country=\"TH\">\ud83c\uddf9\ud83c\udded +66 Thailand<\/option><option value=\"+62\" data-country=\"ID\">\ud83c\uddee\ud83c\udde9 +62 Indonesia<\/option><option value=\"+63\" data-country=\"PH\">\ud83c\uddf5\ud83c\udded +63 Philippines<\/option><option value=\"+84\" data-country=\"VN\">\ud83c\uddfb\ud83c\uddf3 +84 Vietnam<\/option><option value=\"+90\" data-country=\"TR\">\ud83c\uddf9\ud83c\uddf7 +90 Turkey<\/option><option value=\"+972\" data-country=\"IL\">\ud83c\uddee\ud83c\uddf1 +972 Israel<\/option><option value=\"+971\" data-country=\"AE\">\ud83c\udde6\ud83c\uddea +971 UAE<\/option><option value=\"+966\" data-country=\"SA\">\ud83c\uddf8\ud83c\udde6 +966 Saudi Arabia<\/option><option value=\"+27\" data-country=\"ZA\">\ud83c\uddff\ud83c\udde6 +27 South Africa<\/option><option value=\"+20\" data-country=\"EG\">\ud83c\uddea\ud83c\uddec +20 Egypt<\/option><option value=\"+234\" data-country=\"NG\">\ud83c\uddf3\ud83c\uddec +234 Nigeria<\/option><option value=\"+254\" data-country=\"KE\">\ud83c\uddf0\ud83c\uddea +254 Kenya<\/option><option value=\"+55\" data-country=\"BR\">\ud83c\udde7\ud83c\uddf7 +55 Brazil<\/option><option value=\"+52\" data-country=\"MX\">\ud83c\uddf2\ud83c\uddfd +52 Mexico<\/option><option value=\"+54\" data-country=\"AR\">\ud83c\udde6\ud83c\uddf7 +54 Argentina<\/option><option value=\"+56\" data-country=\"CL\">\ud83c\udde8\ud83c\uddf1 +56 Chile<\/option><option value=\"+57\" data-country=\"CO\">\ud83c\udde8\ud83c\uddf4 +57 Colombia<\/option><option value=\"+51\" data-country=\"PE\">\ud83c\uddf5\ud83c\uddea +51 Peru<\/option><option value=\"+64\" data-country=\"NZ\">\ud83c\uddf3\ud83c\uddff +64 New Zealand<\/option><\/select>\n\t\t\t\t<\/p>\n\t\t\t<\/div>\n\t\t<\/div>\n\t\t<div class=\"contact-form__form-field\">\n\t\t\t<p><span class=\"wpcf7-form-control-wrap\" data-name=\"phone-number\"><input size=\"40\" maxlength=\"400\" class=\"wpcf7-form-control wpcf7-tel wpcf7-validates-as-required wpcf7-text wpcf7-validates-as-tel\" aria-required=\"true\" aria-invalid=\"false\" placeholder=\"Phone number\" value=\"\" type=\"tel\" name=\"phone-number\" \/><\/span>\n\t\t\t<\/p>\n\t\t<\/div>\n\t<\/div>\n\t<div class=\"contact-form__row row__two-columns\">\n\t\t<div class=\"contact-form__form-field\">\n\t\t\t<p><label>\u012emon\u0117<\/label><br \/>\n<span class=\"wpcf7-form-control-wrap\" data-name=\"client__company-name\"><input size=\"40\" maxlength=\"400\" class=\"wpcf7-form-control wpcf7-text wpcf7-validates-as-required\" aria-required=\"true\" aria-invalid=\"false\" value=\"\" type=\"text\" name=\"client__company-name\" \/><\/span>\n\t\t\t<\/p>\n\t\t<\/div>\n\t\t<div class=\"contact-form__form-field\">\n\t\t\t<p><label>El. pa\u0161tas<\/label><br \/>\n<span class=\"wpcf7-form-control-wrap\" data-name=\"client__email\"><input size=\"40\" maxlength=\"400\" class=\"wpcf7-form-control wpcf7-email wpcf7-validates-as-required wpcf7-text wpcf7-validates-as-email\" aria-required=\"true\" aria-invalid=\"false\" value=\"\" type=\"email\" name=\"client__email\" \/><\/span>\n\t\t\t<\/p>\n\t\t<\/div>\n\t<\/div>\n\t<div class=\"contact-form__row\">\n\t\t<div class=\"contact-form__form-field\">\n\t\t\t<p><label>Message<\/label><br \/>\n<span class=\"wpcf7-form-control-wrap\" data-name=\"client__message\"><textarea cols=\"40\" rows=\"10\" maxlength=\"2000\" class=\"wpcf7-form-control wpcf7-textarea wpcf7-validates-as-required\" aria-required=\"true\" aria-invalid=\"false\" name=\"client__message\"><\/textarea><\/span>\n\t\t\t<\/p>\n\t\t<\/div>\n\t<\/div>\n\t<div class=\"contact-form__row\">\n\t\t<div class=\"contact-form__privacy-policy\">\n\t\t\t<p><span class=\"wpcf7-form-control-wrap\" data-name=\"acceptance\"><span class=\"wpcf7-form-control wpcf7-acceptance\"><span class=\"wpcf7-list-item\"><input type=\"checkbox\" name=\"acceptance\" value=\"1\" aria-invalid=\"false\" \/><\/span><\/span><\/span>\n\t\t\t<\/p>\n\t\t\t<p>Suntinku su <a href=\"\/lt\/privatumo-politika\" target=\"_blank\">privatumo politika<\/a>.\n\t\t\t<\/p>\n\t\t<\/div>\n\t<\/div>\n\t<div class=\"contact-form__row\">\n\t\t<div class=\"w-btn-wrapper\">\n\t\t\t<p><button class=\"w-btn us-btn-style_1 wpcf7-submit theme__button button__default icon_atleft full\"><br \/>\n<span class=\"w-btn-label\">Si\u0173sti<\/span><br \/>\n<\/button>\n\t\t\t<\/p>\n\t\t<\/div>\n\t<\/div>\n<\/div><input type='hidden' class='wpcf7-pum' value='{\"closepopup\":false,\"closedelay\":0,\"openpopup\":false,\"openpopup_id\":0}' \/><div class=\"wpcf7-response-output\" aria-hidden=\"true\"><\/div>\n<\/form>\n<\/div>\n<\/div><\/div><\/div><div class=\"vc_col-sm-6 wpb_column vc_column_container\"><div class=\"vc_column-inner\"><div class=\"wpb_wrapper\"><div class=\"w-map provider_google us_custom_24675b38 theme__map\" id=\"us_map_1\"><div class=\"w-map-inner\"><div class=\"w-map-json\" onclick='return {&quot;address&quot;:&quot;54.68783267431076, 25.26090803987978&quot;,&quot;disableDragging&quot;:0,&quot;disableZoom&quot;:0,&quot;hideControls&quot;:0,&quot;zoom&quot;:7,&quot;markers&quot;:[{&quot;address&quot;:&quot;54.68783267431076, 25.26090803987978&quot;,&quot;html&quot;:&quot;&lt;p&gt;J.Jasinskio g.16A 01112 Vilnius, Lietuva &lt;\\\/p&gt;&quot;,&quot;infowindow&quot;:&quot;1&quot;}],&quot;icon&quot;:{&quot;url&quot;:&quot;https:\\\/\\\/wisetg.com\\\/wp-content\\\/uploads\\\/2023\\\/04\\\/icon__custom__map-marker.svg&quot;,&quot;size&quot;:[40,40]},&quot;maptype&quot;:&quot;ROADMAP&quot;}'><\/div><div class=\"w-map-style-json\" onclick='return [\n    {\n        \"featureType\": \"all\",\n        \"elementType\": \"geometry.fill\",\n        \"stylers\": [\n            {\n                \"weight\": \"2.00\"\n            }\n        ]\n    },\n    {\n        \"featureType\": \"all\",\n        \"elementType\": \"geometry.stroke\",\n        \"stylers\": [\n            {\n                \"color\": \"#9c9c9c\"\n            }\n        ]\n    },\n    {\n        \"featureType\": \"all\",\n        \"elementType\": \"labels.text\",\n        \"stylers\": [\n            {\n                \"visibility\": \"on\"\n            }\n        ]\n    },\n    {\n        \"featureType\": \"landscape\",\n        \"elementType\": \"all\",\n        \"stylers\": [\n            {\n                \"color\": \"#f2f2f2\"\n            }\n        ]\n    },\n    {\n        \"featureType\": \"landscape\",\n        \"elementType\": \"geometry.fill\",\n        \"stylers\": [\n            {\n                \"color\": \"#ffffff\"\n            }\n        ]\n    },\n    {\n        \"featureType\": \"landscape.man_made\",\n        \"elementType\": \"geometry.fill\",\n        \"stylers\": [\n            {\n                \"color\": \"#ffffff\"\n            }\n        ]\n    },\n    {\n        \"featureType\": \"poi\",\n        \"elementType\": \"all\",\n        \"stylers\": [\n            {\n                \"visibility\": \"off\"\n            }\n        ]\n    },\n    {\n        \"featureType\": \"road\",\n        \"elementType\": \"all\",\n        \"stylers\": [\n            {\n                \"saturation\": -100\n            },\n            {\n                \"lightness\": 45\n            }\n        ]\n    },\n    {\n        \"featureType\": \"road\",\n        \"elementType\": \"geometry.fill\",\n        \"stylers\": [\n            {\n                \"color\": \"#eeeeee\"\n            }\n        ]\n    },\n    {\n        \"featureType\": \"road\",\n        \"elementType\": \"labels.text.fill\",\n        \"stylers\": [\n            {\n                \"color\": \"#7b7b7b\"\n            }\n        ]\n    },\n    {\n        \"featureType\": \"road\",\n        \"elementType\": \"labels.text.stroke\",\n        \"stylers\": [\n            {\n                \"color\": \"#ffffff\"\n            }\n        ]\n    },\n    {\n        \"featureType\": \"road.highway\",\n        \"elementType\": \"all\",\n        \"stylers\": [\n            {\n                \"visibility\": \"simplified\"\n            }\n        ]\n    },\n    {\n        \"featureType\": \"road.arterial\",\n        \"elementType\": \"labels.icon\",\n        \"stylers\": [\n            {\n                \"visibility\": \"off\"\n            }\n        ]\n    },\n    {\n        \"featureType\": \"transit\",\n        \"elementType\": \"all\",\n        \"stylers\": [\n            {\n                \"visibility\": \"off\"\n            }\n        ]\n    },\n    {\n        \"featureType\": \"water\",\n        \"elementType\": \"all\",\n        \"stylers\": [\n            {\n                \"color\": \"#46bcec\"\n            },\n            {\n                \"visibility\": \"on\"\n            }\n        ]\n    },\n    {\n        \"featureType\": \"water\",\n        \"elementType\": \"geometry.fill\",\n        \"stylers\": [\n            {\n                \"color\": \"#f4f2fa\"\n            }\n        ]\n    },\n    {\n        \"featureType\": \"water\",\n        \"elementType\": \"labels.text.fill\",\n        \"stylers\": [\n            {\n                \"color\": \"#070707\"\n            }\n        ]\n    },\n    {\n        \"featureType\": \"water\",\n        \"elementType\": \"labels.text.stroke\",\n        \"stylers\": [\n            {\n                \"color\": \"#ffffff\"\n            }\n        ]\n    }\n]'><\/div><\/div><\/div><\/div><\/div><\/div><\/div><\/div><\/div><\/div><\/div><\/div><\/section><section class=\"l-section wpb_row us_custom_c5112300 theme__row row__shape-divider height_custom with_shape\"><div class=\"l-section-shape type_tilt pos_top hor_flip\" style=\"height:;\"><svg xmlns=\"http:\/\/www.w3.org\/2000\/svg\" viewBox=\"0 0 64 8\" preserveAspectRatio=\"none\" width=\"100%\" height=\"100%\">\r\n\t<path fill=\"currentColor\" d=\"M64 7.9 L64 10 L0 10 L0 0 Z\"\/>\r\n<\/svg><\/div><div class=\"l-section-shape type_tilt pos_bottom\" style=\"height:;color:var(--color-footer-bg)\"><svg xmlns=\"http:\/\/www.w3.org\/2000\/svg\" viewBox=\"0 0 64 8\" preserveAspectRatio=\"none\" width=\"100%\" height=\"100%\">\r\n\t<path fill=\"currentColor\" d=\"M64 7.9 L64 10 L0 10 L0 0 Z\"\/>\r\n<\/svg><\/div><div class=\"l-section-h i-cf\"><div class=\"g-cols vc_row via_flex valign_top type_default stacking_default\"><div class=\"vc_col-sm-12 wpb_column vc_column_container\"><div class=\"vc_column-inner\"><div class=\"wpb_wrapper\"><div class=\"g-cols wpb_row via_flex valign_top type_default stacking_default\"><div class=\"vc_col-sm-12 wpb_column vc_column_container\"><div class=\"vc_column-inner\"><div class=\"wpb_wrapper\"><h2 class=\"w-text theme__text text__h2 theme__stylized\"><span class=\"w-text-h\"><span class=\"w-text-value\">M\u016bs\u0173 komanda<\/span><\/span><\/h2><\/div><\/div><\/div><\/div><div class=\"g-cols wpb_row us_custom_95fa5cc2 via_flex valign_top type_default stacking_default\"><div class=\"vc_col-sm-8 wpb_column vc_column_container\"><div class=\"vc_column-inner\"><div class=\"wpb_wrapper\"><div class=\"wpb_text_column\"><div class=\"wpb_wrapper\"><p>Tur\u0117dami dinami\u0161k\u0105 ir daugiakalb\u0119 komand\u0105, i\u0161sibars\u010diusi\u0105 po vis\u0105 Europ\u0105, m\u016bs\u0173 \u012fmon\u0117je dirba daugiau nei 20 kvalifikuot\u0173 pardavim\u0173, pirkim\u0173 ir logistikos specialist\u0173. Did\u017eiuojam\u0117s gal\u0117dami valdyti plat\u0173 daugiau nei 100 \u017einom\u0173 plataus vartojimo preki\u0173 (FMCG) portfel\u012f, aptarnaujant\u012f \u0161imtus klient\u0173 35 \u0161alyse. I\u0161samus tiekimo grandin\u0117s proces\u0173 i\u0161manymas, nepalenkiamas d\u0117mesys klient\u0173 pasitenkinimui ir pa\u017eangiausia internetin\u0117 IT platforma leid\u017eia mums b\u016bti patikimu ir patikimu FMCG partneriu visoms suinteresuotosioms \u0161alims.<\/p>\n<\/div><\/div><\/div><\/div><\/div><div class=\"vc_col-sm-4 vc_hidden-sm vc_hidden-xs wpb_column vc_column_container\"><div class=\"vc_column-inner\"><div class=\"wpb_wrapper\"><div class=\"w-image align_none\"><div class=\"w-image-h\"><img decoding=\"async\" src=\"https:\/\/wisetg.com\/wp-content\/uploads\/2023\/04\/logo__wise-trading-group.svg\" class=\"attachment-full size-full\" alt=\"\" \/><\/div><\/div><\/div><\/div><\/div><\/div><div class=\"g-cols wpb_row hide_on_default hide_on_laptops hide_on_tablets hide_on_mobiles via_flex valign_top type_default stacking_default\"><div class=\"vc_col-sm-12 wpb_column vc_column_container\"><div class=\"vc_column-inner\"><div class=\"wpb_wrapper\"><div class=\"w-grid us_custom_a97935af type_grid layout_32 hidden cols_3\" id=\"us_grid_1\" data-filterable=\"true\"><style>#us_grid_1 .w-grid-item{padding:1.5rem}#us_grid_1 .w-grid-list{margin:-1.5rem}.w-grid + #us_grid_1 .w-grid-list,.w-grid-none + #us_grid_1 .w-grid-list{margin-top:1.5rem}@media (max-width:992px){#us_grid_1 .w-grid-item{width:50%}}@media (max-width:600px){#us_grid_1 .w-grid-list{margin:0}#us_grid_1 .w-grid-item{width:100%;padding:0;margin-bottom:1.5rem}}.layout_32 .w-grid-item-h{}.layout_32 .usg_post_image_1{padding-bottom:12px!important}.layout_32 .usg_hwrapper_2{margin-top:12px!important}.layout_32 .usg_text_1{font-size:22px!important}.layout_32 .usg_text_2{font-size:22px!important}.layout_32 .usg_text_3{font-size:22px!important}.layout_32 .usg_post_custom_field_3{color:#999999!important;font-size:14px!important;margin-top:12px!important}<\/style><div class=\"w-grid-list\"><\/div><div class=\"w-grid-preloader\"><div class=\"g-preloader type_1\">\r\n\t<div><\/div>\r\n<\/div>\r\n<\/div>\t<div class=\"w-grid-json hidden\" onclick='return {&quot;action&quot;:&quot;us_ajax_grid&quot;,&quot;ajax_url&quot;:&quot;https:\\\/\\\/wisetg.com\\\/wp-admin\\\/admin-ajax.php&quot;,&quot;infinite_scroll&quot;:0,&quot;max_num_pages&quot;:0,&quot;pagination&quot;:&quot;none&quot;,&quot;permalink_url&quot;:&quot;https:\\\/\\\/wisetg.com\\\/lt\\\/wp-json\\\/wp\\\/v2\\\/pages\\\/12904&quot;,&quot;template_vars&quot;:{&quot;columns&quot;:&quot;3&quot;,&quot;exclude_items&quot;:&quot;none&quot;,&quot;img_size&quot;:&quot;full&quot;,&quot;ignore_items_size&quot;:0,&quot;items_layout&quot;:&quot;32&quot;,&quot;items_offset&quot;:&quot;1&quot;,&quot;load_animation&quot;:&quot;none&quot;,&quot;overriding_link&quot;:&quot;none&quot;,&quot;post_id&quot;:16064,&quot;query_args&quot;:{&quot;post_type&quot;:[&quot;our-team&quot;],&quot;post_status&quot;:[&quot;publish&quot;,&quot;acf-disabled&quot;],&quot;posts_per_page&quot;:999},&quot;orderby_query_args&quot;:{&quot;orderby&quot;:{&quot;post__in&quot;:&quot;ASC&quot;},&quot;order&quot;:&quot;ASC&quot;},&quot;type&quot;:&quot;grid&quot;,&quot;us_grid_ajax_index&quot;:1,&quot;us_grid_filter_params&quot;:null,&quot;us_grid_index&quot;:1,&quot;_us_grid_post_type&quot;:&quot;our-team&quot;,&quot;page_args&quot;:[],&quot;lang&quot;:&quot;lt&quot;}}'><\/div>\r\n\t<\/div><div class=\"w-grid-none type_message\">Nepavyko rasti.<\/div><\/div><\/div><\/div><\/div><\/div><\/div><\/div><\/div><\/div><\/section>\n\n","protected":false},"excerpt":{"rendered":"Kontaktai M\u016bs\u0173 profesionali komanda pasiruo\u0161usi jums pad\u0117ti su bet kokiu klausimu, tiesiog u\u017epildykite form\u0105, kad prane\u0161tum\u0117te mums savo poreikius. Vardas Telefono nr. \ud83c\uddfa\ud83c\uddf8 +1 United States\ud83c\uddec\ud83c\udde7 +44 United Kingdom\ud83c\udde8\ud83c\udde6 +1 Canada\ud83c\udde6\ud83c\uddfa +61 Australia\ud83c\udde9\ud83c\uddea +49 Germany\ud83c\uddeb\ud83c\uddf7 +33 France\ud83c\uddee\ud83c\uddf9 +39 Italy\ud83c\uddea\ud83c\uddf8 +34 Spain\ud83c\uddf3\ud83c\uddf1 +31 Netherlands\ud83c\udde7\ud83c\uddea +32 Belgium\ud83c\udde8\ud83c\udded +41 Switzerland\ud83c\udde6\ud83c\uddf9 +43 Austria\ud83c\uddf8\ud83c\uddea +46 Sweden\ud83c\uddf3\ud83c\uddf4 +47 Norway\ud83c\udde9\ud83c\uddf0 +45 Denmark\ud83c\uddeb\ud83c\uddee...","protected":false},"author":2,"featured_media":8795,"parent":0,"menu_order":0,"comment_status":"closed","ping_status":"closed","template":"","meta":{"_acf_changed":false,"footnotes":""},"class_list":["post-12904","page","type-page","status-publish","has-post-thumbnail","hentry"],"acf":[],"_links":{"self":[{"href":"https:\/\/wisetg.com\/lt\/wp-json\/wp\/v2\/pages\/12904","targetHints":{"allow":["GET"]}}],"collection":[{"href":"https:\/\/wisetg.com\/lt\/wp-json\/wp\/v2\/pages"}],"about":[{"href":"https:\/\/wisetg.com\/lt\/wp-json\/wp\/v2\/types\/page"}],"author":[{"embeddable":true,"href":"https:\/\/wisetg.com\/lt\/wp-json\/wp\/v2\/users\/2"}],"replies":[{"embeddable":true,"href":"https:\/\/wisetg.com\/lt\/wp-json\/wp\/v2\/comments?post=12904"}],"version-history":[{"count":5,"href":"https:\/\/wisetg.com\/lt\/wp-json\/wp\/v2\/pages\/12904\/revisions"}],"predecessor-version":[{"id":13602,"href":"https:\/\/wisetg.com\/lt\/wp-json\/wp\/v2\/pages\/12904\/revisions\/13602"}],"wp:featuredmedia":[{"embeddable":true,"href":"https:\/\/wisetg.com\/lt\/wp-json\/wp\/v2\/media\/8795"}],"wp:attachment":[{"href":"https:\/\/wisetg.com\/lt\/wp-json\/wp\/v2\/media?parent=12904"}],"curies":[{"name":"wp","href":"https:\/\/api.w.org\/{rel}","templated":true}]}}