{"id":13593,"date":"2023-07-28T06:41:15","date_gmt":"2023-07-28T06:41:15","guid":{"rendered":"https:\/\/wisetg.com\/duk"},"modified":"2025-05-16T10:46:02","modified_gmt":"2025-05-16T10:46:02","slug":"duk","status":"publish","type":"page","link":"https:\/\/wisetg.com\/lt\/duk","title":{"rendered":"DUK"},"content":{"rendered":"<section class=\"l-section wpb_row height_custom\"><div class=\"l-section-h i-cf\"><div class=\"g-cols vc_row via_flex valign_top type_default stacking_default\"><div class=\"vc_col-sm-12 wpb_column vc_column_container\"><div class=\"vc_column-inner\"><div class=\"wpb_wrapper\"><section class=\"l-section wpb_row us_custom_21128c5f temos__eilut\u0117s__formos-daliukas height_custom with_shape\"><div class=\"l-section-shape type_tilt pos_top hor_flip\" style=\"height:;\"><svg xmlns=\"http:\/\/www.w3.org\/2000\/svg\" viewBox=\"0 0 64 8\" preserveAspectRatio=\"none\" width=\"100%\" height=\"100%\">\r\n\t<path fill=\"currentColor\" d=\"M64 7.9 L64 10 L0 10 L0 0 Z\"\/>\r\n<\/svg><\/div><div class=\"l-section-shape type_tilt pos_bottom\" style=\"height:;\"><svg xmlns=\"http:\/\/www.w3.org\/2000\/svg\" viewBox=\"0 0 64 8\" preserveAspectRatio=\"none\" width=\"100%\" height=\"100%\">\r\n\t<path fill=\"currentColor\" d=\"M64 7.9 L64 10 L0 10 L0 0 Z\"\/>\r\n<\/svg><\/div><div class=\"l-section-h i-cf\"><div class=\"g-cols vc_row via_flex valign_top type_default stacking_default\"><div class=\"vc_col-sm-12 wpb_column vc_column_container\"><div class=\"vc_column-inner\"><div class=\"wpb_wrapper\"><div class=\"g-cols wpb_row via_flex valign_top type_default stacking_default\"><div class=\"vc_col-sm-12 wpb_column vc_column_container\"><div class=\"vc_column-inner\"><div class=\"wpb_wrapper\"><h2 class=\"w-text temos__tekstas text__h2 tema__stilizuota\"><span class=\"w-text-h\"><span class=\"w-text-value\">DUK<\/span><\/span><\/h2><div class=\"w-tabs us_custom_a97935af theme__accordion style_default switch_click accordion\"><div class=\"w-tabs-sections titles-align_none icon_chevron cpos_right\"><div class=\"w-tabs-section\" id=\"d63a\"><button class=\"w-tabs-section-header\" aria-controls=\"content-d63a\" aria-expanded=\"false\"><h3 class=\"w-tabs-section-title\">Kaip pateikti u\u017esakym\u0105?<\/h3><div class=\"w-tabs-section-control\"><\/div><\/button><div  class=\"w-tabs-section-content\" id=\"content-d63a\"><div class=\"w-tabs-section-content-h i-cf\"><div class=\"wpb_text_column\"><div class=\"wpb_wrapper\"><p>Paprastai didmenin\u0117s prekybos paskyr\u0105 galite sukurti pateikdami reikiam\u0105 verslo informacij\u0105, pvz., \u012fmon\u0117s pavadinim\u0105, galiojant\u012f verslo licencij\u0105 arba registracijos numer\u012f sertifikat\u0105 ir mokes\u010di\u0173 mok\u0117tojo kod\u0105. Tai padeda mums patikrinti verslo teis\u0117tum\u0105 ir u\u017etikrina atitikt\u012f teisiniams bei mokes\u010di\u0173 reglamentams. \u0160iuos dokumentus galite pateikti susisiek\u0119 su mumis telefonu +370 68314227 arba para\u0161\u0119 el. pa\u0161tu hello@wisetg.com.<\/p>\n<p>Vykdydami i\u0161sam\u0173 patikrinim\u0105, galime atlikti patikrinimo proces\u0105, kad patvirtintume potenciali\u0173 didmenini\u0173 klient\u0173 autenti\u0161kum\u0105 ir tinkamum\u0105. Tai gali apimti verslo dokument\u0173 per\u017ei\u016br\u0105, patikrinim\u0173 atlikim\u0105 arba rekomendacij\u0173 paie\u0161k\u0105.<\/p>\n<p>M\u016bs\u0173 tikslas \u2013 u\u017emegzti ilgalaik\u0119 partneryst\u0119 su patikimais ir \u012fsipareigojusiais didmeniniais klientais. Jei atitinkate \u0161iuos reikalavimus arba turite konkre\u010di\u0173 klausim\u0173, kaip tapti didmeniniu klientu, susisiekite su m\u016bs\u0173 specializuota pardavim\u0173 komanda. Jie suteiks jums vis\u0105 reikiam\u0105 informacij\u0105 ir pad\u0117s jums prisijungti prie kliento.<\/p>\n<\/div><\/div><\/div><\/div><\/div><div class=\"w-tabs-section\" id=\"p71e\"><button class=\"w-tabs-section-header\" aria-controls=\"content-p71e\" aria-expanded=\"false\"><h3 class=\"w-tabs-section-title\">Kokios specifikacijos reikalingos kainos u\u017eklausai?<\/h3><div class=\"w-tabs-section-control\"><\/div><\/button><div  class=\"w-tabs-section-content\" id=\"content-p71e\"><div class=\"w-tabs-section-content-h i-cf\"><div class=\"wpb_text_column\"><div class=\"wpb_wrapper\"><p>Susisiekite su m\u016bs\u0173 pardavim\u0173 vadybininkais, skambinkite arba si\u0173skite \u201eWhatsApp\u201c \u017einut\u0119 numeriu +370 68314227 arba ra\u0161ykite adresu hello@wisetg.com, nurodydami savo u\u017eklaus\u0105.<\/p>\n<\/div><\/div><\/div><\/div><\/div><div class=\"w-tabs-section\" id=\"r7c5\"><button class=\"w-tabs-section-header\" aria-controls=\"content-r7c5\" aria-expanded=\"false\"><h3 class=\"w-tabs-section-title\">Kokie yra minimal\u016bs u\u017esakymo reikalavimai?<\/h3><div class=\"w-tabs-section-control\"><\/div><\/button><div  class=\"w-tabs-section-content\" id=\"content-r7c5\"><div class=\"w-tabs-section-content-h i-cf\"><div class=\"wpb_text_column\"><div class=\"wpb_wrapper\"><p>Tur\u0117tum\u0117te pateikti \u0161i\u0105 informacij\u0105:<\/p>\n<p>Produkto pavadinimas<br \/>\nProdukto dydis (g, kg, ml, l)<br \/>\nKiekis (pad\u0117kl\u0173 \/ pad\u0117kl\u0173 \/ sunkve\u017eimi\u0173 skai\u010dius)<br \/>\nGalutinis paskirties adresas (pa\u0161to kodas, miestas, \u0161alis)<\/p>\n<\/div><\/div><\/div><\/div><\/div><div class=\"w-tabs-section\" id=\"k865\"><button class=\"w-tabs-section-header\" aria-controls=\"content-k865\" aria-expanded=\"false\"><h3 class=\"w-tabs-section-title\">Ar si\u016blote nuolaidas didmeniniams u\u017esakymams?<\/h3><div class=\"w-tabs-section-control\"><\/div><\/button><div  class=\"w-tabs-section-content\" id=\"content-k865\"><div class=\"w-tabs-section-content-h i-cf\"><div class=\"wpb_text_column\"><div class=\"wpb_wrapper\"><p>Priklausomai nuo Atsi\u017evelgiant \u012f produkto prieinamum\u0105 sand\u0117lyje, didmeniniams klientams galime taikyti minimal\u0173 u\u017esakymo kiek\u012f (MOQ), kuris gali svyruoti nuo 5\u201310 pad\u0117kl\u0173 iki pilnai pakrauto sunkve\u017eimio (32\u201333 pad\u0117klai). Tai padeda i\u0161laikyti m\u016bs\u0173 veiklos efektyvum\u0105 ir u\u017etikrina abipusiai naudingus verslo santykius.<\/p>\n<\/div><\/div><\/div><\/div><\/div><div class=\"w-tabs-section\" id=\"v917\"><button class=\"w-tabs-section-header\" aria-controls=\"content-v917\" aria-expanded=\"false\"><h3 class=\"w-tabs-section-title\">Kokie mok\u0117jimo b\u016bdai priimami?<\/h3><div class=\"w-tabs-section-control\"><\/div><\/button><div  class=\"w-tabs-section-content\" id=\"content-v917\"><div class=\"w-tabs-section-content-h i-cf\"><div class=\"wpb_text_column\"><div class=\"wpb_wrapper\"><p>Didmenini\u0173 kieki\u0173 u\u017esakym\u0173 kainos jau yra nustatytos, o m\u016bs\u0173 atsidavusi pardavim\u0173 komanda yra pasirengusi aptarti j\u016bs\u0173 konkre\u010dius poreikius ir pateikti jums konkurencing\u0105 kainos pasi\u016blym\u0105, atsi\u017evelgdama \u012f jus dominant\u012f kiek\u012f ir produktus. Nor\u0117dami gauti daugiau informacijos, susisiekite su m\u016bs\u0173 pardavim\u0173 skyriumi. Laukiame galimyb\u0117s Jums pad\u0117ti ir pasi\u016blyti geriausi\u0105 kainos ir kokyb\u0117s santyk\u012f J\u016bs\u0173 didmeniniams pirkiniams!<\/p>\n<\/div><\/div><\/div><\/div><\/div><div class=\"w-tabs-section\" id=\"ie2c\"><button class=\"w-tabs-section-header\" aria-controls=\"content-ie2c\" aria-expanded=\"false\"><h3 class=\"w-tabs-section-title\">Kaip tvarkomas didmenini\u0173 u\u017esakym\u0173 siuntimas?<\/h3><div class=\"w-tabs-section-control\"><\/div><\/button><div  class=\"w-tabs-section-content\" id=\"content-ie2c\"><div class=\"w-tabs-section-content-h i-cf\"><div class=\"wpb_text_column\"><div class=\"wpb_wrapper\"><p>M\u016bs\u0173 mok\u0117jimo s\u0105lygos yra tokios: 30 % sumokama banko pavedimu patvirtinus u\u017esakym\u0105, o 70 % \u2013 banko pavedimu prie\u0161 krovinio i\u0161vykim\u0105 i\u0161 m\u016bs\u0173 sand\u0117lio arba prie\u0161 i\u0161kraunant prekes kliento vietoje.<\/p>\n<p>Atkreipiame d\u0117mes\u012f, kad nepriimame akredityv\u0173 ir s\u0105lyginio deponavimo mok\u0117jim\u0173.<\/p>\n<\/div><\/div><\/div><\/div><\/div><div class=\"w-tabs-section\" id=\"ueef\"><button class=\"w-tabs-section-header\" aria-controls=\"content-ueef\" aria-expanded=\"false\"><h3 class=\"w-tabs-section-title\">Kaip pateikti u\u017esakym\u0105?<\/h3><div class=\"w-tabs-section-control\"><\/div><\/button><div  class=\"w-tabs-section-content\" id=\"content-ueef\"><div class=\"w-tabs-section-content-h i-cf\"><div class=\"wpb_text_column\"><div class=\"wpb_wrapper\"><p>Siuntimas atliekamas itin kruop\u0161\u010diai ir efektyviai. Bendradarbiaujame su patikimais siuntimo partneriais, kad u\u017etikrintume laiku pristatytus J\u016bs\u0173 didmeninius pirkinius.<\/p>\n<p>Pateikus u\u017esakym\u0105, m\u016bs\u0173 atsidavusi komanda j\u012f greitai apdoros, kruop\u0161\u010diai supakuodama produktus, kad jie b\u016bt\u0173 gerai apsaugoti tranzito metu. \u012eprastas u\u017esakymo apdorojimo ir siuntimo laikas priklauso nuo keli\u0173 veiksni\u0173, \u012fskaitant u\u017esakymo dyd\u012f, produkto prieinamum\u0105 ir pasirinkt\u0105 siuntimo b\u016bd\u0105.<\/p>\n<section class=\"l-section wpb_row us_custom_21128c5f temos__eilut\u0117s__formos-daliukas height_custom with_shape\"><div class=\"l-section-shape type_tilt pos_top hor_flip\" style=\"height:;\"><svg xmlns=\"http:\/\/www.w3.org\/2000\/svg\" viewBox=\"0 0 64 8\" preserveAspectRatio=\"none\" width=\"100%\" height=\"100%\">\r\n\t<path fill=\"currentColor\" d=\"M64 7.9 L64 10 L0 10 L0 0 Z\"\/>\r\n<\/svg><\/div><div class=\"l-section-shape type_tilt pos_bottom\" style=\"height:;\"><svg xmlns=\"http:\/\/www.w3.org\/2000\/svg\" viewBox=\"0 0 64 8\" preserveAspectRatio=\"none\" width=\"100%\" height=\"100%\">\r\n\t<path fill=\"currentColor\" d=\"M64 7.9 L64 10 L0 10 L0 0 Z\"\/>\r\n<\/svg><\/div><div class=\"l-section-h i-cf\"><div class=\"g-cols vc_row via_flex valign_top type_default stacking_default\"><\/div><\/div><\/section><div class=\"vc_col-sm-12 wpb_column vc_column_container\"><div class=\"vc_column-inner\"><div class=\"wpb_wrapper\"><\/div><\/div><\/div><div class=\"g-cols wpb_row via_flex valign_top type_default stacking_default\"><\/div><div class=\"vc_col-sm-12 wpb_column vc_column_container\"><div class=\"vc_column-inner\"><div class=\"wpb_wrapper\"><\/div><\/div><\/div><h2 class=\"w-text temos__tekstas text__h2 tema__stilizuota\"><span class=\"w-text-h\"><span class=\"w-text-value\">DUK<\/span><\/span><\/h2><div class=\"w-tabs us_custom_a97935af theme__accordion style_default switch_click accordion\"><div class=\"w-tabs-sections titles-align_none icon_chevron cpos_right\"><\/div><\/div><div class=\"w-tabs-section content-empty\" id=\"e563\"><button class=\"w-tabs-section-header\" aria-controls=\"content-e563\" aria-expanded=\"false\"><div class=\"w-tabs-section-title\">Kaip sukurti didmenin\u0117s prekybos paskyr\u0105?<\/div><div class=\"w-tabs-section-control\"><\/div><\/button><div  class=\"w-tabs-section-content\" id=\"content-e563\"><div class=\"w-tabs-section-content-h i-cf\"><\/div><\/div><\/div><div class=\"wpb_text_column\"><div class=\"wpb_wrapper\"><\/div><\/div>Paprastai didmenin\u0117s prekybos paskyr\u0105 galite sukurti pateikdami reikiam\u0105 verslo informacij\u0105, pvz., \u012fmon\u0117s pavadinim\u0105, galiojant\u012f verslo licencij\u0105 arba registracijos numer\u012f sertifikat\u0105 ir mokes\u010di\u0173 mok\u0117tojo kod\u0105. Tai padeda mums patikrinti verslo teis\u0117tum\u0105 ir u\u017etikrina atitikt\u012f teisiniams bei mokes\u010di\u0173 reglamentams. \u0160iuos dokumentus galite pateikti susisiek\u0119 su mumis telefonu +370 68314227 arba para\u0161\u0119 el. pa\u0161tu hello@wisetg.com.<\/p>\n<p>Vykdydami i\u0161sam\u0173 patikrinim\u0105, galime atlikti patikrinimo proces\u0105, kad patvirtintume potenciali\u0173 didmenini\u0173 klient\u0173 autenti\u0161kum\u0105 ir tinkamum\u0105. Tai gali apimti verslo dokument\u0173 per\u017ei\u016br\u0105, patikrinim\u0173 atlikim\u0105 arba rekomendacij\u0173 paie\u0161k\u0105.<\/p>\n<p>M\u016bs\u0173 tikslas \u2013 u\u017emegzti ilgalaik\u0119 partneryst\u0119 su patikimais ir \u012fsipareigojusiais didmeniniais klientais. Jei atitinkate \u0161iuos reikalavimus arba turite konkre\u010di\u0173 klausim\u0173, kaip tapti didmeniniu klientu, susisiekite su m\u016bs\u0173 specializuota pardavim\u0173 komanda. Jie suteiks jums vis\u0105 reikiam\u0105 informacij\u0105 ir pad\u0117s jums prisijungti prie kliento.<\/p>\n<\/div><\/div><\/div><\/div><\/div><div class=\"w-tabs-section\" id=\"mfbb\"><button class=\"w-tabs-section-header\" aria-controls=\"content-mfbb\" aria-expanded=\"false\"><h3 class=\"w-tabs-section-title\">Kokios specifikacijos reikalingos kainos u\u017eklausai?<\/h3><div class=\"w-tabs-section-control\"><\/div><\/button><div  class=\"w-tabs-section-content\" id=\"content-mfbb\"><div class=\"w-tabs-section-content-h i-cf\"><div class=\"wpb_text_column\"><div class=\"wpb_wrapper\"><p>Susisiekite su m\u016bs\u0173 pardavim\u0173 vadybininkais, skambinkite arba si\u0173skite \u201eWhatsApp\u201c \u017einut\u0119 numeriu +370 68314227 arba ra\u0161ykite adresu hello@wisetg.com, nurodydami savo u\u017eklaus\u0105.<\/p>\n<\/div><\/div><\/div><\/div><\/div><div class=\"w-tabs-section\" id=\"a08d\"><button class=\"w-tabs-section-header\" aria-controls=\"content-a08d\" aria-expanded=\"false\"><h3 class=\"w-tabs-section-title\">Kokie yra minimal\u016bs u\u017esakymo reikalavimai?<\/h3><div class=\"w-tabs-section-control\"><\/div><\/button><div  class=\"w-tabs-section-content\" id=\"content-a08d\"><div class=\"w-tabs-section-content-h i-cf\"><div class=\"wpb_text_column\"><div class=\"wpb_wrapper\"><p>Tur\u0117tum\u0117te pateikti \u0161i\u0105 informacij\u0105:<\/p>\n<p>Produkto pavadinimas<br \/>\nProdukto dydis (g, kg, ml, l)<br \/>\nKiekis (pad\u0117kl\u0173 \/ pad\u0117kl\u0173 \/ sunkve\u017eimi\u0173 skai\u010dius)<br \/>\nGalutinis paskirties adresas (pa\u0161to kodas, miestas, \u0161alis)<\/p>\n<\/div><\/div><\/div><\/div><\/div><div class=\"w-tabs-section\" id=\"r16f\"><button class=\"w-tabs-section-header\" aria-controls=\"content-r16f\" aria-expanded=\"false\"><h3 class=\"w-tabs-section-title\">Ar si\u016blote nuolaidas didmeniniams u\u017esakymams?<\/h3><div class=\"w-tabs-section-control\"><\/div><\/button><div  class=\"w-tabs-section-content\" id=\"content-r16f\"><div class=\"w-tabs-section-content-h i-cf\"><div class=\"wpb_text_column\"><div class=\"wpb_wrapper\"><p>Priklausomai nuo Atsi\u017evelgiant \u012f produkto prieinamum\u0105 sand\u0117lyje, didmeniniams klientams galime taikyti minimal\u0173 u\u017esakymo kiek\u012f (MOQ), kuris gali svyruoti nuo 5\u201310 pad\u0117kl\u0173 iki pilnai pakrauto sunkve\u017eimio (32\u201333 pad\u0117klai). Tai padeda i\u0161laikyti m\u016bs\u0173 veiklos efektyvum\u0105 ir u\u017etikrina abipusiai naudingus verslo santykius.<\/p>\n<\/div><\/div><\/div><\/div><\/div><div class=\"w-tabs-section\" id=\"r285\"><button class=\"w-tabs-section-header\" aria-controls=\"content-r285\" aria-expanded=\"false\"><h3 class=\"w-tabs-section-title\">Kokie mok\u0117jimo b\u016bdai priimami?<\/h3><div class=\"w-tabs-section-control\"><\/div><\/button><div  class=\"w-tabs-section-content\" id=\"content-r285\"><div class=\"w-tabs-section-content-h i-cf\"><div class=\"wpb_text_column\"><div class=\"wpb_wrapper\"><p>Didmenini\u0173 kieki\u0173 u\u017esakym\u0173 kainos jau yra nustatytos, o m\u016bs\u0173 atsidavusi pardavim\u0173 komanda yra pasirengusi aptarti j\u016bs\u0173 konkre\u010dius poreikius ir pateikti jums konkurencing\u0105 kainos pasi\u016blym\u0105, atsi\u017evelgdama \u012f jus dominant\u012f kiek\u012f ir produktus. Nor\u0117dami gauti daugiau informacijos, susisiekite su m\u016bs\u0173 pardavim\u0173 skyriumi. Laukiame galimyb\u0117s Jums pad\u0117ti ir pasi\u016blyti geriausi\u0105 kainos ir kokyb\u0117s santyk\u012f J\u016bs\u0173 didmeniniams pirkiniams!<\/p>\n<\/div><\/div><\/div><\/div><\/div><div class=\"w-tabs-section\" id=\"h381\"><button class=\"w-tabs-section-header\" aria-controls=\"content-h381\" aria-expanded=\"false\"><h3 class=\"w-tabs-section-title\">Kaip tvarkomas didmenini\u0173 u\u017esakym\u0173 siuntimas?<\/h3><div class=\"w-tabs-section-control\"><\/div><\/button><div  class=\"w-tabs-section-content\" id=\"content-h381\"><div class=\"w-tabs-section-content-h i-cf\"><div class=\"wpb_text_column\"><div class=\"wpb_wrapper\"><p>M\u016bs\u0173 mok\u0117jimo s\u0105lygos yra tokios: 30 % sumokama banko pavedimu patvirtinus u\u017esakym\u0105, o 70 % \u2013 banko pavedimu prie\u0161 krovinio i\u0161vykim\u0105 i\u0161 m\u016bs\u0173 sand\u0117lio arba prie\u0161 i\u0161kraunant prekes kliento vietoje.<\/p>\n<p>Atkreipiame d\u0117mes\u012f, kad nepriimame akredityv\u0173 ir s\u0105lyginio deponavimo mok\u0117jim\u0173.<\/p>\n<\/div><\/div><\/div><\/div><\/div><div class=\"w-tabs-section\" id=\"i49e\"><button class=\"w-tabs-section-header\" aria-controls=\"content-i49e\" aria-expanded=\"false\"><h3 class=\"w-tabs-section-title\">Kaip pirkti g\u0117rimus didmenine prekyba?<\/h3><div class=\"w-tabs-section-control\"><\/div><\/button><div  class=\"w-tabs-section-content\" id=\"content-i49e\"><div class=\"w-tabs-section-content-h i-cf\"><div class=\"wpb_text_column\"><div class=\"wpb_wrapper\"><\/div><\/div>Siuntimas atliekamas itin kruop\u0161\u010diai ir efektyviai. Bendradarbiaujame su patikimais siuntimo partneriais, kad u\u017etikrintume laiku pristatytus J\u016bs\u0173 didmeninius pirkinius.<\/p>\n<p>Pateikus u\u017esakym\u0105, m\u016bs\u0173 atsidavusi komanda j\u012f greitai apdoros, kruop\u0161\u010diai supakuodama produktus, kad jie b\u016bt\u0173 gerai apsaugoti tranzito metu. \u012eprastas u\u017esakymo apdorojimo ir siuntimo laikas priklauso nuo keli\u0173 veiksni\u0173, \u012fskaitant u\u017esakymo dyd\u012f, produkto prieinamum\u0105 ir pasirinkt\u0105 siuntimo b\u016bd\u0105.<\/p>\n<\/div><\/div><\/div><div class=\"w-tabs-section\" id=\"k58f\"><button class=\"w-tabs-section-header\" aria-controls=\"content-k58f\" aria-expanded=\"false\"><h3 class=\"w-tabs-section-title\">Kas yra FMCG \u012fmon\u0117s?<\/h3><div class=\"w-tabs-section-control\"><\/div><\/button><div  class=\"w-tabs-section-content\" id=\"content-k58f\"><div class=\"w-tabs-section-content-h i-cf\"><div class=\"wpb_text_column\"><div class=\"wpb_wrapper\"><p>Jei nor\u0117tum\u0117te pirkti g\u0117rimus didmenine prekyba, susisiekite su mumis: el. pa\u0161tu (hello@wisetg.com) arba tel. \/ \u201eWhatsApp\u201c +37068314227.<\/p>\n<\/div><\/div><\/div><\/div><\/div><div class=\"w-tabs-section\" id=\"t69c\"><button class=\"w-tabs-section-header\" aria-controls=\"content-t69c\" aria-expanded=\"false\"><h3 class=\"w-tabs-section-title\">Kaip pirkti \u201eCoca-Cola\u201c produktus didmenine prekyba?<\/h3><div class=\"w-tabs-section-control\"><\/div><\/button><div  class=\"w-tabs-section-content\" id=\"content-t69c\"><div class=\"w-tabs-section-content-h i-cf\"><div class=\"wpb_text_column\"><div class=\"wpb_wrapper\"><p>FMCG (greitai judan\u010dios vartojimo prek\u0117s) \u2013 tai greitai ir u\u017e prieinam\u0105 kain\u0105 parduodami produktai, pavyzd\u017eiui, supakuoti maisto produktai, g\u0117rimai ir \u012fprasti vaistai. Pagrindin\u0117s FMCG produkt\u0173 savyb\u0117s yra didel\u0117 apyvarta, prieinama kaina ir vidutinis galiojimo laikas. \u0160ie produktai paprastai yra b\u016btini daiktai, kuriuos vartotojai naudoja kasdien ir kuriuos reikia reguliariai keisti arba papildyti, tod\u0117l paklausa yra nuolatin\u0117. FMCG \u012fmon\u0117s vaidina labai svarb\u0173 vaidmen\u012f pasaulio ekonomikoje, tenkindamos pagrindinius vartotoj\u0173 poreikius ir prisitaikydamos prie kintan\u010di\u0173 vartotoj\u0173 tendencij\u0173 ir pageidavim\u0173. J\u0173 geb\u0117jimas diegti naujoves ir efektyviai valdyti tiekimo grandines tiesiogiai veikia j\u0173 s\u0117km\u0119 ir augim\u0105 itin konkurencingoje plataus vartojimo preki\u0173 (FMCG) rinkoje.<\/p>\n<\/div><\/div><\/div><\/div><\/div><div class=\"w-tabs-section\" id=\"o75c\"><button class=\"w-tabs-section-header\" aria-controls=\"content-o75c\" aria-expanded=\"false\"><h3 class=\"w-tabs-section-title\">Ar galite pateikti informacijos apie \u201eWise Trading Group\u201c si\u016blom\u0173 didmenini\u0173 u\u017ekand\u017ei\u0173 \u012fvairov\u0119, \u012fskaitant populiarius preki\u0173 \u017eenklus ar unikalius pasi\u016blymus?<\/h3><div class=\"w-tabs-section-control\"><\/div><\/button><div  class=\"w-tabs-section-content\" id=\"content-o75c\"><div class=\"w-tabs-section-content-h i-cf\"><div class=\"wpb_text_column\"><div class=\"wpb_wrapper\"><p>Jei nor\u0117tum\u0117te pirkti \u201eCoca-Cola\u201c produktus didmenine prekyba, susisiekite su mumis el. pa\u0161tu (hello@wisetg.com) arba telefonu \/ \u201eWhatsApp\u201c +37068314227.<\/p>\n<\/div><\/div><\/div><\/div><\/div><div class=\"w-tabs-section\" id=\"d807\"><button class=\"w-tabs-section-header\" aria-controls=\"content-d807\" aria-expanded=\"false\"><h3 class=\"w-tabs-section-title\">Kaip didmeniniai g\u0117rim\u0173 tiek\u0117jai, kokius g\u0117rimus prekiaujate ir ar si\u016blote tiek nealkoholinius, tiek alkoholinius g\u0117rimus?<\/h3><div class=\"w-tabs-section-control\"><\/div><\/button><div  class=\"w-tabs-section-content\" id=\"content-d807\"><div class=\"w-tabs-section-content-h i-cf\"><div class=\"wpb_text_column\"><div class=\"wpb_wrapper\"><p>\u201eWise Trading Group\u201c si\u016blo plat\u0173 ir \u012fvair\u0173 didmenini\u0173 u\u017ekand\u017ei\u0173 asortiment\u0105, \u012fskaitant produktus i\u0161 viso pasaulio (didmeniniai amerikieti\u0161ki u\u017ekand\u017eiai, didmeniniai japoni\u0161ki u\u017ekand\u017eiai). M\u016bs\u0173 asortiment\u0105 papildo \u017einom\u0173 preki\u0173 \u017eenkl\u0173, toki\u0173 kaip \u201ePringles\u201c, \u201eTakis\u201c, \u201eCheetos\u201c, \u201eKitKat\u201c ir kit\u0173, u\u017ekand\u017eiai. Apsilankykite www.wisetg.com ir atraskite didmeninius u\u017ekand\u017eius kiekvienam skoniui. D\u0117l produkt\u0173 prieinamumo, galutin\u0117s kainos pasi\u016blymo ir kit\u0173 svarbi\u0173 klausim\u0173 susisiekite su mumis el. pa\u0161tu (hello@wisetg.com) arba telefonu \/ \u201eWhatsApp\u201c +37068314227.<\/p>\n<\/div><\/div><\/div><\/div><\/div><div class=\"w-tabs-section\" id=\"r8c3\"><button class=\"w-tabs-section-header\" aria-controls=\"content-r8c3\" aria-expanded=\"false\"><h3 class=\"w-tabs-section-title\">Ar galite priimti didelius u\u017esakymus renginiams ar \u012fmon\u0117ms, norin\u010dioms apsir\u016bpinti saldumynais, u\u017ekand\u017eiais ir g\u0117rimais?<\/h3><div class=\"w-tabs-section-control\"><\/div><\/button><div  class=\"w-tabs-section-content\" id=\"content-r8c3\"><div class=\"w-tabs-section-content-h i-cf\"><div class=\"wpb_text_column\"><div class=\"wpb_wrapper\"><p>Kaip didmeniniai g\u0117rim\u0173 tiek\u0117jai, mes daugiausia specializuojam\u0117s nealkoholiniuose g\u0117rimuose. M\u016bs\u0173 produkt\u0173 asortiment\u0105 sudaro platus gaivi\u0173j\u0173 g\u0117rim\u0173, energini\u0173 ir hidratacini\u0173 g\u0117rim\u0173, sul\u010di\u0173, arbatos, kavos ir vandens pasirinkimas. Nors si\u016blome al\u0173, u\u017etikriname, kad m\u016bs\u0173 nealkoholini\u0173 g\u0117rim\u0173 pasirinkimas atitikt\u0173 \u012fvairius m\u016bs\u0173 klient\u0173 poreikius ir pageidavimus. Apsilankykite www.wisetg.com ir per\u017ei\u016br\u0117kite vis\u0105 m\u016bs\u0173 g\u0117rim\u0173 asortiment\u0105.<\/p>\n<\/div><\/div><\/div><\/div><\/div><div class=\"w-tabs-section\" id=\"bd1a\"><button class=\"w-tabs-section-header\" aria-controls=\"content-bd1a\" aria-expanded=\"false\"><div class=\"w-tabs-section-title\">Ar galite priimti didelius u\u017esakymus renginiams ar \u012fmon\u0117ms, norin\u010dioms apsir\u016bpinti saldumynais, u\u017ekand\u017eiais ir g\u0117rimais?<\/div><div class=\"w-tabs-section-control\"><\/div><\/button><div  class=\"w-tabs-section-content\" id=\"content-bd1a\"><div class=\"w-tabs-section-content-h i-cf\"><div class=\"wpb_text_column\"><div class=\"wpb_wrapper\"><p>Taip, galime priimti didelius saldumyn\u0173, u\u017ekand\u017ei\u0173 ir g\u0117rim\u0173 u\u017esakymus. Si\u016blome \u012fvairi\u0173 variant\u0173, kad patenkintume j\u016bs\u0173 poreikius, teikdami kokybi\u0161kus produktus u\u017e konkurencingas kainas. Nesvarbu, ar planuojate didel\u012f rengin\u012f, ar norite apsir\u016bpinti savo verslui, m\u016bs\u0173 didmenini\u0173 u\u017esakym\u0173 procesas yra sukurtas taip, kad jums b\u016bt\u0173 patogus ir ekonomi\u0161kas.<\/p>\n<p>Nor\u0117dami pasiteirauti apie didmeninius u\u017esakymus, susisiekite su mumis tiesiogiai (el. pa\u0161tu (hello@wisetg.com) arba tel. \/ \u201eWhatsApp\u201c +37068314227) ir vienas i\u0161 m\u016bs\u0173 pardavim\u0173 vadybinink\u0173 pasir\u016bpins j\u016bs\u0173 u\u017esakymu. Esame \u012fsipareigoj\u0119 u\u017etikrinti skland\u017ei\u0105 ir patenkinam\u0105 klient\u0173 patirt\u012f, si\u016blydami lankst\u0173 kieki\u0173 pasirinkim\u0105 ir plat\u0173 produkt\u0173 pasirinkim\u0105.<\/p>\n<\/div><\/div><\/div><\/div><\/div><\/div><\/div><\/div><\/div><\/div><\/div><\/div><\/div><\/div><\/div><\/div><\/section>\n<\/div><\/div><\/div><\/div><\/div><\/section>\n","protected":false},"excerpt":{"rendered":"DUKKaip pateikti u\u017esakym\u0105?Paprastai didmenin\u0117s prekybos paskyr\u0105 galite sukurti pateikdami reikiam\u0105 verslo informacij\u0105, pvz., \u012fmon\u0117s pavadinim\u0105, galiojant\u012f verslo licencij\u0105 arba registracijos numer\u012f sertifikat\u0105 ir mokes\u010di\u0173 mok\u0117tojo kod\u0105. Tai padeda mums patikrinti verslo teis\u0117tum\u0105 ir u\u017etikrina atitikt\u012f teisiniams bei mokes\u010di\u0173 reglamentams. \u0160iuos dokumentus galite pateikti susisiek\u0119 su mumis telefonu +370 68314227 arba para\u0161\u0119 el. pa\u0161tu hello@wisetg.com. Vykdydami...","protected":false},"author":1,"featured_media":0,"parent":0,"menu_order":0,"comment_status":"closed","ping_status":"closed","template":"","meta":{"_acf_changed":false,"footnotes":""},"class_list":["post-13593","page","type-page","status-publish","hentry"],"acf":[],"_links":{"self":[{"href":"https:\/\/wisetg.com\/lt\/wp-json\/wp\/v2\/pages\/13593","targetHints":{"allow":["GET"]}}],"collection":[{"href":"https:\/\/wisetg.com\/lt\/wp-json\/wp\/v2\/pages"}],"about":[{"href":"https:\/\/wisetg.com\/lt\/wp-json\/wp\/v2\/types\/page"}],"author":[{"embeddable":true,"href":"https:\/\/wisetg.com\/lt\/wp-json\/wp\/v2\/users\/1"}],"replies":[{"embeddable":true,"href":"https:\/\/wisetg.com\/lt\/wp-json\/wp\/v2\/comments?post=13593"}],"version-history":[{"count":1,"href":"https:\/\/wisetg.com\/lt\/wp-json\/wp\/v2\/pages\/13593\/revisions"}],"predecessor-version":[{"id":13594,"href":"https:\/\/wisetg.com\/lt\/wp-json\/wp\/v2\/pages\/13593\/revisions\/13594"}],"wp:attachment":[{"href":"https:\/\/wisetg.com\/lt\/wp-json\/wp\/v2\/media?parent=13593"}],"curies":[{"name":"wp","href":"https:\/\/api.w.org\/{rel}","templated":true}]}}