{"id":13603,"date":"2023-04-14T07:16:11","date_gmt":"2023-04-14T07:16:11","guid":{"rendered":"https:\/\/wisetg.com\/slapuku-politika"},"modified":"2023-04-14T07:16:11","modified_gmt":"2023-04-14T07:16:11","slug":"slapuku-politika","status":"publish","type":"page","link":"https:\/\/wisetg.com\/lt\/slapuku-politika","title":{"rendered":"Slapuk\u0173 politika"},"content":{"rendered":"<p>Teikdama paslaugas ir (arba) produktus, &#8222;Wise Trading Group&#8221; siekia u\u017etikrinti auk\u0161\u010diausio lygio savo klient\u0173 ir abonent\u0173 (toliau &#8211; klientai) (toliau kartu vadinam\u0173 &#8222;jumis&#8221;, &#8222;vartotojais&#8221;) duomen\u0173 privatum\u0105.<\/p>\n<p>&#8222;Wise Trading Group&#8221; labai rimtai r\u016bpinasi savo naudotoj\u0173 privatumu ir saugumu. &#8222;Wise Trading Group&#8221; yra \u012fsipareigojusi saugoti j\u016bs\u0173 pateiktus duomenis. <\/p>\n<p>Kai \u0161ioje politikoje vartojama s\u0105voka &#8222;Wise Trading Group&#8221;, ji rei\u0161kia &#8222;Wise Trading Group&#8221;, kuri veikia kaip duomen\u0173 valdytojas j\u016bs\u0173 asmens duomen\u0173 apsaugos kontekste.<\/p>\n<p>\u0160i slapuk\u0173 politika skirta informuoti naudotojus apie svetain\u0117je naudojamas technologijas ir kaip &#8222;Wise Trading Group&#8221; jas naudoja.<\/p>\n<h3>Bendra informacija apie slapukus<\/h3>\n<p>Savo svetain\u0117je naudojame slapukus. Jie leid\u017eia mums pritaikyti svetain\u0117s funkcijas j\u016bs\u0173 poreikiams ir palengvina nar\u0161ym\u0105 bei naudojim\u0105si m\u016bs\u0173 svetaine. <\/p>\n<h3>Kas yra slapukai?<\/h3>\n<p>Slapukai &#8211; tai nedideli tekstiniai failai (iki keli\u0173 KB dyd\u017eio), kuriuos interneto nar\u0161ykl\u0117 patalpina j\u016bs\u0173 kompiuteryje, plan\u0161etiniame kompiuteryje ar kituose i\u0161maniuosiuose \u012frenginiuose, kai lankot\u0117s m\u016bs\u0173 svetain\u0117je. Jie leid\u017eia svetainei i\u0161saugoti tokius duomenis, kaip: <\/p>\n<ul>\n<li>Prisijungimo duomenys (prisijungimui naudoto \u012frenginio IP adresas, prisijungimo laikas, miestas, i\u0161 kurio prisijungta);<\/li>\n<li>Nar\u0161ykl\u0117s tipas;<\/li>\n<li>Demografiniai duomenys (am\u017eiaus grup\u0117, lytis);<\/li>\n<li>Duomenys apie tai, kaip nar\u0161ote svetain\u0117je (kokiuose skyriuose lankot\u0117s, kokiais produktais ar paslaugomis domit\u0117s).<\/li>\n<\/ul>\n<h3>Slapuk\u0173 naudojimo tikslai<\/h3>\n<p>Slapukus naudojame, kad:<\/p>\n<ul>\n<li>U\u017etikrinti veiksming\u0105 ir saug\u0173 svetain\u0117s veikim\u0105; slapukus naudojame savo saugumo funkcijoms palaikyti, kurios padeda aptikti ir nustatyti netinkam\u0105 elges\u012f m\u016bs\u0173 svetain\u0117je;<\/li>\n<li>Gerinti svetain\u0117s veikim\u0105; steb\u0117dami slapuk\u0173 naudojim\u0105, galime pagerinti svetain\u0117s ir elektronini\u0173 paslaug\u0173 veikim\u0105, pl\u0117toti esamas paslaugas, tobulinti funkcionalum\u0105 ir analizuoti veikim\u0105, kai m\u016bs\u0173 svetain\u0117je lankot\u0117s i\u0161 kit\u0173 svetaini\u0173, \u012frengini\u0173 ar prietais\u0173;<\/li>\n<li>atpa\u017einti gr\u012f\u017etan\u010dius svetain\u0117s lankytojus; slapukai padeda lankytojams rodyti tinkam\u0105 informacij\u0105; tai taip pat padeda i\u0161vengti pakartotin\u0117s registracijos ir form\u0173 pildymo nuolatiniams lankytojams;<\/li>\n<li>Analizuokite savo \u012fpro\u010dius, kad \u012fsitikintum\u0117te, jog svetain\u0117 yra patogi, veiksminga, atitinka j\u016bs\u0173 poreikius ir l\u016bkes\u010dius, pvz., padeda lengviau rasti tai, ko ie\u0161kote;<\/li>\n<li>matuoti \u012f m\u016bs\u0173 svetain\u0119 siun\u010diamos informacijos ir duomen\u0173 sraut\u0105; slapukus naudojame rinkdami statistinius duomenis apie svetain\u0117s lankytoj\u0173 skai\u010di\u0173 ir naudojim\u0105si elektronin\u0117mis paslaugomis;<\/li>\n<li>Tikslin\u0117 rinkodara ir reklama; naudodami slapukus galime rinkti informacij\u0105, kad gal\u0117tume pateikti konkre\u010dioms nar\u0161ykl\u0117ms pritaikyt\u0105 reklam\u0105 ar turin\u012f, sudarydami skirtingas tikslines grupes; galime naudoti slapukus, kad tinkama reklama b\u016bt\u0173 rodoma tiek m\u016bs\u0173 svetain\u0117je, tiek u\u017e jos rib\u0173.<\/li>\n<\/ul>\n<p>Laikydamiesi galiojan\u010di\u0173 \u012fstatym\u0173, slapuk\u0173 gaut\u0105 informacij\u0105 galime sujungti su kita m\u016bs\u0173 turima informacija apie jus, pavyzd\u017eiui, informacija apie j\u016bs\u0173 naudojim\u0105si paslaugomis, m\u016bs\u0173 lojalumo programa ir pan.<\/p>\n<h3>Kontaktin\u0117 informacija<\/h3>\n<p>Jei turite klausim\u0173 d\u0117l savo duomen\u0173 apsaugos ar naudojimosi duomen\u0173 subjekto teis\u0117mis, galite susisiekti su mumis el. pa\u0161tu <a href=\"mailto:hello@wisetg.com\">hello@wisetg.com<\/a>, ir mes pasistengsime greitai atsakyti.<\/p>\n","protected":false},"excerpt":{"rendered":"<p>Teikdama paslaugas ir (arba) produktus, &#8222;Wise Trading Group&#8221; siekia u\u017etikrinti auk\u0161\u010diausio lygio savo klient\u0173 ir abonent\u0173 (toliau &#8211; klientai) (toliau kartu vadinam\u0173 &#8222;jumis&#8221;, &#8222;vartotojais&#8221;) duomen\u0173 privatum\u0105. &#8222;Wise Trading Group&#8221; labai rimtai r\u016bpinasi savo naudotoj\u0173 privatumu ir saugumu. &#8222;Wise Trading Group&#8221; yra \u012fsipareigojusi saugoti j\u016bs\u0173 pateiktus duomenis. Kai \u0161ioje politikoje vartojama s\u0105voka &#8222;Wise Trading Group&#8221;, ji&#8230;<\/p>\n","protected":false},"author":2,"featured_media":0,"parent":0,"menu_order":0,"comment_status":"closed","ping_status":"open","template":"","meta":{"_acf_changed":false,"footnotes":""},"class_list":["post-13603","page","type-page","status-publish","hentry"],"acf":[],"_links":{"self":[{"href":"https:\/\/wisetg.com\/lt\/wp-json\/wp\/v2\/pages\/13603","targetHints":{"allow":["GET"]}}],"collection":[{"href":"https:\/\/wisetg.com\/lt\/wp-json\/wp\/v2\/pages"}],"about":[{"href":"https:\/\/wisetg.com\/lt\/wp-json\/wp\/v2\/types\/page"}],"author":[{"embeddable":true,"href":"https:\/\/wisetg.com\/lt\/wp-json\/wp\/v2\/users\/2"}],"replies":[{"embeddable":true,"href":"https:\/\/wisetg.com\/lt\/wp-json\/wp\/v2\/comments?post=13603"}],"version-history":[{"count":0,"href":"https:\/\/wisetg.com\/lt\/wp-json\/wp\/v2\/pages\/13603\/revisions"}],"wp:attachment":[{"href":"https:\/\/wisetg.com\/lt\/wp-json\/wp\/v2\/media?parent=13603"}],"curies":[{"name":"wp","href":"https:\/\/api.w.org\/{rel}","templated":true}]}}