{"id":13604,"date":"2023-04-14T07:16:11","date_gmt":"2023-04-14T07:16:11","guid":{"rendered":"https:\/\/wisetg.com\/polityka-plikow-cookie"},"modified":"2023-04-14T07:16:11","modified_gmt":"2023-04-14T07:16:11","slug":"polityka-plikow-cookie","status":"publish","type":"page","link":"https:\/\/wisetg.com\/pl\/polityka-plikow-cookie","title":{"rendered":"Polityka plik\u00f3w cookie"},"content":{"rendered":"<p>\u015awiadcz\u0105c us\u0142ugi i\/lub dostarczaj\u0105c produkty, Wise Trading Group d\u0105\u017cy do zapewnienia najwy\u017cszego poziomu prywatno\u015bci danych swoich klient\u00f3w i subskrybent\u00f3w (zwanych dalej &#8222;Klientami&#8221;) (zwanych \u0142\u0105cznie &#8222;Tob\u0105&#8221;, &#8222;u\u017cytkownikami&#8221;).<\/p>\n<p>Wise Trading Group bardzo powa\u017cnie traktuje prywatno\u015b\u0107 i bezpiecze\u0144stwo swoich u\u017cytkownik\u00f3w. Wise Trading Group zobowi\u0105zuje si\u0119 do ochrony danych, kt\u00f3re nam przekazujesz. <\/p>\n<p>Kiedy termin &#8222;Wise Trading Group&#8221; jest u\u017cywany w niniejszej polityce, odnosi si\u0119 do Wise Trading Group, kt\u00f3ra dzia\u0142a jako administrator danych w odniesieniu do kontekstu ochrony danych osobowych u\u017cytkownika.<\/p>\n<p>Niniejsza Polityka dotycz\u0105ca plik\u00f3w cookie ma na celu poinformowanie u\u017cytkownik\u00f3w o technologiach stosowanych na stronie internetowej i sposobie ich wykorzystania przez Wise Trading Group.<\/p>\n<h3>Og\u00f3lne informacje o plikach cookie<\/h3>\n<p>Na naszej stronie internetowej u\u017cywamy plik\u00f3w cookie. Pozwalaj\u0105 nam one dostosowa\u0107 funkcjonalno\u015b\u0107 witryny do Twoich potrzeb, a tak\u017ce u\u0142atwiaj\u0105 przegl\u0105danie i korzystanie z naszej witryny. <\/p>\n<h3>Czym s\u0105 pliki cookie?<\/h3>\n<p>Pliki cookie to ma\u0142e pliki tekstowe (o rozmiarze do kilku KB) umieszczane przez przegl\u0105dark\u0119 internetow\u0105 na komputerze, tablecie lub innym urz\u0105dzeniu inteligentnym podczas odwiedzania naszej witryny. Pozwalaj\u0105 one stronie internetowej na przechowywanie takich danych jak: <\/p>\n<ul>\n<li>Szczeg\u00f3\u0142y logowania (adres IP urz\u0105dzenia u\u017cywanego do logowania, czas logowania, miasto, z kt\u00f3rego nawi\u0105zano po\u0142\u0105czenie);<\/li>\n<li>Typ przegl\u0105darki;<\/li>\n<li>Dane demograficzne (grupa wiekowa, p\u0142e\u0107);<\/li>\n<li>Dane dotycz\u0105ce sposobu przegl\u0105dania strony internetowej przez u\u017cytkownika (kt\u00f3re sekcje odwiedza, jakimi produktami lub us\u0142ugami jest zainteresowany).<\/li>\n<\/ul>\n<h3>Cele korzystania z plik\u00f3w cookie<\/h3>\n<p>U\u017cywamy plik\u00f3w cookie do:<\/p>\n<ul>\n<li>Zapewnienie skutecznego i bezpiecznego funkcjonowania strony internetowej; u\u017cywamy plik\u00f3w cookie do obs\u0142ugi naszych funkcji bezpiecze\u0144stwa, kt\u00f3re pomagaj\u0105 wykrywa\u0107 i identyfikowa\u0107 niew\u0142a\u015bciwe zachowania na naszej stronie internetowej;<\/li>\n<li>Poprawa wydajno\u015bci strony internetowej; \u015bledz\u0105c u\u017cycie plik\u00f3w cookie, mo\u017cemy poprawi\u0107 wydajno\u015b\u0107 strony internetowej i us\u0142ug elektronicznych, rozwija\u0107 istniej\u0105ce us\u0142ugi, zwi\u0119ksza\u0107 funkcjonalno\u015b\u0107 i analizowa\u0107 wydajno\u015b\u0107, gdy u\u017cytkownik odwiedza nasz\u0105 stron\u0119 internetow\u0105 z innych stron internetowych, urz\u0105dze\u0144 lub urz\u0105dze\u0144;<\/li>\n<li>Rozpoznawanie powracaj\u0105cych odwiedzaj\u0105cych witryn\u0119; pliki cookie pomagaj\u0105 wy\u015bwietla\u0107 odwiedzaj\u0105cym odpowiednie informacje; pomaga to r\u00f3wnie\u017c unikn\u0105\u0107 konieczno\u015bci ponownej rejestracji i wype\u0142niania formularzy dla sta\u0142ych odwiedzaj\u0105cych;<\/li>\n<li>Przeanalizuj swoje nawyki, aby upewni\u0107 si\u0119, \u017ce strona internetowa jest wygodna, skuteczna i spe\u0142nia Twoje potrzeby i oczekiwania, takie jak u\u0142atwienie znalezienia tego, czego szukasz;<\/li>\n<li>Pomiar przep\u0142ywu informacji i danych przesy\u0142anych do naszej witryny; u\u017cywamy plik\u00f3w cookie do gromadzenia danych statystycznych dotycz\u0105cych liczby odwiedzaj\u0105cych witryn\u0119 i korzystania z us\u0142ug elektronicznych;<\/li>\n<li>Ukierunkowany marketing i reklama; korzystaj\u0105c z plik\u00f3w cookie, mo\u017cemy gromadzi\u0107 informacje w celu dostarczania dostosowanych reklam lub tre\u015bci okre\u015blonym przegl\u0105darkom, tworz\u0105c r\u00f3\u017cne grupy docelowe; mo\u017cemy u\u017cywa\u0107 plik\u00f3w cookie do wy\u015bwietlania odpowiednich reklam zar\u00f3wno na naszej stronie internetowej, jak i poza ni\u0105.<\/li>\n<\/ul>\n<p>Mo\u017cemy, zgodnie z obowi\u0105zuj\u0105cymi przepisami prawa, \u0142\u0105czy\u0107 informacje uzyskane za pomoc\u0105 plik\u00f3w cookie z innymi informacjami, kt\u00f3re posiadamy na temat u\u017cytkownika, takimi jak informacje o korzystaniu z us\u0142ug, naszego programu lojalno\u015bciowego itp.<\/p>\n<h3>Informacje kontaktowe<\/h3>\n<p>W przypadku jakichkolwiek pyta\u0144 dotycz\u0105cych ochrony danych lub korzystania z praw os\u00f3b, kt\u00f3rych dane dotycz\u0105, mo\u017cna skontaktowa\u0107 si\u0119 z nami za po\u015brednictwem poczty elektronicznej pod adresem <a href=\"mailto:hello@wisetg.com\">hello@wisetg.com<\/a>, a my do\u0142o\u017cymy wszelkich stara\u0144, aby niezw\u0142ocznie na nie odpowiedzie\u0107.<\/p>\n","protected":false},"excerpt":{"rendered":"<p>\u015awiadcz\u0105c us\u0142ugi i\/lub dostarczaj\u0105c produkty, Wise Trading Group d\u0105\u017cy do zapewnienia najwy\u017cszego poziomu prywatno\u015bci danych swoich klient\u00f3w i subskrybent\u00f3w (zwanych dalej &#8222;Klientami&#8221;) (zwanych \u0142\u0105cznie &#8222;Tob\u0105&#8221;, &#8222;u\u017cytkownikami&#8221;). Wise Trading Group bardzo powa\u017cnie traktuje prywatno\u015b\u0107 i bezpiecze\u0144stwo swoich u\u017cytkownik\u00f3w. Wise Trading Group zobowi\u0105zuje si\u0119 do ochrony danych, kt\u00f3re nam przekazujesz. Kiedy termin &#8222;Wise Trading Group&#8221; jest u\u017cywany&#8230;<\/p>\n","protected":false},"author":2,"featured_media":0,"parent":0,"menu_order":0,"comment_status":"closed","ping_status":"open","template":"","meta":{"_acf_changed":false,"footnotes":""},"class_list":["post-13604","page","type-page","status-publish","hentry"],"acf":[],"_links":{"self":[{"href":"https:\/\/wisetg.com\/pl\/wp-json\/wp\/v2\/pages\/13604","targetHints":{"allow":["GET"]}}],"collection":[{"href":"https:\/\/wisetg.com\/pl\/wp-json\/wp\/v2\/pages"}],"about":[{"href":"https:\/\/wisetg.com\/pl\/wp-json\/wp\/v2\/types\/page"}],"author":[{"embeddable":true,"href":"https:\/\/wisetg.com\/pl\/wp-json\/wp\/v2\/users\/2"}],"replies":[{"embeddable":true,"href":"https:\/\/wisetg.com\/pl\/wp-json\/wp\/v2\/comments?post=13604"}],"version-history":[{"count":0,"href":"https:\/\/wisetg.com\/pl\/wp-json\/wp\/v2\/pages\/13604\/revisions"}],"wp:attachment":[{"href":"https:\/\/wisetg.com\/pl\/wp-json\/wp\/v2\/media?parent=13604"}],"curies":[{"name":"wp","href":"https:\/\/api.w.org\/{rel}","templated":true}]}}