{"id":13611,"date":"2023-04-13T11:00:10","date_gmt":"2023-04-13T11:00:10","guid":{"rendered":"https:\/\/wisetg.com\/o-nas"},"modified":"2025-05-16T10:50:37","modified_gmt":"2025-05-16T10:50:37","slug":"o-nas","status":"publish","type":"page","link":"https:\/\/wisetg.com\/pl\/o-nas","title":{"rendered":"O nas"},"content":{"rendered":"<section class=\"l-section wpb_row us_custom_b99d7e5b theme__row row__shape-divider height_custom color_alternate with_img with_shape\"><div class=\"l-section-img\" data-img-width=\"1920\" data-img-height=\"640\" style=\"background-image: url(https:\/\/wisetg.com\/wp-content\/uploads\/2023\/04\/about-us__hero__01__web.webp);background-repeat: no-repeat;\"><\/div><div class=\"l-section-overlay\" style=\"background:var(--color-alt-content-overlay)\"><\/div><div class=\"l-section-shape type_tilt pos_bottom\" style=\"height:;\"><svg xmlns=\"http:\/\/www.w3.org\/2000\/svg\" viewBox=\"0 0 64 8\" preserveAspectRatio=\"none\" width=\"100%\" height=\"100%\">\r\n\t<path fill=\"currentColor\" d=\"M64 7.9 L64 10 L0 10 L0 0 Z\"\/>\r\n<\/svg><\/div><div class=\"l-section-h i-cf\"><div class=\"g-cols vc_row via_flex valign_top type_default stacking_default\"><div class=\"vc_col-sm-12 wpb_column vc_column_container\"><div class=\"vc_column-inner\"><div class=\"wpb_wrapper\"><div class=\"g-cols wpb_row via_flex valign_top type_default stacking_default\"><div class=\"vc_col-sm-12 wpb_column vc_column_container\"><div class=\"vc_column-inner\"><div class=\"wpb_wrapper\"><h1 class=\"w-post-elm post_title theme__post-title post-title__h1 theme__stylized entry-title color_link_inherit\">O nas<\/h1><\/div><\/div><\/div><\/div><\/div><\/div><\/div><\/div><\/div><\/section>\n<section class=\"l-section wpb_row us_custom_5c06237d height_custom\"><div class=\"l-section-h i-cf\"><div class=\"g-cols vc_row via_flex valign_top type_default stacking_default\"><div class=\"vc_col-sm-12 wpb_column vc_column_container\"><div class=\"vc_column-inner\"><div class=\"wpb_wrapper\"><div class=\"g-cols wpb_row via_flex valign_top type_default stacking_default\"><div class=\"vc_col-sm-6 wpb_column vc_column_container\"><div class=\"vc_column-inner\"><div class=\"wpb_wrapper\"><h2 class=\"w-text theme__text text__h2 theme__stylized\"><span class=\"w-text-h\"><span class=\"w-text-value\">Kim jeste\u015bmy<\/span><\/span><\/h2><div class=\"wpb_text_column\"><div class=\"wpb_wrapper\"><p><b>WISE TRADING GROUP: Tw\u00f3j mi\u0119dzynarodowy hurtownik najlepszych marek produkt\u00f3w FMCG<\/b><\/p>\n<p>Jako zaufany mi\u0119dzynarodowy hurtownik, WISE TRADING GROUP dostarcza kompleksow\u0105 gam\u0119 najlepszych marek napoj\u00f3w, \u017cywno\u015bci, artyku\u0142\u00f3w gospodarstwa domowego, \u015brodk\u00f3w higieny osobistej i us\u0142ug z naszego centrum dystrybucyjnego na Litwie. Asortyment stale ro\u015bnie wraz z wprowadzaniem nowych towar\u00f3w ze wzgl\u0119du na zapotrzebowanie rynku. <\/p>\n<p>Nasz dedykowany wieloj\u0119zyczny zesp\u00f3\u0142 zapewnia szybkie i wysokiej jako\u015bci us\u0142ugi handlowe od zapytania do dostawy. Wykorzystuj\u0105c w\u0142asn\u0105 platform\u0119 IT, optymalizujemy ca\u0142y proces \u0142a\u0144cucha dostaw w celu bezproblemowej personalizacji. <\/p>\n<p>W WISE TRADING GROUP starannie dobieramy dostawc\u00f3w, aby zapewni\u0107 globalny wyb\u00f3r unikalnych i najlepszych marek, oferuj\u0105c konkurencyjne i elastyczne ceny. Geografia sieci naszych dostawc\u00f3w jest szeroka &#8211; zaopatrujemy si\u0119 w napoje i przek\u0105ski nie tylko z Europy, ale tak\u017ce z USA, Japonii, Wietnamu, Korei i stale si\u0119 powi\u0119ksza dzi\u0119ki ci\u0105g\u0142emu poszukiwaniu nowych produkt\u00f3w. Priorytetowo traktujemy rozwi\u0105zania zorientowane na klienta dla krajowych i mi\u0119dzynarodowych dystrybutor\u00f3w, du\u017cych sieci detalicznych, sklep\u00f3w cash &amp; carry oraz sklep\u00f3w specjalistycznych.  <\/p>\n<p>Do\u0142\u0105cz do naszego szybko rozwijaj\u0105cego si\u0119 mi\u0119dzynarodowego zespo\u0142u i nawi\u0105zuj udane partnerstwa. Skontaktuj si\u0119 z nami ju\u017c dzi\u015b, aby uzyska\u0107 wyj\u0105tkowe oferty i us\u0142ugi.<\/p>\n<\/div><\/div><div class=\"w-tabs us_custom_a97935af theme__accordion style_default switch_click accordion\"><div class=\"w-tabs-sections titles-align_none icon_chevron cpos_right\"><div class=\"w-tabs-section\" id=\"t09f\"><button class=\"w-tabs-section-header\" aria-controls=\"content-t09f\" aria-expanded=\"false\"><h2 class=\"w-tabs-section-title\">Misja<\/h2><div class=\"w-tabs-section-control\"><\/div><\/button><div  class=\"w-tabs-section-content\" id=\"content-t09f\"><div class=\"w-tabs-section-content-h i-cf\"><div class=\"wpb_text_column\"><div class=\"wpb_wrapper\"><p>Konsekwentnie przekraczamy oczekiwania klient\u00f3w, oferuj\u0105c zr\u00f3\u017cnicowany wyb\u00f3r produkt\u00f3w w konkurencyjnych cenach, zapewniaj\u0105c jednocze\u015bnie niezr\u00f3wnane wra\u017cenia z zakup\u00f3w dzi\u0119ki naszemu kompetentnemu i przyjaznemu personelowi. Ponadto staramy si\u0119 budowa\u0107 d\u0142ugoterminowe relacje z naszymi dostawcami, sprzedawcami i partnerami, aby zapewni\u0107 zr\u00f3wnowa\u017cony rozw\u00f3j naszej dzia\u0142alno\u015bci.<\/p>\n<\/div><\/div><\/div><\/div><\/div><div class=\"w-tabs-section\" id=\"y2e7\"><button class=\"w-tabs-section-header\" aria-controls=\"content-y2e7\" aria-expanded=\"false\"><h2 class=\"w-tabs-section-title\">Wizja<\/h2><div class=\"w-tabs-section-control\"><\/div><\/button><div  class=\"w-tabs-section-content\" id=\"content-y2e7\"><div class=\"w-tabs-section-content-h i-cf\"><div class=\"wpb_text_column\"><div class=\"wpb_wrapper\"><p>Do 2033 roku Wise Trading Group osi\u0105gnie przych\u00f3d w wysoko\u015bci 100 milion\u00f3w euro, nap\u0119dzaj\u0105c wzrost i otwieraj\u0105c mo\u017cliwo\u015bci w zakresie innowacji FMCG w Europie, Azji i Afryce.<\/p>\n<\/div><\/div><\/div><\/div><\/div><\/div><\/div><\/div><\/div><\/div><div class=\"vc_col-sm-6 wpb_column vc_column_container\"><div class=\"vc_column-inner\"><div class=\"wpb_wrapper\"><div class=\"w-video align_none ratio_16x9 has_iframe\"><div class=\"w-video-h\"><iframe title=\"Youtube video player\" src=\"\/\/www.youtube.com\/embed\/er5-xn6VpCE?origin=https:\/\/wisetg.com&controls=1\" allowfullscreen=\"1\" loading=\"lazy\"><\/iframe><\/div><div class=\"w-video-icon\" style=\"font-size:1.5rem;background:rgba(0,0,0,0.5);color:#fff\"><\/div><\/div><\/div><\/div><\/div><\/div><\/div><\/div><\/div><\/div><\/div><\/section><section class=\"l-section wpb_row us_custom_c5112300 theme__row row__shape-divider height_custom with_shape\"><div class=\"l-section-shape type_tilt pos_top hor_flip\" style=\"height:;\"><svg xmlns=\"http:\/\/www.w3.org\/2000\/svg\" viewBox=\"0 0 64 8\" preserveAspectRatio=\"none\" width=\"100%\" height=\"100%\">\r\n\t<path fill=\"currentColor\" d=\"M64 7.9 L64 10 L0 10 L0 0 Z\"\/>\r\n<\/svg><\/div><div class=\"l-section-shape type_tilt pos_bottom\" style=\"height:;color:var(--color-footer-bg)\"><svg xmlns=\"http:\/\/www.w3.org\/2000\/svg\" viewBox=\"0 0 64 8\" preserveAspectRatio=\"none\" width=\"100%\" height=\"100%\">\r\n\t<path fill=\"currentColor\" d=\"M64 7.9 L64 10 L0 10 L0 0 Z\"\/>\r\n<\/svg><\/div><div class=\"l-section-h i-cf\"><div class=\"g-cols vc_row via_flex valign_top type_default stacking_default\"><div class=\"vc_col-sm-12 wpb_column vc_column_container\"><div class=\"vc_column-inner\"><div class=\"wpb_wrapper\"><div class=\"g-cols wpb_row via_flex valign_top type_default stacking_default\"><div class=\"vc_col-sm-12 wpb_column vc_column_container\"><div class=\"vc_column-inner\"><div class=\"wpb_wrapper\"><h2 class=\"w-text theme__text text__h2 theme__stylized\"><span class=\"w-text-h\"><span class=\"w-text-value\">Our team<\/span><\/span><\/h2><\/div><\/div><\/div><\/div><div class=\"g-cols wpb_row us_custom_95fa5cc2 via_flex valign_top type_default stacking_default\"><div class=\"vc_col-sm-8 wpb_column vc_column_container\"><div class=\"vc_column-inner\"><div class=\"wpb_wrapper\"><div class=\"wpb_text_column\"><div class=\"wpb_wrapper\"><p>Dost\u0119pmu i wieloj\u0119zycznemu zespo\u0142owi rozproszonemu po Europie, nasza firma wykorzystuje ponad 20 informacji dost\u0119pnych w obszarze sprzeda\u017cy, zakup\u00f3w i logistyki. Z dum\u0105 zarz\u0105dzamy bogatym portfolio ponad 100 produkt\u00f3w FMCG wiod\u0105cych marek, dostarczaj\u0105c je setkom klient\u00f3w w 35 krajach. Nasze rozwini\u0119te po\u0142\u0105czenie komunikacyjne, sta\u0142e po\u0142\u0105czenie z odbiorc\u0105 oraz najnowocze\u015bniejsza platforma internetowa informatyczna, kt\u00f3ra jest autoryzowanym i rzetelnym partnerem w firmie FMCG dla wszystkich zainteresowanych.<\/p>\n<\/div><\/div><\/div><\/div><\/div><div class=\"vc_col-sm-4 vc_hidden-sm vc_hidden-xs wpb_column vc_column_container\"><div class=\"vc_column-inner\"><div class=\"wpb_wrapper\"><div class=\"w-image align_none\"><div class=\"w-image-h\"><img decoding=\"async\" src=\"https:\/\/wisetg.com\/wp-content\/uploads\/2023\/04\/logo__wise-trading-group.svg\" class=\"attachment-full size-full\" alt=\"\" \/><\/div><\/div><\/div><\/div><\/div><\/div><div class=\"g-cols wpb_row hide_on_default hide_on_laptops hide_on_tablets hide_on_mobiles via_flex valign_top type_default stacking_default\"><div class=\"vc_col-sm-12 wpb_column vc_column_container\"><div class=\"vc_column-inner\"><div class=\"wpb_wrapper\"><div class=\"w-grid us_custom_a97935af type_grid layout_32 hidden cols_3\" id=\"us_grid_1\" data-filterable=\"true\"><style>#us_grid_1 .w-grid-item{padding:1.5rem}#us_grid_1 .w-grid-list{margin:-1.5rem}.w-grid + #us_grid_1 .w-grid-list,.w-grid-none + #us_grid_1 .w-grid-list{margin-top:1.5rem}@media (max-width:992px){#us_grid_1 .w-grid-item{width:50%}}@media (max-width:600px){#us_grid_1 .w-grid-list{margin:0}#us_grid_1 .w-grid-item{width:100%;padding:0;margin-bottom:1.5rem}}.layout_32 .w-grid-item-h{}.layout_32 .usg_post_image_1{padding-bottom:12px!important}.layout_32 .usg_hwrapper_2{margin-top:12px!important}.layout_32 .usg_text_1{font-size:22px!important}.layout_32 .usg_text_2{font-size:22px!important}.layout_32 .usg_text_3{font-size:22px!important}.layout_32 .usg_post_custom_field_3{color:#999999!important;font-size:14px!important;margin-top:12px!important}<\/style><div class=\"w-grid-list\"><\/div><div class=\"w-grid-preloader\"><div class=\"g-preloader type_1\">\r\n\t<div><\/div>\r\n<\/div>\r\n<\/div>\t<div class=\"w-grid-json hidden\" onclick='return {&quot;action&quot;:&quot;us_ajax_grid&quot;,&quot;ajax_url&quot;:&quot;https:\\\/\\\/wisetg.com\\\/wp-admin\\\/admin-ajax.php&quot;,&quot;infinite_scroll&quot;:0,&quot;max_num_pages&quot;:0,&quot;pagination&quot;:&quot;none&quot;,&quot;permalink_url&quot;:&quot;https:\\\/\\\/wisetg.com\\\/pl\\\/wp-json\\\/wp\\\/v2\\\/pages\\\/13611&quot;,&quot;template_vars&quot;:{&quot;columns&quot;:&quot;3&quot;,&quot;exclude_items&quot;:&quot;none&quot;,&quot;img_size&quot;:&quot;full&quot;,&quot;ignore_items_size&quot;:0,&quot;items_layout&quot;:&quot;32&quot;,&quot;items_offset&quot;:&quot;1&quot;,&quot;load_animation&quot;:&quot;none&quot;,&quot;overriding_link&quot;:&quot;none&quot;,&quot;post_id&quot;:16073,&quot;query_args&quot;:{&quot;post_type&quot;:[&quot;our-team&quot;],&quot;post_status&quot;:[&quot;publish&quot;,&quot;acf-disabled&quot;],&quot;posts_per_page&quot;:999},&quot;orderby_query_args&quot;:{&quot;orderby&quot;:{&quot;post__in&quot;:&quot;ASC&quot;},&quot;order&quot;:&quot;ASC&quot;},&quot;type&quot;:&quot;grid&quot;,&quot;us_grid_ajax_index&quot;:1,&quot;us_grid_filter_params&quot;:null,&quot;us_grid_index&quot;:1,&quot;_us_grid_post_type&quot;:&quot;our-team&quot;,&quot;page_args&quot;:[],&quot;lang&quot;:&quot;pl&quot;}}'><\/div>\r\n\t<\/div><div class=\"w-grid-none type_message\">Brak wynik\u00f3w.<\/div><\/div><\/div><\/div><\/div><\/div><\/div><\/div><\/div><\/div><\/section>\n\n","protected":false},"excerpt":{"rendered":"O nas Kim jeste\u015bmyWISE TRADING GROUP: Tw\u00f3j mi\u0119dzynarodowy hurtownik najlepszych marek produkt\u00f3w FMCG Jako zaufany mi\u0119dzynarodowy hurtownik, WISE TRADING GROUP dostarcza kompleksow\u0105 gam\u0119 najlepszych marek napoj\u00f3w, \u017cywno\u015bci, artyku\u0142\u00f3w gospodarstwa domowego, \u015brodk\u00f3w higieny osobistej i us\u0142ug z naszego centrum dystrybucyjnego na Litwie. Asortyment stale ro\u015bnie wraz z wprowadzaniem nowych towar\u00f3w ze wzgl\u0119du na zapotrzebowanie rynku. Nasz...","protected":false},"author":2,"featured_media":8800,"parent":0,"menu_order":0,"comment_status":"closed","ping_status":"closed","template":"","meta":{"_acf_changed":false,"footnotes":""},"class_list":["post-13611","page","type-page","status-publish","has-post-thumbnail","hentry"],"acf":[],"_links":{"self":[{"href":"https:\/\/wisetg.com\/pl\/wp-json\/wp\/v2\/pages\/13611","targetHints":{"allow":["GET"]}}],"collection":[{"href":"https:\/\/wisetg.com\/pl\/wp-json\/wp\/v2\/pages"}],"about":[{"href":"https:\/\/wisetg.com\/pl\/wp-json\/wp\/v2\/types\/page"}],"author":[{"embeddable":true,"href":"https:\/\/wisetg.com\/pl\/wp-json\/wp\/v2\/users\/2"}],"replies":[{"embeddable":true,"href":"https:\/\/wisetg.com\/pl\/wp-json\/wp\/v2\/comments?post=13611"}],"version-history":[{"count":2,"href":"https:\/\/wisetg.com\/pl\/wp-json\/wp\/v2\/pages\/13611\/revisions"}],"predecessor-version":[{"id":13613,"href":"https:\/\/wisetg.com\/pl\/wp-json\/wp\/v2\/pages\/13611\/revisions\/13613"}],"wp:featuredmedia":[{"embeddable":true,"href":"https:\/\/wisetg.com\/pl\/wp-json\/wp\/v2\/media\/8800"}],"wp:attachment":[{"href":"https:\/\/wisetg.com\/pl\/wp-json\/wp\/v2\/media?parent=13611"}],"curies":[{"name":"wp","href":"https:\/\/api.w.org\/{rel}","templated":true}]}}