{"id":13616,"date":"2023-04-13T06:35:46","date_gmt":"2023-04-13T06:35:46","guid":{"rendered":"https:\/\/wisetg.com\/polityka-prywatnosci"},"modified":"2025-07-31T17:12:00","modified_gmt":"2025-07-31T17:12:00","slug":"polityka-prywatnosci","status":"publish","type":"page","link":"https:\/\/wisetg.com\/pl\/polityka-prywatnosci","title":{"rendered":"Polityka prywatno\u015bci"},"content":{"rendered":"<p><strong><em>Data wej\u015bcia w \u017cycie: 2025-04-01<\/em><\/strong><\/p>\n<p>W Wise Trading Group, UAB (<strong>&#8222;my&#8221;, &#8222;nas&#8221;, &#8222;nasz&#8221;, &#8222;nasze&#8221;<\/strong>) jeste\u015bmy mocno zaanga\u017cowani w zapewnienie prywatno\u015bci i ochrony danych osobowych u\u017cytkownik\u00f3w. Niniejsza polityka prywatno\u015bci (<strong>&#8222;Polityka&#8221;)<\/strong> opisuje, w jaki spos\u00f3b gromadzimy, wykorzystujemy, przechowujemy, udost\u0119pniamy i chronimy informacje u\u017cytkownika podczas odwiedzania naszej strony internetowej <a href=\"https:\/\/wisetg.com\/\">https:\/\/wisetg.com\/<\/a> (<strong>&#8222;Strona<\/strong> &#8222;) i korzystania z naszych us\u0142ug (<strong>&#8222;Us\u0142ugi<\/strong>&#8222;). Odwiedzaj\u0105c lub korzystaj\u0105c z naszej Witryny i Us\u0142ug, u\u017cytkownik wyra\u017ca zgod\u0119 na praktyki opisane w niniejszej Polityce.<\/p>\n<p>Rozumiemy znaczenie prywatno\u015bci i powa\u017cnie traktujemy nasze zobowi\u0105zania wynikaj\u0105ce z obowi\u0105zuj\u0105cych przepis\u00f3w o ochronie danych, w tym og\u00f3lnego rozporz\u0105dzenia o ochronie danych (RODO) i innych odpowiednich przepis\u00f3w. Staramy si\u0119 przetwarza\u0107 dane u\u017cytkownik\u00f3w w spos\u00f3b przejrzysty i zapewnia\u0107 im narz\u0119dzia potrzebne do zarz\u0105dzania ich prawami.<\/p>\n<h4>1. Gromadzone przez nas informacje<\/h4>\n<h4><em>1.1. <\/em><em>Dane osobowe<\/em><\/h4>\n<p>Gdy u\u017cytkownik korzysta z naszej Witryny i Us\u0142ug, gromadzimy dane osobowe, kt\u00f3re u\u017cytkownik dobrowolnie nam przekazuje. Rodzaje gromadzonych przez nas danych osobowych mog\u0105 obejmowa\u0107:<\/p>\n<ul>\n<li><strong>Imi\u0119<\/strong> i nazwisko: imi\u0119 i nazwisko podane przez u\u017cytkownika podczas rejestracji, zadawania pyta\u0144 lub komunikowania si\u0119 z nami za po\u015brednictwem formularzy, poczty e-mail itp.<\/li>\n<li><strong>Adres e-mail <\/strong>Tw\u00f3j adres e-mail wykorzystywany do korespondencji, komunikacji zwi\u0105zanej z us\u0142ugami i marketingu.<\/li>\n<li><strong>Numer telefonu<\/strong>: numer telefonu u\u017cytkownika, je\u015bli zosta\u0142 podany, do cel\u00f3w komunikacji, w tym obs\u0142ugi klienta, zapyta\u0144 lub dzia\u0142a\u0144 nast\u0119pczych.<\/li>\n<li><strong>Nazwa firmy<\/strong>: nazwa firmy u\u017cytkownika, w stosownych przypadkach, gdy u\u017cytkownik korzysta z naszych us\u0142ug w celach biznesowych.<\/li>\n<li><strong>Komunikacja<\/strong> za po\u015brednictwem wiadomo\u015bci: wszelkie wiadomo\u015bci, informacje zwrotne lub pro\u015bby przekazywane za po\u015brednictwem formularzy kontaktowych, wiadomo\u015bci e-mail lub innych kana\u0142\u00f3w komunikacji w Witrynie.<\/li>\n<\/ul>\n<p>&nbsp;<\/p>\n<h4><em>1.2. <\/em><em>Dane techniczne i dotycz\u0105ce u\u017cytkowania<\/em><\/h4>\n<p>Gdy u\u017cytkownik odwiedza nasz\u0105 Witryn\u0119, automatycznie zbieramy pewne informacje techniczne w celu ulepszenia naszej Witryny i us\u0142ug oraz zrozumienia, w jaki spos\u00f3b odwiedzaj\u0105cy wchodz\u0105 w interakcj\u0119 z nasz\u0105 Witryn\u0105. Obejmuje to:<\/p>\n<ul>\n<li><strong>Adres IP<\/strong>: adres IP pomaga nam zidentyfikowa\u0107 urz\u0105dzenie u\u017cytkownika i okre\u015bli\u0107 jego og\u00f3ln\u0105 lokalizacj\u0119 geograficzn\u0105, a tak\u017ce monitorowa\u0107 i zapobiega\u0107 oszustwom.<\/li>\n<li><strong>Informacje o urz\u0105dzeniu<\/strong>: informacje o urz\u0105dzeniu u\u017cywanym do uzyskiwania dost\u0119pu do Witryny (np. typ urz\u0105dzenia, system operacyjny, typ przegl\u0105darki).<\/li>\n<li><strong>Pliki cookie i technologie \u015bledzenia<\/strong>: u\u017cywamy plik\u00f3w cookie do gromadzenia danych zwi\u0105zanych z korzystaniem z Witryny, w tym ods\u0142on stron, czasu trwania sesji i interakcji z okre\u015blonymi funkcjami Witryny. Wi\u0119cej informacji na temat korzystania przez nas z plik\u00f3w cookie mo\u017cna znale\u017a\u0107 w naszej oddzielnej Polityce dotycz\u0105cej plik\u00f3w cookie.<\/li>\n<\/ul>\n<h4><em>1.3. <\/em><em>Dane zebrane z kraj\u00f3w trzecich<\/em><\/h4>\n<p>W niekt\u00f3rych przypadkach mo\u017cemy uzyska\u0107 dane osobowe u\u017cytkownika ze \u017ar\u00f3de\u0142 zewn\u0119trznych, takich jak publicznie dost\u0119pne bazy danych lub partnerzy, z kt\u00f3rymi wsp\u00f3\u0142pracujemy. Dane te mog\u0105 obejmowa\u0107 informacje dotycz\u0105ce firmy, miejsca pracy lub inne publicznie dost\u0119pne informacje.<\/p>\n<h4>2. Jak wykorzystujemy informacje o u\u017cytkowniku<\/h4>\n<h4><em>2.1. <\/em><em>Dostarczanie i ulepszanie us\u0142ug<\/em><\/h4>\n<p>Gromadzone przez nas dane osobowe wykorzystujemy w celu \u015bwiadczenia u\u017cytkownikowi \u017c\u0105danych przez niego Us\u0142ug oraz ulepszania i udoskonalania naszych Us\u0142ug. W szczeg\u00f3lno\u015bci wykorzystujemy dane u\u017cytkownika do:<\/p>\n<ul>\n<li>udzielanie odpowiedzi na zapytania, pro\u015bby lub informacje zwrotne.<\/li>\n<li>przetwarzania transakcji, ofert lub um\u00f3w zwi\u0105zanych z naszymi Us\u0142ugami.<\/li>\n<li>Przekazywanie wa\u017cnych informacji, w tym aktualizacji us\u0142ug, ofert i faktur.<\/li>\n<\/ul>\n<h4><em>2.2. <\/em><em>Marketing i komunikacja<\/em><\/h4>\n<p>Mo\u017cemy wykorzystywa\u0107 dane u\u017cytkownika do wysy\u0142ania mu wiadomo\u015bci marketingowych, takich jak biuletyny, promocje i informacje o nowych funkcjach naszych Us\u0142ug. Komunikacja ta mo\u017ce by\u0107 spersonalizowana w oparciu o zainteresowania u\u017cytkownika i jego interakcje z nasz\u0105 Witryn\u0105.<\/p>\n<h4><em>2.3. <\/em><em>Zobowi\u0105zania prawne i zgodno\u015b\u0107 z przepisami<\/em><\/h4>\n<p>Mo\u017cemy przetwarza\u0107 dane u\u017cytkownika, gdy jest to konieczne do wype\u0142nienia zobowi\u0105za\u0144 prawnych lub wykonania um\u00f3w zawartych z u\u017cytkownikiem. Obejmuje to przetwarzanie w celu prowadzenia dokumentacji finansowej, odpowiadania na wnioski prawne i wykonywania naszych praw.<\/p>\n<h4>2.4. <em>Poprawa i adaptacja<br \/>\n<\/em><\/h4>\n<p>Analizujemy gromadzone przez nas dane, aby poprawi\u0107 komfort korzystania z naszej Witryny i zoptymalizowa\u0107 funkcjonalno\u015b\u0107 naszych Us\u0142ug. Obejmuje to:<\/p>\n<ul>\n<li>Monitorowanie korzystania z Witryny w celu zrozumienia sposobu interakcji u\u017cytkownik\u00f3w z Witryn\u0105 i zidentyfikowania potencjalnych obszar\u00f3w wymagaj\u0105cych poprawy.<\/li>\n<li>Personalizacja tre\u015bci i reklam w celu lepszego dopasowania ich do preferencji i zainteresowa\u0144 u\u017cytkownika.<\/li>\n<li>Analizowanie zachowa\u0144 u\u017cytkownik\u00f3w w celu poprawy og\u00f3lnego do\u015bwiadczenia u\u017cytkownika.<\/li>\n<\/ul>\n<h4>3. Pliki cookie i technologie \u015bledzenia<\/h4>\n<h4>3.1. <em>Przegl\u0105d plik\u00f3w cookie<\/em><\/h4>\n<p>Plik cookie to niewielki plik danych przechowywany na urz\u0105dzeniu u\u017cytkownika podczas odwiedzania strony internetowej. Pliki cookie pozwalaj\u0105 nam rozpozna\u0107 urz\u0105dzenie u\u017cytkownika i zapami\u0119ta\u0107 okre\u015blone preferencje lub dzia\u0142ania, takie jak preferencje j\u0119zykowe lub dane logowania, po powrocie u\u017cytkownika na nasz\u0105 stron\u0119 internetow\u0105.<\/p>\n<p>U\u017cywamy plik\u00f3w cookie do r\u00f3\u017cnych cel\u00f3w:<\/p>\n<ul>\n<li><strong>Niezb\u0119dne pliki cookie<\/strong>: s\u0105 one niezb\u0119dne do podstawowego funkcjonowania Witryny, takiego jak uwierzytelnianie u\u017cytkownika i bezpiecze\u0144stwo.<\/li>\n<li><strong>Wydajno\u015bciowe i analityczne pliki cookie<\/strong>: te pliki cookie gromadz\u0105 informacje o korzystaniu z naszej Witryny, takie jak odwiedzane strony, i pomagaj\u0105 nam analizowa\u0107 i ulepsza\u0107 nasz\u0105 Witryn\u0119.<\/li>\n<li><strong>Reklamowe pliki cookie<\/strong>: te pliki cookie s\u0105 wykorzystywane do wy\u015bwietlania ukierunkowanych reklam w oparciu o zachowanie i preferencje u\u017cytkownika.<\/li>\n<\/ul>\n<h4>3.2. <em>Zarz\u0105dzanie plikami cookie<br \/>\n<\/em><\/h4>\n<p>U\u017cytkownik mo\u017ce kontrolowa\u0107 swoje preferencje dotycz\u0105ce plik\u00f3w cookie i zarz\u0105dza\u0107 nimi. Wi\u0119kszo\u015b\u0107 przegl\u0105darek umo\u017cliwia odrzucanie lub usuwanie plik\u00f3w cookie. Wi\u0119cej informacji na temat zarz\u0105dzania plikami cookie mo\u017cna znale\u017a\u0107 w naszej Polityce plik\u00f3w cookie.<\/p>\n<h4>4. Udost\u0119pnianie informacji<\/h4>\n<h4>4.1. <em>Dostawcy us\u0142ug z kraj\u00f3w trzecich<\/em><\/h4>\n<p>Mo\u017cemy udost\u0119pnia\u0107 dane osobowe u\u017cytkownika zaufanym zewn\u0119trznym dostawcom us\u0142ug, kt\u00f3rzy pomagaj\u0105 nam w wykonywaniu okre\u015blonych funkcji biznesowych, w tym:<\/p>\n<ul>\n<li><strong>Dostawcy us\u0142ug hostingowych<\/strong>: osoby trzecie \u015bwiadcz\u0105ce us\u0142ugi hostingowe dla naszej Witryny.<\/li>\n<li><strong>Dostawcy us\u0142ug analitycznych<\/strong>: firmy \u015bwiadcz\u0105ce us\u0142ugi analityczne, kt\u00f3re pomagaj\u0105 nam monitorowa\u0107 aktywno\u015b\u0107 u\u017cytkownik\u00f3w i optymalizowa\u0107 nasz\u0105 Witryn\u0119.<\/li>\n<\/ul>\n<p>Us\u0142ugodawcy ci mog\u0105 wykorzystywa\u0107 dane u\u017cytkownika wy\u0142\u0105cznie w okre\u015blonym celu, do kt\u00f3rego zostali zaanga\u017cowani, a my podejmujemy kroki w celu zapewnienia, \u017ce przetwarzaj\u0105 oni dane u\u017cytkownika zgodnie z niniejsz\u0105 polityk\u0105 i obowi\u0105zuj\u0105cymi przepisami o ochronie danych.<\/p>\n<h4>4.2. <em>Reklama i marketing<\/em><\/h4>\n<p>Mo\u017cemy udost\u0119pnia\u0107 dane u\u017cytkownika zewn\u0119trznym sieciom reklamowym i partnerom marketingowym, kt\u00f3rzy pomagaj\u0105 nam dostarcza\u0107 ukierunkowane reklamy oparte na zainteresowaniach u\u017cytkownika. Podmioty te mog\u0105 wykorzystywa\u0107 pliki cookie i podobne technologie do gromadzenia informacji na temat aktywno\u015bci u\u017cytkownika w naszej Witrynie i innych witrynach internetowych.<\/p>\n<h4>4.3. <em>Informacje prawne<\/em><\/h4>\n<p>Mo\u017cemy ujawni\u0107 dane osobowe u\u017cytkownika, je\u015bli jest to wymagane przez prawo lub w odpowiedzi na zgodne z prawem \u017c\u0105dania organ\u00f3w publicznych lub stron trzecich. Obejmuje to:<\/p>\n<ul>\n<li>zgodno\u015b\u0107 z obowi\u0105zkiem prawnym, takim jak nakaz s\u0105dowy lub inny proces prawny.<\/li>\n<li>ochrona naszych praw, w\u0142asno\u015bci i bezpiecze\u0144stwa lub innych os\u00f3b, w tym w celu zapobiegania oszustwom i zarz\u0105dzania ryzykiem.<\/li>\n<\/ul>\n<h4>5. Przechowywanie i retencja danych<\/h4>\n<h4>5.1. <em>Lokalizacja przechowywania danych<\/em><\/h4>\n<p>Dane osobowe u\u017cytkownik\u00f3w s\u0105 przechowywane w Unii Europejskiej (UE). Jednak\u017ce, w razie potrzeby, dane u\u017cytkownika mog\u0105 by\u0107 przekazywane i przechowywane w jurysdykcjach poza UE, pod warunkiem, \u017ce podejmiemy wszelkie niezb\u0119dne \u015brodki ostro\u017cno\u015bci w celu zapewnienia ich ochrony zgodnie z obowi\u0105zuj\u0105cym prawem.<\/p>\n<h4>5.2. <em>Okres przechowywania<\/em><\/h4>\n<p>Przechowujemy dane osobowe u\u017cytkownika wy\u0142\u0105cznie tak d\u0142ugo, jak jest to konieczne do cel\u00f3w, dla kt\u00f3rych zosta\u0142y zgromadzone, lub zgodnie z wymogami obowi\u0105zuj\u0105cego prawa. Po up\u0142ywie tego okresu dane u\u017cytkownika zostan\u0105 bezpiecznie usuni\u0119te lub zanonimizowane, chyba \u017ce ze wzgl\u0119d\u00f3w prawnych, regulacyjnych lub umownych konieczne b\u0119dzie ich dalsze przechowywanie.<\/p>\n<p>6. Prawa u\u017cytkownika wynikaj\u0105ce z przepis\u00f3w o ochronie danych<\/p>\n<p>Zgodnie z obowi\u0105zuj\u0105cymi przepisami o ochronie danych, w tym og\u00f3lnym rozporz\u0105dzeniem o ochronie danych (RODO), u\u017cytkownikowi przys\u0142uguje szereg praw w odniesieniu do jego danych osobowych:<\/p>\n<h4>6.1. <em>Prawo dost\u0119pu<\/em><\/h4>\n<p><em><br \/>\n<\/em>U\u017cytkownik ma prawo za\u017c\u0105da\u0107 kopii przechowywanych przez nas jego danych osobowych oraz uzyska\u0107 dodatkowe informacje na temat sposobu, w jaki wykorzystujemy i udost\u0119pniamy te dane.<\/p>\n<h4>6.2. <em>Prawo do sprostowania<\/em><\/h4>\n<p>U\u017cytkownik ma prawo za\u017c\u0105da\u0107 sprostowania wszelkich niedok\u0142adnych lub niekompletnych danych osobowych, kt\u00f3re posiadamy na jego temat.<\/p>\n<h4>6.3. <em>Prawo do usuni\u0119cia danych (prawo do bycia zapomnianym)<\/em><\/h4>\n<p>U\u017cytkownik ma prawo za\u017c\u0105da\u0107 usuni\u0119cia swoich danych osobowych w okre\u015blonych okoliczno\u015bciach, np. gdy dane nie s\u0105 ju\u017c potrzebne do cel\u00f3w, dla kt\u00f3rych zosta\u0142y zgromadzone lub gdy u\u017cytkownik wycofa\u0142 swoj\u0105 zgod\u0119 (je\u015bli dotyczy).<\/p>\n<h4>6.4. <em>Prawo do ograniczenia przetwarzania<\/em><\/h4>\n<p>W niekt\u00f3rych przypadkach u\u017cytkownik ma prawo za\u017c\u0105da\u0107 ograniczenia przetwarzania swoich danych osobowych, w tym w przypadku zakwestionowania dok\u0142adno\u015bci danych lub sprzeciwu wobec ich przetwarzania.<\/p>\n<h4>6.5. <em>Prawo do przenoszenia danych<\/em><\/h4>\n<p>U\u017cytkownik ma prawo do otrzymania swoich danych osobowych w ustrukturyzowanym, powszechnie u\u017cywanym i nadaj\u0105cym si\u0119 do odczytu komputerowego formacie oraz do przekazania ich innemu administratorowi, o ile jest to technicznie wykonalne.<\/p>\n<h4>6.6. <em>Prawo do sprzeciwu<\/em><\/h4>\n<p>U\u017cytkownik ma prawo sprzeciwi\u0107 si\u0119 przetwarzaniu jego danych osobowych do cel\u00f3w marketingu bezpo\u015bredniego lub w niekt\u00f3rych innych przypadkach.<\/p>\n<h4>6.7. <em>Prawo do wycofania zgody<\/em><\/h4>\n<p>Je\u015bli przetwarzamy dane na podstawie zgody u\u017cytkownika, u\u017cytkownik ma prawo wycofa\u0107 swoj\u0105 zgod\u0119 w dowolnym momencie, ale nie ma to wp\u0142ywu na zgodno\u015b\u0107 z prawem przetwarzania danych na podstawie zgody u\u017cytkownika przed jej wycofaniem.<\/p>\n<p>Aby skorzysta\u0107 z kt\u00f3regokolwiek z tych praw, nale\u017cy skontaktowa\u0107 si\u0119 z nami, korzystaj\u0105c z poni\u017cszych danych kontaktowych.<\/p>\n<h4>7. Bezpiecze\u0144stwo danych<\/h4>\n<p>Wdra\u017camy odpowiednie \u015brodki techniczne i organizacyjne w celu ochrony danych osobowych u\u017cytkownika przed nieuprawnionym dost\u0119pem, utrat\u0105, niew\u0142a\u015bciwym wykorzystaniem lub zmian\u0105. \u015arodki te obejmuj\u0105:<\/p>\n<ul>\n<li><strong>Szyfrowanie<\/strong>: u\u017cywamy szyfrowania w celu ochrony wra\u017cliwych danych osobowych podczas transmisji.<\/li>\n<li><strong>Kontrola dost\u0119pu<\/strong>: udzielamy dost\u0119pu do danych osobowych tylko tym pracownikom lub us\u0142ugodawcom zewn\u0119trznym, kt\u00f3rzy potrzebuj\u0105 ich do wykonywania swoich obowi\u0105zk\u00f3w.<\/li>\n<li><strong>Regularne audyty<\/strong>: regularnie kontrolujemy i oceniamy nasze praktyki w zakresie ochrony danych, aby identyfikowa\u0107 i ogranicza\u0107 potencjalne zagro\u017cenia.<\/li>\n<\/ul>\n<p>Chocia\u017c podejmujemy uzasadnione kroki w celu ochrony danych osobowych u\u017cytkownik\u00f3w, nale\u017cy pami\u0119ta\u0107, \u017ce \u017caden system transmisji lub przechowywania danych nie mo\u017ce by\u0107 ca\u0142kowicie bezpieczny.<\/p>\n<h4>8. Mi\u0119dzynarodowy transfer danych<\/h4>\n<p>W pewnych okoliczno\u015bciach mo\u017cemy przekazywa\u0107 dane osobowe u\u017cytkownika do kraj\u00f3w spoza Europejskiego Obszaru Gospodarczego (EOG). Takie transfery b\u0119d\u0105 mia\u0142y miejsce tylko wtedy, gdy:<\/p>\n<ul>\n<li>Komisja Europejska uzna\u0142a, \u017ce w kraju przyjmuj\u0105cym obowi\u0105zuj\u0105 odpowiednie przepisy o ochronie danych, lub<\/li>\n<li>Wdro\u017cyli\u015bmy odpowiednie zabezpieczenia, takie jak standardowe klauzule umowne, aby zapewni\u0107 odpowiedni\u0105 ochron\u0119 danych u\u017cytkownika.<\/li>\n<\/ul>\n<h4>9. Prywatno\u015b\u0107 dzieci<\/h4>\n<p>Nasze us\u0142ugi nie s\u0105 przeznaczone dla os\u00f3b poni\u017cej 13 roku \u017cycia i nie gromadzimy \u015bwiadomie danych osobowych dzieci. Je\u015bli dowiemy si\u0119, \u017ce nieumy\u015blnie zebrali\u015bmy dane osobowe od dziecka w wieku poni\u017cej 13 lat, podejmiemy kroki w celu natychmiastowego usuni\u0119cia tych danych.<\/p>\n<h4>10. Aktualizacje niniejszej polityki prywatno\u015bci<\/h4>\n<p>Od czasu do czasu mo\u017cemy aktualizowa\u0107 niniejsz\u0105 Polityk\u0119 prywatno\u015bci w celu odzwierciedlenia zmian w naszych praktykach lub wymogach prawnych. Wszelkie zmiany zostan\u0105 opublikowane na tej stronie i wska\u017cemy &#8222;dat\u0119 wej\u015bcia w \u017cycie&#8221; zaktualizowanej polityki. Zach\u0119camy do regularnego zapoznawania si\u0119 z niniejsz\u0105 Polityk\u0105, aby mie\u0107 \u015bwiadomo\u015b\u0107, w jaki spos\u00f3b chronimy dane osobowe u\u017cytkownik\u00f3w.<\/p>\n<h4>11. Skontaktuj si\u0119 z nami<\/h4>\n<p>W przypadku jakichkolwiek pyta\u0144, w\u0105tpliwo\u015bci lub pr\u00f3\u015bb dotycz\u0105cych niniejszej polityki prywatno\u015bci lub naszych praktyk przetwarzania danych, prosimy o kontakt pod adresem:<\/p>\n<p>&#8222;Wise Trading Group, UAB<br \/>\nTel: +370 5 2601711<\/p>\n<p>Tel.\/whatsapp: +370 683 14227<\/p>\n<p>E-mail: <a href=\"mailto:hello@wisetg.com\">hello@wisetg.com<\/a><\/p>\n<p>&nbsp;<\/p>\n","protected":false},"excerpt":{"rendered":"<p>Data wej\u015bcia w \u017cycie: 2025-04-01 W Wise Trading Group, UAB (&#8222;my&#8221;, &#8222;nas&#8221;, &#8222;nasz&#8221;, &#8222;nasze&#8221;) jeste\u015bmy mocno zaanga\u017cowani w zapewnienie prywatno\u015bci i ochrony danych osobowych u\u017cytkownik\u00f3w. Niniejsza polityka prywatno\u015bci (&#8222;Polityka&#8221;) opisuje, w jaki spos\u00f3b gromadzimy, wykorzystujemy, przechowujemy, udost\u0119pniamy i chronimy informacje u\u017cytkownika podczas odwiedzania naszej strony internetowej https:\/\/wisetg.com\/ (&#8222;Strona &#8222;) i korzystania z naszych us\u0142ug (&#8222;Us\u0142ugi&#8222;)&#8230;.<\/p>\n","protected":false},"author":1,"featured_media":0,"parent":0,"menu_order":0,"comment_status":"closed","ping_status":"open","template":"","meta":{"_acf_changed":false,"footnotes":""},"class_list":["post-13616","page","type-page","status-publish","hentry"],"acf":[],"_links":{"self":[{"href":"https:\/\/wisetg.com\/pl\/wp-json\/wp\/v2\/pages\/13616","targetHints":{"allow":["GET"]}}],"collection":[{"href":"https:\/\/wisetg.com\/pl\/wp-json\/wp\/v2\/pages"}],"about":[{"href":"https:\/\/wisetg.com\/pl\/wp-json\/wp\/v2\/types\/page"}],"author":[{"embeddable":true,"href":"https:\/\/wisetg.com\/pl\/wp-json\/wp\/v2\/users\/1"}],"replies":[{"embeddable":true,"href":"https:\/\/wisetg.com\/pl\/wp-json\/wp\/v2\/comments?post=13616"}],"version-history":[{"count":1,"href":"https:\/\/wisetg.com\/pl\/wp-json\/wp\/v2\/pages\/13616\/revisions"}],"predecessor-version":[{"id":15916,"href":"https:\/\/wisetg.com\/pl\/wp-json\/wp\/v2\/pages\/13616\/revisions\/15916"}],"wp:attachment":[{"href":"https:\/\/wisetg.com\/pl\/wp-json\/wp\/v2\/media?parent=13616"}],"curies":[{"name":"wp","href":"https:\/\/api.w.org\/{rel}","templated":true}]}}